{"id":18,"date":"2022-09-23T20:37:31","date_gmt":"2022-09-23T20:37:31","guid":{"rendered":"https:\/\/sbhansenologia.com.br\/?page_id=18"},"modified":"2022-09-26T05:39:30","modified_gmt":"2022-09-26T05:39:30","slug":"carta","status":"publish","type":"page","link":"https:\/\/sbhansenologia.com.br\/2022\/carta\/","title":{"rendered":"Carta do Presidente"},"content":{"rendered":"\t\t<div data-elementor-type=\"wp-page\" data-elementor-id=\"18\" class=\"elementor elementor-18\">\n\t\t\t\t\t\t<section class=\"elementor-section elementor-top-section elementor-element elementor-element-0b792dc elementor-section-height-min-height elementor-section-boxed elementor-section-height-default elementor-section-items-middle\" data-id=\"0b792dc\" data-element_type=\"section\">\n\t\t\t\t\t\t\t<div class=\"elementor-background-overlay\"><\/div>\n\t\t\t\t\t\t\t<div class=\"elementor-container elementor-column-gap-default\">\n\t\t\t\t\t<div class=\"elementor-column elementor-col-100 elementor-top-column elementor-element elementor-element-2257acd\" data-id=\"2257acd\" data-element_type=\"column\">\n\t\t\t<div class=\"elementor-widget-wrap elementor-element-populated\">\n\t\t\t\t\t\t\t<\/div>\n\t\t<\/div>\n\t\t\t\t\t<\/div>\n\t\t<\/section>\n\t\t\t\t<section class=\"elementor-section elementor-top-section elementor-element elementor-element-3d4803e elementor-section-boxed elementor-section-height-default elementor-section-height-default\" data-id=\"3d4803e\" data-element_type=\"section\">\n\t\t\t\t\t\t<div class=\"elementor-container elementor-column-gap-default\">\n\t\t\t\t\t<div class=\"elementor-column elementor-col-100 elementor-top-column elementor-element elementor-element-79291e2\" data-id=\"79291e2\" data-element_type=\"column\">\n\t\t\t<div class=\"elementor-widget-wrap elementor-element-populated\">\n\t\t\t\t\t\t<div class=\"elementor-element elementor-element-233622b elementor-widget elementor-widget-text-editor\" data-id=\"233622b\" data-element_type=\"widget\" data-widget_type=\"text-editor.default\">\n\t\t\t\t<div class=\"elementor-widget-container\">\n\t\t\t<style>\/*! elementor - v3.21.0 - 08-05-2024 *\/\n.elementor-widget-text-editor.elementor-drop-cap-view-stacked .elementor-drop-cap{background-color:#69727d;color:#fff}.elementor-widget-text-editor.elementor-drop-cap-view-framed .elementor-drop-cap{color:#69727d;border:3px solid;background-color:transparent}.elementor-widget-text-editor:not(.elementor-drop-cap-view-default) .elementor-drop-cap{margin-top:8px}.elementor-widget-text-editor:not(.elementor-drop-cap-view-default) .elementor-drop-cap-letter{width:1em;height:1em}.elementor-widget-text-editor .elementor-drop-cap{float:left;text-align:center;line-height:1;font-size:50px}.elementor-widget-text-editor .elementor-drop-cap-letter{display:inline-block}<\/style>\t\t\t\t<p>O <strong>16\u00ba Congresso Brasileiro de Hansenologia<\/strong> \u00e9 uma edi\u00e7\u00e3o especial dos congressos da SBH. Nos encontraremos depois de 2 anos sem eventos presenciais, suspensos por conta da pandemia que nos deixou separados, em frente a telas e c\u00e2meras, sentindo falta do calor humano. Ser\u00e1 o congresso do retorno a conviv\u00eancia e das ricas e, por vezes, calorosas, discuss\u00f5es em ambientes pautados pela ci\u00eancia e pela tecnologia, pelo respeito e pela \u00e9tica, t\u00e3o inerentes ao ser humano, em especial neste tema. Conclamamos a todos que venham \u00e0 Vit\u00f3ria participar deste grande encontro.<\/p><p>Durante os \u00faltimos dois anos, passamos por momentos dif\u00edceis e angustiantes, tanto para os que trabalham com a \u00e1rea da sa\u00fade, quanto para aqueles que s\u00e3o acolhidos por n\u00f3s, em especial as pessoas atingidas pela hansen\u00edase.<\/p><p>Logo no in\u00edcio da pandemia, em mar\u00e7o de 2020, a SBH foi uma das primeiras sociedades m\u00e9dicas a preparar, divulgar e disseminar informa\u00e7\u00f5es sobre os poss\u00edveis efeitos da COVID-19 na sua interrela\u00e7\u00e3o com a hansen\u00edase. Preparamos dois documentos que foram traduzidos para as l\u00ednguas espanhola e inglesa, um voltado para os profissionais de sa\u00fade e outro com foco no que a pessoa atingida pela hansen\u00edase poderia fazer para se proteger naquele momento. Defendemos a diminui\u00e7\u00e3o das consultas eletivas, e as portas abertas ao atendimento a pacientes em situa\u00e7\u00e3o de sofrimento agudo, como no caso das rea\u00e7\u00f5es. Defendemos a entrega de mais de um blister de poliquimioterapia (PQT) aos pacientes, com a finalidade de evitar a ida \u00e0 unidade de sa\u00fade, o que acabou n\u00e3o se concretizando por conta de uma grave crise no abastecimento da PQT no ano de 2020, tamb\u00e9m denunciada e discutida pela SBH com o Minist\u00e9rio da Sa\u00fade, com a Organiza\u00e7\u00e3o das Na\u00e7\u00f5es Unidas e com a pr\u00f3pria Organiza\u00e7\u00e3o Mundial da Sa\u00fade.<\/p><p>No final de 2020 realizamos o 11\u00ba Simp\u00f3sio Brasileiro de Hansenologia, totalmente online, com uma alta participa\u00e7\u00e3o dos s\u00f3cios da SBH e j\u00e1 entramos 2021 discutindo o aprofundamento da grave crise de falta de diagn\u00f3sticos durante a pandemia, fazendo com que a detec\u00e7\u00e3o ca\u00edsse cerca de 40% nos anos de 2020 e 2021, e ainda com impacto desconhecido em 2022.<\/p><p>Sempre de forma t\u00e9cnica, discutimos o Protocolo Cl\u00ednico e Diretrizes Terap\u00eauticas (PCDT) com o Minist\u00e9rio da Sa\u00fade, apontando problemas e poss\u00edveis solu\u00e7\u00f5es no documento apresentado, desde a sua primeira vers\u00e3o, at\u00e9 o produto final. O documento precisa de amplas modifica\u00e7\u00f5es, sob pena de afligirmos mais sofrimento \u00e0s pessoas atingidas pela hansen\u00edase, com limita\u00e7\u00f5es de tempo de tratamento, restri\u00e7\u00f5es na aplica\u00e7\u00e3o de esquemas substitutivos, interpreta\u00e7\u00f5es equivocadas de resist\u00eancia medicamentosa, apagamento de defini\u00e7\u00f5es como insufici\u00eancia e fal\u00eancia terap\u00eautica, e conceitos dissonantes sobre a finalidade do uso de testes complementares, alguns finalmente liberados para uso no Sistema \u00danico de Sa\u00fade. Todos estes temas dever\u00e3o ser discutidos durante o nosso congresso.<\/p><p>Finalmente, o ano de 2022 marcou o recome\u00e7o da forma\u00e7\u00e3o de novos hansen\u00f3logos no Brasil. A SBH, em conjunto com a Escola de Sa\u00fade P\u00fablica do Mato Grosso e com o Instituto Capixaba de Pesquisa e Inova\u00e7\u00e3o, e as secretarias de sa\u00fade de ambos os estados, gerou, construiu e detalhou, de modo in\u00e9dito, o primeiro curso de especializa\u00e7\u00e3o em hansenologia para m\u00e9dicos, ap\u00f3s 40 anos. A primeira turma no MT est\u00e1 em pleno andamento, com um aproveitamento muito bom, e a primeira turma no ES dever\u00e1 iniciar em outubro. Somente nestes dois estados, ser\u00e3o 40 novos hansen\u00f3logos formados sob a \u00e9gide de conceitos modernos da hansen\u00edase do s\u00e9culo XXI, que ainda nos acompanhar\u00e1 por algumas d\u00e9cadas, at\u00e9 conseguirmos diagnosticar e tratar precocemente todos os pacientes.<\/p><p>O Esp\u00edrito Santo de praias e montanhas \u00e9 lindo e acolhedor, defende o SUS e a qualifica\u00e7\u00e3o profissional no atendimento \u00e0s pessoas atingidas pela hansen\u00edase, e abriu os bra\u00e7os para receber o 16\u00ba Congresso Brasileiro de Hansenologia com todo o carinho aos profissionais de sa\u00fade do Brasil que trabalham com a hansen\u00edase, e todo o apoio a nossa SBH. Venha participar conosco do congresso do retorno presencial para discutirmos de perto essa doen\u00e7a sist\u00eamica e complexa, ao mesmo tempo em que revemos velhos e novos amigos na atmosfera cient\u00edfica das ricas discuss\u00f5es dos congressos da SBH. Vamos fazer um congresso inesquec\u00edvel.<\/p>\t\t\t\t\t\t<\/div>\n\t\t\t\t<\/div>\n\t\t\t\t\t<\/div>\n\t\t<\/div>\n\t\t\t\t\t<\/div>\n\t\t<\/section>\n\t\t\t\t<\/div>\n\t\t","protected":false},"excerpt":{"rendered":"<p>O 16\u00ba Congresso Brasileiro de Hansenologia \u00e9 uma edi\u00e7\u00e3o especial dos congressos da SBH. Nos encontraremos depois de 2 anos sem eventos presenciais, suspensos por conta da pandemia que nos deixou separados, em frente a telas e c\u00e2meras, sentindo falta do calor humano. Ser\u00e1 o congresso do retorno a conviv\u00eancia e das ricas e, por [&hellip;]<\/p>\n","protected":false},"author":1,"featured_media":0,"parent":0,"menu_order":0,"comment_status":"closed","ping_status":"closed","template":"elementor_header_footer","meta":{"footnotes":""},"aioseo_notices":[],"_links":{"self":[{"href":"https:\/\/sbhansenologia.com.br\/2022\/wp-json\/wp\/v2\/pages\/18"}],"collection":[{"href":"https:\/\/sbhansenologia.com.br\/2022\/wp-json\/wp\/v2\/pages"}],"about":[{"href":"https:\/\/sbhansenologia.com.br\/2022\/wp-json\/wp\/v2\/types\/page"}],"author":[{"embeddable":true,"href":"https:\/\/sbhansenologia.com.br\/2022\/wp-json\/wp\/v2\/users\/1"}],"replies":[{"embeddable":true,"href":"https:\/\/sbhansenologia.com.br\/2022\/wp-json\/wp\/v2\/comments?post=18"}],"version-history":[{"count":23,"href":"https:\/\/sbhansenologia.com.br\/2022\/wp-json\/wp\/v2\/pages\/18\/revisions"}],"predecessor-version":[{"id":292,"href":"https:\/\/sbhansenologia.com.br\/2022\/wp-json\/wp\/v2\/pages\/18\/revisions\/292"}],"wp:attachment":[{"href":"https:\/\/sbhansenologia.com.br\/2022\/wp-json\/wp\/v2\/media?parent=18"}],"curies":[{"name":"wp","href":"https:\/\/api.w.org\/{rel}","templated":true}]}}