{"id":26,"date":"2022-09-23T20:38:54","date_gmt":"2022-09-23T20:38:54","guid":{"rendered":"https:\/\/sbhansenologia.com.br\/?page_id=26"},"modified":"2022-10-05T20:56:30","modified_gmt":"2022-10-05T20:56:30","slug":"comissao-organizadora","status":"publish","type":"page","link":"https:\/\/sbhansenologia.com.br\/2022\/comissao-organizadora\/","title":{"rendered":"Comiss\u00e3o organizadora"},"content":{"rendered":"\t\t<div data-elementor-type=\"wp-page\" data-elementor-id=\"26\" class=\"elementor elementor-26\">\n\t\t\t\t\t\t<section class=\"elementor-section elementor-top-section elementor-element elementor-element-1bb5b80e elementor-section-height-min-height elementor-section-boxed elementor-section-height-default elementor-section-items-middle\" data-id=\"1bb5b80e\" data-element_type=\"section\">\n\t\t\t\t\t\t\t<div class=\"elementor-background-overlay\"><\/div>\n\t\t\t\t\t\t\t<div class=\"elementor-container elementor-column-gap-default\">\n\t\t\t\t\t<div class=\"elementor-column elementor-col-100 elementor-top-column elementor-element elementor-element-61452a05\" data-id=\"61452a05\" data-element_type=\"column\">\n\t\t\t<div class=\"elementor-widget-wrap elementor-element-populated\">\n\t\t\t\t\t\t\t<\/div>\n\t\t<\/div>\n\t\t\t\t\t<\/div>\n\t\t<\/section>\n\t\t\t\t<section class=\"elementor-section elementor-top-section elementor-element elementor-element-f6a5363 elementor-section-boxed elementor-section-height-default elementor-section-height-default\" data-id=\"f6a5363\" data-element_type=\"section\">\n\t\t\t\t\t\t<div class=\"elementor-container elementor-column-gap-default\">\n\t\t\t\t\t<div class=\"elementor-column elementor-col-50 elementor-top-column elementor-element elementor-element-f2092a3\" data-id=\"f2092a3\" data-element_type=\"column\">\n\t\t\t<div class=\"elementor-widget-wrap elementor-element-populated\">\n\t\t\t\t\t\t<div class=\"elementor-element elementor-element-ff725a5 elementor-widget elementor-widget-text-editor\" data-id=\"ff725a5\" data-element_type=\"widget\" data-widget_type=\"text-editor.default\">\n\t\t\t\t<div class=\"elementor-widget-container\">\n\t\t\t<style>\/*! elementor - v3.21.0 - 08-05-2024 *\/\n.elementor-widget-text-editor.elementor-drop-cap-view-stacked .elementor-drop-cap{background-color:#69727d;color:#fff}.elementor-widget-text-editor.elementor-drop-cap-view-framed .elementor-drop-cap{color:#69727d;border:3px solid;background-color:transparent}.elementor-widget-text-editor:not(.elementor-drop-cap-view-default) .elementor-drop-cap{margin-top:8px}.elementor-widget-text-editor:not(.elementor-drop-cap-view-default) .elementor-drop-cap-letter{width:1em;height:1em}.elementor-widget-text-editor .elementor-drop-cap{float:left;text-align:center;line-height:1;font-size:50px}.elementor-widget-text-editor .elementor-drop-cap-letter{display:inline-block}<\/style>\t\t\t\t<ol><li>Apol\u00f4nio de Carvalho Neto Nascimento<\/li><li>Artur Custodio Moreira<\/li><li>Claudio Guedes Salgado (Presidente)<\/li><li>Diogo Fernandes dos Santos<\/li><li>Francisco Bezerra de Almeida Neto<\/li><li>Fred Bernardes Filho<\/li><li>Glauber Voltan<\/li><li>Helena Barbosa Lug\u00e3o<\/li><li>Isabela Maria Bernardes Goulart<\/li><li>Jaci Maria Santana<\/li><li>Jorge Ant\u00f4nio de Almeida<\/li><li>Marcio Cesar Reino Gaggini<\/li><li>Marco Andrey Cipriani Frade<\/li><li>Marcos C\u00e9sar Florian<\/li><li>Maria \u00c2ngela Bianconcini Trindade<\/li><li>Marilda Aparecida Milanez M. de Abreu<\/li><li>Moises Batista da Silva<\/li><li>Patr\u00edcia Duarte Deps<\/li><li>Patr\u00edcia Fagundes da Costa<\/li><li>Patr\u00edcia Sammarco Rosa<\/li><li>Vera L\u00facia Gomes de Andrade<\/li><\/ol>\t\t\t\t\t\t<\/div>\n\t\t\t\t<\/div>\n\t\t\t\t\t<\/div>\n\t\t<\/div>\n\t\t\t\t<div class=\"elementor-column elementor-col-50 elementor-top-column elementor-element elementor-element-d247674\" data-id=\"d247674\" data-element_type=\"column\">\n\t\t\t<div class=\"elementor-widget-wrap elementor-element-populated\">\n\t\t\t\t\t\t<div class=\"elementor-element elementor-element-aa75f7f elementor-widget elementor-widget-text-editor\" data-id=\"aa75f7f\" data-element_type=\"widget\" data-widget_type=\"text-editor.default\">\n\t\t\t\t<div class=\"elementor-widget-container\">\n\t\t\t\t\t\t\t<p><strong>Comiss\u00e3o organizadora LOCAL<\/strong><\/p><ol><li>Patr\u00edcia Duarte Deps (Presidente)<\/li><li>Patr\u00edcia D. Deps (DMS\/PPGDI\/UFES)<\/li><li>Elisabeth Lima M. Aguiar (PM de Serra\/UFES)<\/li><li>Dora Martins Cypreste (Santa Casa de Miseric\u00f3rdia)<\/li><li>Rachel Bertolani do E. Santo (PPGDI\/UFES, SESA e Multivix)<\/li><li>Adriana Vieira Cardoso (SESA)<\/li><li>Taynah Alves Rocha Repsold (PPGDI\/UFES)<\/li><li>Marcello Dalla (SESA\/HUCAM\/UFES)<\/li><li>Vict\u00f3ria Pagani Samora Sousa (iH\/UFES)<\/li><li>Daniel Mariani Favalessa (iH\/UFES)<\/li><\/ol>\t\t\t\t\t\t<\/div>\n\t\t\t\t<\/div>\n\t\t\t\t\t<\/div>\n\t\t<\/div>\n\t\t\t\t\t<\/div>\n\t\t<\/section>\n\t\t\t\t<\/div>\n\t\t","protected":false},"excerpt":{"rendered":"<p>Apol\u00f4nio de Carvalho Neto Nascimento Artur Custodio Moreira Claudio Guedes Salgado (Presidente) Diogo Fernandes dos Santos Francisco Bezerra de Almeida Neto Fred Bernardes Filho Glauber Voltan Helena Barbosa Lug\u00e3o Isabela Maria Bernardes Goulart Jaci Maria Santana Jorge Ant\u00f4nio de Almeida Marcio Cesar Reino Gaggini Marco Andrey Cipriani Frade Marcos C\u00e9sar Florian Maria \u00c2ngela Bianconcini Trindade [&hellip;]<\/p>\n","protected":false},"author":1,"featured_media":0,"parent":0,"menu_order":0,"comment_status":"closed","ping_status":"closed","template":"elementor_header_footer","meta":{"footnotes":""},"aioseo_notices":[],"_links":{"self":[{"href":"https:\/\/sbhansenologia.com.br\/2022\/wp-json\/wp\/v2\/pages\/26"}],"collection":[{"href":"https:\/\/sbhansenologia.com.br\/2022\/wp-json\/wp\/v2\/pages"}],"about":[{"href":"https:\/\/sbhansenologia.com.br\/2022\/wp-json\/wp\/v2\/types\/page"}],"author":[{"embeddable":true,"href":"https:\/\/sbhansenologia.com.br\/2022\/wp-json\/wp\/v2\/users\/1"}],"replies":[{"embeddable":true,"href":"https:\/\/sbhansenologia.com.br\/2022\/wp-json\/wp\/v2\/comments?post=26"}],"version-history":[{"count":7,"href":"https:\/\/sbhansenologia.com.br\/2022\/wp-json\/wp\/v2\/pages\/26\/revisions"}],"predecessor-version":[{"id":554,"href":"https:\/\/sbhansenologia.com.br\/2022\/wp-json\/wp\/v2\/pages\/26\/revisions\/554"}],"wp:attachment":[{"href":"https:\/\/sbhansenologia.com.br\/2022\/wp-json\/wp\/v2\/media?parent=26"}],"curies":[{"name":"wp","href":"https:\/\/api.w.org\/{rel}","templated":true}]}}