{"id":37,"date":"2022-09-23T20:42:04","date_gmt":"2022-09-23T20:42:04","guid":{"rendered":"https:\/\/sbhansenologia.com.br\/?page_id=37"},"modified":"2022-12-06T18:46:04","modified_gmt":"2022-12-06T18:46:04","slug":"trabalhos","status":"publish","type":"page","link":"https:\/\/sbhansenologia.com.br\/2022\/trabalhos\/","title":{"rendered":"Trabalhos Cient\u00edficos"},"content":{"rendered":"\t\t<div data-elementor-type=\"wp-page\" data-elementor-id=\"37\" class=\"elementor elementor-37\">\n\t\t\t\t\t\t<section class=\"elementor-section elementor-top-section elementor-element elementor-element-5fd7c2 elementor-section-height-min-height elementor-section-boxed elementor-section-height-default elementor-section-items-middle\" data-id=\"5fd7c2\" data-element_type=\"section\">\n\t\t\t\t\t\t\t<div class=\"elementor-background-overlay\"><\/div>\n\t\t\t\t\t\t\t<div class=\"elementor-container elementor-column-gap-default\">\n\t\t\t\t\t<div class=\"elementor-column elementor-col-100 elementor-top-column elementor-element elementor-element-1d2604d\" data-id=\"1d2604d\" data-element_type=\"column\">\n\t\t\t<div class=\"elementor-widget-wrap elementor-element-populated\">\n\t\t\t\t\t\t\t<\/div>\n\t\t<\/div>\n\t\t\t\t\t<\/div>\n\t\t<\/section>\n\t\t\t\t<section class=\"elementor-section elementor-top-section elementor-element elementor-element-2ba72e97 elementor-section-boxed elementor-section-height-default elementor-section-height-default\" data-id=\"2ba72e97\" data-element_type=\"section\">\n\t\t\t\t\t\t<div class=\"elementor-container elementor-column-gap-default\">\n\t\t\t\t\t<div class=\"elementor-column elementor-col-33 elementor-top-column elementor-element elementor-element-4d3496c2\" data-id=\"4d3496c2\" data-element_type=\"column\">\n\t\t\t<div class=\"elementor-widget-wrap elementor-element-populated\">\n\t\t\t\t\t\t<div class=\"elementor-element elementor-element-454b43cd elementor-widget elementor-widget-heading\" data-id=\"454b43cd\" data-element_type=\"widget\" data-widget_type=\"heading.default\">\n\t\t\t\t<div class=\"elementor-widget-container\">\n\t\t\t<style>\/*! elementor - v3.21.0 - 08-05-2024 *\/\n.elementor-heading-title{padding:0;margin:0;line-height:1}.elementor-widget-heading .elementor-heading-title[class*=elementor-size-]>a{color:inherit;font-size:inherit;line-height:inherit}.elementor-widget-heading .elementor-heading-title.elementor-size-small{font-size:15px}.elementor-widget-heading .elementor-heading-title.elementor-size-medium{font-size:19px}.elementor-widget-heading .elementor-heading-title.elementor-size-large{font-size:29px}.elementor-widget-heading .elementor-heading-title.elementor-size-xl{font-size:39px}.elementor-widget-heading .elementor-heading-title.elementor-size-xxl{font-size:59px}<\/style><h2 class=\"elementor-heading-title elementor-size-default\">07\/11<\/h2>\t\t<\/div>\n\t\t\t\t<\/div>\n\t\t\t\t<div class=\"elementor-element elementor-element-1bb0db9d elementor-widget elementor-widget-heading\" data-id=\"1bb0db9d\" data-element_type=\"widget\" data-widget_type=\"heading.default\">\n\t\t\t\t<div class=\"elementor-widget-container\">\n\t\t\t<h2 class=\"elementor-heading-title elementor-size-default\">Limite submiss\u00e3o<\/h2>\t\t<\/div>\n\t\t\t\t<\/div>\n\t\t\t\t\t<\/div>\n\t\t<\/div>\n\t\t\t\t<div class=\"elementor-column elementor-col-33 elementor-top-column elementor-element elementor-element-3c8dfc88\" data-id=\"3c8dfc88\" data-element_type=\"column\">\n\t\t\t<div class=\"elementor-widget-wrap elementor-element-populated\">\n\t\t\t\t\t\t<div class=\"elementor-element elementor-element-223be23e elementor-widget elementor-widget-heading\" data-id=\"223be23e\" data-element_type=\"widget\" data-widget_type=\"heading.default\">\n\t\t\t\t<div class=\"elementor-widget-container\">\n\t\t\t<h2 class=\"elementor-heading-title elementor-size-default\">10<\/h2>\t\t<\/div>\n\t\t\t\t<\/div>\n\t\t\t\t<div class=\"elementor-element elementor-element-1cafe573 elementor-widget elementor-widget-heading\" data-id=\"1cafe573\" data-element_type=\"widget\" data-widget_type=\"heading.default\">\n\t\t\t\t<div class=\"elementor-widget-container\">\n\t\t\t<h2 class=\"elementor-heading-title elementor-size-default\">M\u00e1ximo de autores por resumo <\/h2>\t\t<\/div>\n\t\t\t\t<\/div>\n\t\t\t\t\t<\/div>\n\t\t<\/div>\n\t\t\t\t<div class=\"elementor-column elementor-col-33 elementor-top-column elementor-element elementor-element-5d349dc3\" data-id=\"5d349dc3\" data-element_type=\"column\">\n\t\t\t<div class=\"elementor-widget-wrap elementor-element-populated\">\n\t\t\t\t\t\t<div class=\"elementor-element elementor-element-6d0f7b68 elementor-widget elementor-widget-heading\" data-id=\"6d0f7b68\" data-element_type=\"widget\" data-widget_type=\"heading.default\">\n\t\t\t\t<div class=\"elementor-widget-container\">\n\t\t\t<h2 class=\"elementor-heading-title elementor-size-default\">03\/11<\/h2>\t\t<\/div>\n\t\t\t\t<\/div>\n\t\t\t\t<div class=\"elementor-element elementor-element-5ea632d0 elementor-widget elementor-widget-heading\" data-id=\"5ea632d0\" data-element_type=\"widget\" data-widget_type=\"heading.default\">\n\t\t\t\t<div class=\"elementor-widget-container\">\n\t\t\t<h2 class=\"elementor-heading-title elementor-size-default\">Limite pagto. inscri\u00e7\u00e3o<\/h2>\t\t<\/div>\n\t\t\t\t<\/div>\n\t\t\t\t\t<\/div>\n\t\t<\/div>\n\t\t\t\t\t<\/div>\n\t\t<\/section>\n\t\t\t\t<section class=\"elementor-section elementor-top-section elementor-element elementor-element-5c83f8ce elementor-section-boxed elementor-section-height-default elementor-section-height-default\" data-id=\"5c83f8ce\" data-element_type=\"section\">\n\t\t\t\t\t\t<div class=\"elementor-container elementor-column-gap-default\">\n\t\t\t\t\t<div class=\"elementor-column elementor-col-100 elementor-top-column elementor-element elementor-element-de227c6\" data-id=\"de227c6\" data-element_type=\"column\">\n\t\t\t<div class=\"elementor-widget-wrap elementor-element-populated\">\n\t\t\t\t\t\t<div class=\"elementor-element elementor-element-78ee7bb6 elementor-widget elementor-widget-accordion\" data-id=\"78ee7bb6\" data-element_type=\"widget\" data-widget_type=\"accordion.default\">\n\t\t\t\t<div class=\"elementor-widget-container\">\n\t\t\t<style>\/*! elementor - v3.21.0 - 08-05-2024 *\/\n.elementor-accordion{text-align:start}.elementor-accordion .elementor-accordion-item{border:1px solid #d5d8dc}.elementor-accordion .elementor-accordion-item+.elementor-accordion-item{border-top:none}.elementor-accordion .elementor-tab-title{margin:0;padding:15px 20px;font-weight:700;line-height:1;cursor:pointer;outline:none}.elementor-accordion .elementor-tab-title .elementor-accordion-icon{display:inline-block;width:1.5em}.elementor-accordion .elementor-tab-title .elementor-accordion-icon svg{width:1em;height:1em}.elementor-accordion .elementor-tab-title .elementor-accordion-icon.elementor-accordion-icon-right{float:right;text-align:right}.elementor-accordion .elementor-tab-title .elementor-accordion-icon.elementor-accordion-icon-left{float:left;text-align:left}.elementor-accordion .elementor-tab-title .elementor-accordion-icon .elementor-accordion-icon-closed{display:block}.elementor-accordion .elementor-tab-title .elementor-accordion-icon .elementor-accordion-icon-opened,.elementor-accordion .elementor-tab-title.elementor-active .elementor-accordion-icon-closed{display:none}.elementor-accordion .elementor-tab-title.elementor-active .elementor-accordion-icon-opened{display:block}.elementor-accordion .elementor-tab-content{display:none;padding:15px 20px;border-top:1px solid #d5d8dc}@media (max-width:767px){.elementor-accordion .elementor-tab-title{padding:12px 15px}.elementor-accordion .elementor-tab-title .elementor-accordion-icon{width:1.2em}.elementor-accordion .elementor-tab-content{padding:7px 15px}}.e-con-inner>.elementor-widget-accordion,.e-con>.elementor-widget-accordion{width:var(--container-widget-width);--flex-grow:var(--container-widget-flex-grow)}<\/style>\t\t<div class=\"elementor-accordion\">\n\t\t\t\t\t\t\t<div class=\"elementor-accordion-item\">\n\t\t\t\t\t<div id=\"elementor-tab-title-2021\" class=\"elementor-tab-title\" data-tab=\"1\" role=\"button\" aria-controls=\"elementor-tab-content-2021\" aria-expanded=\"false\">\n\t\t\t\t\t\t\t\t\t\t\t\t\t<span class=\"elementor-accordion-icon elementor-accordion-icon-left\" aria-hidden=\"true\">\n\t\t\t\t\t\t\t\t\t\t\t\t\t\t\t<span class=\"elementor-accordion-icon-closed\"><i class=\"fas fa-plus\"><\/i><\/span>\n\t\t\t\t\t\t\t\t<span class=\"elementor-accordion-icon-opened\"><i class=\"fas fa-minus\"><\/i><\/span>\n\t\t\t\t\t\t\t\t\t\t\t\t\t\t<\/span>\n\t\t\t\t\t\t\t\t\t\t\t\t<a class=\"elementor-accordion-title\" tabindex=\"0\">Publica\u00e7\u00f5es<\/a>\n\t\t\t\t\t<\/div>\n\t\t\t\t\t<div id=\"elementor-tab-content-2021\" class=\"elementor-tab-content elementor-clearfix\" data-tab=\"1\" role=\"region\" aria-labelledby=\"elementor-tab-title-2021\"><p>Trabalhos Aprovados <a href=\"https:\/\/sbhansenologia.com.br\/2022\/wp-content\/uploads\/2022\/12\/Programacao-resumos.pdf\" target=\"_blank\" rel=\"noopener\">Clique aqui<\/a><\/p><p>Template de Apresenta\u00e7\u00e3o <a href=\"https:\/\/sbhansenologia.com.br\/2022\/wp-content\/uploads\/2022\/12\/Template-16\u00b0-Congresso-Brasileiro-de-Hansenologia-1.pptx\" target=\"_blank\" rel=\"noopener\">Clique aqui<\/a><\/p><\/div>\n\t\t\t\t<\/div>\n\t\t\t\t\t\t\t\t<\/div>\n\t\t\t\t<\/div>\n\t\t\t\t<\/div>\n\t\t\t\t\t<\/div>\n\t\t<\/div>\n\t\t\t\t\t<\/div>\n\t\t<\/section>\n\t\t\t\t<section class=\"elementor-section elementor-top-section elementor-element elementor-element-255f7561 elementor-hidden-desktop elementor-hidden-tablet elementor-hidden-mobile elementor-section-boxed elementor-section-height-default elementor-section-height-default\" data-id=\"255f7561\" data-element_type=\"section\">\n\t\t\t\t\t\t<div class=\"elementor-container elementor-column-gap-default\">\n\t\t\t\t\t<div class=\"elementor-column elementor-col-33 elementor-top-column elementor-element elementor-element-17c006c5\" data-id=\"17c006c5\" data-element_type=\"column\">\n\t\t\t<div class=\"elementor-widget-wrap\">\n\t\t\t\t\t\t\t<\/div>\n\t\t<\/div>\n\t\t\t\t<div class=\"elementor-column elementor-col-33 elementor-top-column elementor-element elementor-element-59aad642\" data-id=\"59aad642\" data-element_type=\"column\">\n\t\t\t<div class=\"elementor-widget-wrap\">\n\t\t\t\t\t\t\t<\/div>\n\t\t<\/div>\n\t\t\t\t<div class=\"elementor-column elementor-col-33 elementor-top-column elementor-element elementor-element-2c83c023\" data-id=\"2c83c023\" data-element_type=\"column\">\n\t\t\t<div class=\"elementor-widget-wrap elementor-element-populated\">\n\t\t\t\t\t\t<div class=\"elementor-element elementor-element-1d913469 elementor-align-justify elementor-widget elementor-widget-button\" data-id=\"1d913469\" data-element_type=\"widget\" data-widget_type=\"button.default\">\n\t\t\t\t<div class=\"elementor-widget-container\">\n\t\t\t\t\t<div class=\"elementor-button-wrapper\">\n\t\t\t<a class=\"elementor-button elementor-button-link elementor-size-md\" href=\"https:\/\/coeps.com.br\/login\/\">\n\t\t\t\t\t\t<span class=\"elementor-button-content-wrapper\">\n\t\t\t\t\t\t<span class=\"elementor-button-icon elementor-align-icon-left\">\n\t\t\t\t<i aria-hidden=\"true\" class=\"far fa-clipboard\"><\/i>\t\t\t<\/span>\n\t\t\t\t\t\t\t\t\t<span class=\"elementor-button-text\">Enviar Trabalho<\/span>\n\t\t\t\t\t<\/span>\n\t\t\t\t\t<\/a>\n\t\t<\/div>\n\t\t\t\t<\/div>\n\t\t\t\t<\/div>\n\t\t\t\t\t<\/div>\n\t\t<\/div>\n\t\t\t\t\t<\/div>\n\t\t<\/section>\n\t\t\t\t<section class=\"elementor-section elementor-top-section elementor-element elementor-element-1651f902 elementor-section-content-middle elementor-section-boxed elementor-section-height-default elementor-section-height-default\" data-id=\"1651f902\" data-element_type=\"section\">\n\t\t\t\t\t\t<div class=\"elementor-container elementor-column-gap-no\">\n\t\t\t\t\t<div class=\"elementor-column elementor-col-100 elementor-top-column elementor-element elementor-element-5199e640\" data-id=\"5199e640\" data-element_type=\"column\">\n\t\t\t<div class=\"elementor-widget-wrap elementor-element-populated\">\n\t\t\t\t\t\t<div class=\"elementor-element elementor-element-43bc9490 elementor-widget elementor-widget-text-editor\" data-id=\"43bc9490\" data-element_type=\"widget\" data-widget_type=\"text-editor.default\">\n\t\t\t\t<div class=\"elementor-widget-container\">\n\t\t\t<style>\/*! elementor - v3.21.0 - 08-05-2024 *\/\n.elementor-widget-text-editor.elementor-drop-cap-view-stacked .elementor-drop-cap{background-color:#69727d;color:#fff}.elementor-widget-text-editor.elementor-drop-cap-view-framed .elementor-drop-cap{color:#69727d;border:3px solid;background-color:transparent}.elementor-widget-text-editor:not(.elementor-drop-cap-view-default) .elementor-drop-cap{margin-top:8px}.elementor-widget-text-editor:not(.elementor-drop-cap-view-default) .elementor-drop-cap-letter{width:1em;height:1em}.elementor-widget-text-editor .elementor-drop-cap{float:left;text-align:center;line-height:1;font-size:50px}.elementor-widget-text-editor .elementor-drop-cap-letter{display:inline-block}<\/style>\t\t\t\t<p>Data limite de envio do trabalho: At\u00e9 <strong><del>1\u00ba de novembro de 2022<\/del>\u00a0 <\/strong>prorrogado para<strong> 07 de novembro de 2022<\/strong>.<\/p><p>A Comiss\u00e3o Cient\u00edfica determinar\u00e1 o dia, hor\u00e1rio e formato de apresenta\u00e7\u00e3o do trabalho (Oral ou P\u00f4ster).<\/p><p>Os trabalhos dever\u00e3o ser enviados de acordo com as categorias: TRABALHO DE INVESTIGA\u00c7\u00c3O ou CASO CL\u00cdNICO\/RELATO DE EXPERI\u00caNCIA, distribu\u00eddos para uma das \u00e1reas abaixo:<\/p><ol><li>Biologia Molecular e Gen\u00e9tica.<\/li><li>Imunologia<\/li><li>Cl\u00ednica e Terap\u00eautica.<\/li><li>Epidemiologia e Controle.<\/li><li>Hist\u00f3ria, Direitos Humanos e Ci\u00eancias Sociais.<\/li><li>Preven\u00e7\u00e3o de Incapacidades e Reabilita\u00e7\u00e3o.<\/li><\/ol><p><strong>ATEN\u00c7\u00c3O:<\/strong> \u00c9 de grande import\u00e2ncia a digita\u00e7\u00e3o correta e completa das informa\u00e7\u00f5es do resumo no ato da inscri\u00e7\u00e3o, pois essas informa\u00e7\u00f5es ser\u00e3o utilizadas para emiss\u00e3o do certificado e na publica\u00e7\u00e3o do resumo nos Anais do Congresso.\u00a0 Institui\u00e7\u00f5es e nomes dos autores n\u00e3o devem ser abreviados. AP\u00d3S A SUBMISS\u00c3O DO RESUMO N\u00c3O SER\u00c1 AUTORIZADO CORRE\u00c7\u00d5ES OU ALTERA\u00c7\u00c3O DE DADOS NO TRABALHO SUBMETIDO.<\/p><p>Cabe ao(s) autor(es) selecionar(em) a \u00e1rea de conhecimento do trabalho. Entretanto, a Comiss\u00e3o Cient\u00edfica poder\u00e1 remanejar o trabalho para outra \u00e1rea, caso julgue mais adequado.<\/p><p>O apresentador do trabalho n\u00e3o necessariamente ser\u00e1 o autor principal (primeiro autor) e dever\u00e1 estar inscrito no Congresso at\u00e9 a data limite de envio do trabalho, ou seja, at\u00e9 o dia <strong>7 de novembro <\/strong><strong>\u00a0de 2022<\/strong>. A inscri\u00e7\u00e3o dever\u00e1 estar quitada at\u00e9 o dia <strong>10 de novembro de 2022<\/strong> para que o trabalho seja apresentado e publicado. Os demais autores que quiserem participar do evento dever\u00e3o estar inscritos e pagar a taxa de inscri\u00e7\u00e3o normalmente, sendo que n\u00e3o dever\u00e3o reenviar o trabalho.<\/p><p>A rela\u00e7\u00e3o dos trabalhos aprovados estar\u00e1 dispon\u00edvel no site a partir da data de in\u00edcio da submiss\u00e3o. Ser\u00e1 enviado um e-mail para o autor que submeteu o resumo no sistema com a carta de aceite informando o formato (Apresenta\u00e7\u00e3o Oral ou P\u00f4ster) e as regras de apresenta\u00e7\u00e3o do trabalho.<\/p><p>Todas as notifica\u00e7\u00f5es ser\u00e3o enviadas por meio de e-mail. Fique atento em sua conta web, se ela estiver cadastrada atrav\u00e9s de contas como Hotmail, Gmail, Yahoo, entre outras, as mensagens podem ser consideradas SPAM. Solicitamos que os autores fiquem atentos a estas informa\u00e7\u00f5es.<\/p><p>A organiza\u00e7\u00e3o do evento reserva-se o direito de publicar o resumo do trabalho de forma impressa ou eletr\u00f4nica. Todos os trabalhos aceitos ser\u00e3o selecionados para publica\u00e7\u00e3o na revista <em>Hansenologia Internationalis<\/em>, seja apresenta\u00e7\u00e3o oral ou p\u00f4ster, em sess\u00f5es espec\u00edficas durante o Congresso.<\/p><p>REGRAS PARA ELABORA\u00c7\u00c3O DO RESUMO<\/p><p>Idioma: Portugu\u00eas<\/p><p>Tamanho m\u00e1ximo: 500 palavras, exclu\u00eddos o t\u00edtulo, autores, institui\u00e7\u00e3o e palavras-chave.<\/p><p>APRESENTA\u00c7\u00c3O DO RESUMO: A submiss\u00e3o do resumo ser\u00e1 realizada online, ap\u00f3s a conclus\u00e3o da inscri\u00e7\u00e3o. O preenchimento do resumo \u00e9 dividido em etapas: T\u00edtulo e \u00c1rea, Institui\u00e7\u00e3o e Autores. Na etapa final, o autor dever\u00e1 digitar o conte\u00fado do resumo divido em blocos, de acordo com a CATEGORIA DO RESUMO: Trabalho de Investiga\u00e7\u00e3o OU Caso Cl\u00ednico\/Relato de Experi\u00eancia.<\/p><p>O resumo do <strong>TRABALHO DE INVESTIGA\u00c7\u00c3O<\/strong> dever\u00e1 conter:<\/p><p>Introdu\u00e7\u00e3o: Breve descri\u00e7\u00e3o do problema a ser estudado.<\/p><p>Objetivos: O que os autores desejam obter com o trabalho.<\/p><p>Metodologia: Descrever casu\u00edstica e m\u00e9todos utilizados para coleta e an\u00e1lise dos dados.<\/p><p>Resultados: Apresentar os resultados relevantes.<\/p><p>Conclus\u00f5es: Devem estar relacionadas aos objetivos e resultados.<\/p><p>O resumo de <strong>CASO CL\u00cdNICO\/RELATO DE EXPERI\u00caNCIA<\/strong> dever\u00e1 conter:<\/p><p>Introdu\u00e7\u00e3o: Breve descri\u00e7\u00e3o do problema a ser estudado.<\/p><p>Apresenta\u00e7\u00e3o do Caso\/Relato de Experi\u00eancia: Descrever resumidamente os dados mais relevantes do caso\/relato de experi\u00eancia.<\/p><p>Discuss\u00e3o e Conclus\u00e3o: Descrever a relev\u00e2ncia do caso\/relato, discutindo os pontos mais importantes.<\/p><p>Coment\u00e1rios Finais: Justificativa para apresenta\u00e7\u00e3o.<\/p><p>Palavras-Chave: informar at\u00e9 cinco palavras-chave ap\u00f3s consulta no DECS &#8211; http:\/\/decs.bvs.br\/<\/p><p>Agradecimentos e apoio financeiro n\u00e3o s\u00e3o obrigat\u00f3rios e, se inclusos, devem ser descritos ao final do resumo, ap\u00f3s as palavras-chave.<\/p><p>ATEN\u00c7\u00c3O: O Resumo N\u00c3O dever\u00e1 conter cita\u00e7\u00f5es bibliogr\u00e1ficas, pensamentos, figuras, tabelas, nem refer\u00eancias bibliogr\u00e1ficas.<\/p>\t\t\t\t\t\t<\/div>\n\t\t\t\t<\/div>\n\t\t\t\t\t<\/div>\n\t\t<\/div>\n\t\t\t\t\t<\/div>\n\t\t<\/section>\n\t\t\t\t<section class=\"elementor-section elementor-top-section elementor-element elementor-element-137a95c8 elementor-section-boxed elementor-section-height-default elementor-section-height-default\" data-id=\"137a95c8\" data-element_type=\"section\">\n\t\t\t\t\t\t<div class=\"elementor-container elementor-column-gap-default\">\n\t\t\t\t\t<div class=\"elementor-column elementor-col-33 elementor-top-column elementor-element elementor-element-542be9f1\" data-id=\"542be9f1\" data-element_type=\"column\">\n\t\t\t<div class=\"elementor-widget-wrap\">\n\t\t\t\t\t\t\t<\/div>\n\t\t<\/div>\n\t\t\t\t<div class=\"elementor-column elementor-col-33 elementor-top-column elementor-element elementor-element-5891d742\" data-id=\"5891d742\" data-element_type=\"column\">\n\t\t\t<div class=\"elementor-widget-wrap\">\n\t\t\t\t\t\t\t<\/div>\n\t\t<\/div>\n\t\t\t\t<div class=\"elementor-column elementor-col-33 elementor-top-column elementor-element elementor-element-7a72088c\" data-id=\"7a72088c\" data-element_type=\"column\">\n\t\t\t<div class=\"elementor-widget-wrap elementor-element-populated\">\n\t\t\t\t\t\t<div class=\"elementor-element elementor-element-6e81bcd7 elementor-align-justify elementor-widget elementor-widget-button\" data-id=\"6e81bcd7\" data-element_type=\"widget\" data-widget_type=\"button.default\">\n\t\t\t\t<div class=\"elementor-widget-container\">\n\t\t\t\t\t<div class=\"elementor-button-wrapper\">\n\t\t\t<a class=\"elementor-button elementor-button-link elementor-size-md\" href=\"https:\/\/sbhansenologia.com.br\/2022\/login\/\">\n\t\t\t\t\t\t<span class=\"elementor-button-content-wrapper\">\n\t\t\t\t\t\t<span class=\"elementor-button-icon elementor-align-icon-left\">\n\t\t\t\t<i aria-hidden=\"true\" class=\"far fa-clipboard\"><\/i>\t\t\t<\/span>\n\t\t\t\t\t\t\t\t\t<span class=\"elementor-button-text\">Enviar Trabalho<\/span>\n\t\t\t\t\t<\/span>\n\t\t\t\t\t<\/a>\n\t\t<\/div>\n\t\t\t\t<\/div>\n\t\t\t\t<\/div>\n\t\t\t\t\t<\/div>\n\t\t<\/div>\n\t\t\t\t\t<\/div>\n\t\t<\/section>\n\t\t\t\t<\/div>\n\t\t","protected":false},"excerpt":{"rendered":"<p>07\/11 Limite submiss\u00e3o 10 M\u00e1ximo de autores por resumo 03\/11 Limite pagto. inscri\u00e7\u00e3o Publica\u00e7\u00f5es Trabalhos Aprovados Clique aqui Template de Apresenta\u00e7\u00e3o Clique aqui Enviar Trabalho Data limite de envio do trabalho: At\u00e9 1\u00ba de novembro de 2022\u00a0 prorrogado para 07 de novembro de 2022. A Comiss\u00e3o Cient\u00edfica determinar\u00e1 o dia, hor\u00e1rio e formato de apresenta\u00e7\u00e3o [&hellip;]<\/p>\n","protected":false},"author":1,"featured_media":0,"parent":0,"menu_order":0,"comment_status":"closed","ping_status":"closed","template":"elementor_header_footer","meta":{"footnotes":""},"aioseo_notices":[],"_links":{"self":[{"href":"https:\/\/sbhansenologia.com.br\/2022\/wp-json\/wp\/v2\/pages\/37"}],"collection":[{"href":"https:\/\/sbhansenologia.com.br\/2022\/wp-json\/wp\/v2\/pages"}],"about":[{"href":"https:\/\/sbhansenologia.com.br\/2022\/wp-json\/wp\/v2\/types\/page"}],"author":[{"embeddable":true,"href":"https:\/\/sbhansenologia.com.br\/2022\/wp-json\/wp\/v2\/users\/1"}],"replies":[{"embeddable":true,"href":"https:\/\/sbhansenologia.com.br\/2022\/wp-json\/wp\/v2\/comments?post=37"}],"version-history":[{"count":59,"href":"https:\/\/sbhansenologia.com.br\/2022\/wp-json\/wp\/v2\/pages\/37\/revisions"}],"predecessor-version":[{"id":759,"href":"https:\/\/sbhansenologia.com.br\/2022\/wp-json\/wp\/v2\/pages\/37\/revisions\/759"}],"wp:attachment":[{"href":"https:\/\/sbhansenologia.com.br\/2022\/wp-json\/wp\/v2\/media?parent=37"}],"curies":[{"name":"wp","href":"https:\/\/api.w.org\/{rel}","templated":true}]}}