{"id":46,"date":"2022-09-23T20:46:32","date_gmt":"2022-09-23T20:46:32","guid":{"rendered":"https:\/\/sbhansenologia.com.br\/?page_id=46"},"modified":"2022-10-10T19:48:05","modified_gmt":"2022-10-10T19:48:05","slug":"prova-de-titulo","status":"publish","type":"page","link":"https:\/\/sbhansenologia.com.br\/2022\/prova-de-titulo\/","title":{"rendered":"Prova de T\u00edtulo"},"content":{"rendered":"\t\t<div data-elementor-type=\"wp-page\" data-elementor-id=\"46\" class=\"elementor elementor-46\">\n\t\t\t\t\t\t<section class=\"elementor-section elementor-top-section elementor-element elementor-element-7dfc9438 elementor-section-height-min-height elementor-section-boxed elementor-section-height-default elementor-section-items-middle\" data-id=\"7dfc9438\" data-element_type=\"section\">\n\t\t\t\t\t\t\t<div class=\"elementor-background-overlay\"><\/div>\n\t\t\t\t\t\t\t<div class=\"elementor-container elementor-column-gap-default\">\n\t\t\t\t\t<div class=\"elementor-column elementor-col-100 elementor-top-column elementor-element elementor-element-2ad1d118\" data-id=\"2ad1d118\" data-element_type=\"column\">\n\t\t\t<div class=\"elementor-widget-wrap elementor-element-populated\">\n\t\t\t\t\t\t\t<\/div>\n\t\t<\/div>\n\t\t\t\t\t<\/div>\n\t\t<\/section>\n\t\t\t\t<section class=\"elementor-section elementor-top-section elementor-element elementor-element-ca2d0d6 elementor-section-boxed elementor-section-height-default elementor-section-height-default\" data-id=\"ca2d0d6\" data-element_type=\"section\">\n\t\t\t\t\t\t<div class=\"elementor-container elementor-column-gap-default\">\n\t\t\t\t\t<div class=\"elementor-column elementor-col-100 elementor-top-column elementor-element elementor-element-1a7f5bc\" data-id=\"1a7f5bc\" data-element_type=\"column\">\n\t\t\t<div class=\"elementor-widget-wrap elementor-element-populated\">\n\t\t\t\t\t\t<div class=\"elementor-element elementor-element-e8ffc71 elementor-widget elementor-widget-text-editor\" data-id=\"e8ffc71\" data-element_type=\"widget\" data-widget_type=\"text-editor.default\">\n\t\t\t\t<div class=\"elementor-widget-container\">\n\t\t\t<style>\/*! elementor - v3.21.0 - 08-05-2024 *\/\n.elementor-widget-text-editor.elementor-drop-cap-view-stacked .elementor-drop-cap{background-color:#69727d;color:#fff}.elementor-widget-text-editor.elementor-drop-cap-view-framed .elementor-drop-cap{color:#69727d;border:3px solid;background-color:transparent}.elementor-widget-text-editor:not(.elementor-drop-cap-view-default) .elementor-drop-cap{margin-top:8px}.elementor-widget-text-editor:not(.elementor-drop-cap-view-default) .elementor-drop-cap-letter{width:1em;height:1em}.elementor-widget-text-editor .elementor-drop-cap{float:left;text-align:center;line-height:1;font-size:50px}.elementor-widget-text-editor .elementor-drop-cap-letter{display:inline-block}<\/style>\t\t\t\t<p><strong>EDITAL DE CONVOCA\u00c7\u00c3O DO EXAME DE SUFICI\u00caNCIA PARA OBTEN\u00c7\u00c3O DO<\/strong><br \/><strong>CERTIFICADO DE \u00c1REA DE ATUA\u00c7\u00c3O EM HANSENOLOGIA<\/strong><\/p><p><strong>Local:<\/strong> Vit\u00f3ria (ES)<br \/><strong>Data das provas:<\/strong> 07 de dezembro de 2022<\/p><p>Pelo presente edital, a Sociedade Brasileira de Hansenologia (SBH) promover\u00e1 o Exame de Sufici\u00eancia para a obten\u00e7\u00e3o do Certificado de \u00c1rea de Atua\u00e7\u00e3o em Hansenologia, de acordo com a resolu\u00e7\u00e3o da Associa\u00e7\u00e3o M\u00e9dica Brasileira (AMB), juntamente com o Conselho Federal de Medicina (CFM), ratificado atrav\u00e9s das Resolu\u00e7\u00f5es 2.221, de 23 de novembro de 2018 e 2.068, de 03 de janeiro de 2014.<\/p><p><strong>Comiss\u00e3o Organizadora do Exame de Sufici\u00eancia para a obten\u00e7\u00e3o do Certificado de \u00c1rea de Atua\u00e7\u00e3o em Hansenologia-2022<\/strong><\/p><p>Dr. Jos\u00e9 Antonio Garbino<br \/>Dr. M\u00e1rcio Cesar Reino Gaggini<br \/>Dr. Marco Andrey Cipriani Frade<br \/>Dr. Marcos Cesar Florian (presidente)<br \/>Dr. Marcos da Cunha Lopes Virmond<br \/>Dra. Maria \u00c2ngela Bianconcini Trindade<br \/>Dra. Patr\u00edcia Duarte Deps<\/p>\t\t\t\t\t\t<\/div>\n\t\t\t\t<\/div>\n\t\t\t\t<section class=\"elementor-section elementor-inner-section elementor-element elementor-element-5cc5295 elementor-section-boxed elementor-section-height-default elementor-section-height-default\" data-id=\"5cc5295\" data-element_type=\"section\">\n\t\t\t\t\t\t<div class=\"elementor-container elementor-column-gap-default\">\n\t\t\t\t\t<div class=\"elementor-column elementor-col-50 elementor-inner-column elementor-element elementor-element-6514e40\" data-id=\"6514e40\" data-element_type=\"column\">\n\t\t\t<div class=\"elementor-widget-wrap elementor-element-populated\">\n\t\t\t\t\t\t<div class=\"elementor-element elementor-element-21d7ef4 elementor-mobile-align-justify elementor-widget elementor-widget-button\" data-id=\"21d7ef4\" data-element_type=\"widget\" data-widget_type=\"button.default\">\n\t\t\t\t<div class=\"elementor-widget-container\">\n\t\t\t\t\t<div class=\"elementor-button-wrapper\">\n\t\t\t<a class=\"elementor-button elementor-button-link elementor-size-sm\" href=\"https:\/\/sbhansenologia.com.br\/2022\/wp-content\/uploads\/2022\/09\/Edital_prova_proficiencia_titulo_SBH_2022-1.pdf\" target=\"_blank\">\n\t\t\t\t\t\t<span class=\"elementor-button-content-wrapper\">\n\t\t\t\t\t\t\t\t\t<span class=\"elementor-button-text\">Ver edital de convoca\u00e7\u00e3o<\/span>\n\t\t\t\t\t<\/span>\n\t\t\t\t\t<\/a>\n\t\t<\/div>\n\t\t\t\t<\/div>\n\t\t\t\t<\/div>\n\t\t\t\t\t<\/div>\n\t\t<\/div>\n\t\t\t\t<div class=\"elementor-column elementor-col-50 elementor-inner-column elementor-element elementor-element-12a167b\" data-id=\"12a167b\" data-element_type=\"column\">\n\t\t\t<div class=\"elementor-widget-wrap\">\n\t\t\t\t\t\t\t<\/div>\n\t\t<\/div>\n\t\t\t\t\t<\/div>\n\t\t<\/section>\n\t\t\t\t\t<\/div>\n\t\t<\/div>\n\t\t\t\t\t<\/div>\n\t\t<\/section>\n\t\t\t\t<\/div>\n\t\t","protected":false},"excerpt":{"rendered":"<p>EDITAL DE CONVOCA\u00c7\u00c3O DO EXAME DE SUFICI\u00caNCIA PARA OBTEN\u00c7\u00c3O DOCERTIFICADO DE \u00c1REA DE ATUA\u00c7\u00c3O EM HANSENOLOGIA Local: Vit\u00f3ria (ES)Data das provas: 07 de dezembro de 2022 Pelo presente edital, a Sociedade Brasileira de Hansenologia (SBH) promover\u00e1 o Exame de Sufici\u00eancia para a obten\u00e7\u00e3o do Certificado de \u00c1rea de Atua\u00e7\u00e3o em Hansenologia, de acordo com a [&hellip;]<\/p>\n","protected":false},"author":1,"featured_media":0,"parent":0,"menu_order":0,"comment_status":"closed","ping_status":"closed","template":"elementor_header_footer","meta":{"footnotes":""},"aioseo_notices":[],"_links":{"self":[{"href":"https:\/\/sbhansenologia.com.br\/2022\/wp-json\/wp\/v2\/pages\/46"}],"collection":[{"href":"https:\/\/sbhansenologia.com.br\/2022\/wp-json\/wp\/v2\/pages"}],"about":[{"href":"https:\/\/sbhansenologia.com.br\/2022\/wp-json\/wp\/v2\/types\/page"}],"author":[{"embeddable":true,"href":"https:\/\/sbhansenologia.com.br\/2022\/wp-json\/wp\/v2\/users\/1"}],"replies":[{"embeddable":true,"href":"https:\/\/sbhansenologia.com.br\/2022\/wp-json\/wp\/v2\/comments?post=46"}],"version-history":[{"count":22,"href":"https:\/\/sbhansenologia.com.br\/2022\/wp-json\/wp\/v2\/pages\/46\/revisions"}],"predecessor-version":[{"id":559,"href":"https:\/\/sbhansenologia.com.br\/2022\/wp-json\/wp\/v2\/pages\/46\/revisions\/559"}],"wp:attachment":[{"href":"https:\/\/sbhansenologia.com.br\/2022\/wp-json\/wp\/v2\/media?parent=46"}],"curies":[{"name":"wp","href":"https:\/\/api.w.org\/{rel}","templated":true}]}}