{"id":18,"date":"2022-09-23T20:37:31","date_gmt":"2022-09-23T20:37:31","guid":{"rendered":"https:\/\/sbhansenologia.com.br\/?page_id=18"},"modified":"2023-06-15T22:42:54","modified_gmt":"2023-06-15T22:42:54","slug":"carta","status":"publish","type":"page","link":"https:\/\/sbhansenologia.com.br\/2023\/carta\/","title":{"rendered":"Carta do Presidente"},"content":{"rendered":"\t\t<div data-elementor-type=\"wp-page\" data-elementor-id=\"18\" class=\"elementor elementor-18\">\n\t\t\t\t\t\t<section class=\"elementor-section elementor-top-section elementor-element elementor-element-0b792dc elementor-section-height-min-height elementor-section-boxed elementor-section-height-default elementor-section-items-middle\" data-id=\"0b792dc\" data-element_type=\"section\" data-settings=\"{&quot;background_background&quot;:&quot;classic&quot;}\">\n\t\t\t\t\t\t\t<div class=\"elementor-background-overlay\"><\/div>\n\t\t\t\t\t\t\t<div class=\"elementor-container elementor-column-gap-default\">\n\t\t\t\t\t<div class=\"elementor-column elementor-col-100 elementor-top-column elementor-element elementor-element-2257acd\" data-id=\"2257acd\" data-element_type=\"column\">\n\t\t\t<div class=\"elementor-widget-wrap elementor-element-populated\">\n\t\t\t\t\t\t\t<\/div>\n\t\t<\/div>\n\t\t\t\t\t<\/div>\n\t\t<\/section>\n\t\t\t\t<section class=\"elementor-section elementor-top-section elementor-element elementor-element-3d4803e elementor-section-boxed elementor-section-height-default elementor-section-height-default\" data-id=\"3d4803e\" data-element_type=\"section\">\n\t\t\t\t\t\t<div class=\"elementor-container elementor-column-gap-default\">\n\t\t\t\t\t<div class=\"elementor-column elementor-col-100 elementor-top-column elementor-element elementor-element-79291e2\" data-id=\"79291e2\" data-element_type=\"column\">\n\t\t\t<div class=\"elementor-widget-wrap elementor-element-populated\">\n\t\t\t\t\t\t<div class=\"elementor-element elementor-element-233622b elementor-widget elementor-widget-text-editor\" data-id=\"233622b\" data-element_type=\"widget\" data-widget_type=\"text-editor.default\">\n\t\t\t\t<div class=\"elementor-widget-container\">\n\t\t\t<style>\/*! elementor - v3.21.0 - 08-05-2024 *\/\n.elementor-widget-text-editor.elementor-drop-cap-view-stacked .elementor-drop-cap{background-color:#69727d;color:#fff}.elementor-widget-text-editor.elementor-drop-cap-view-framed .elementor-drop-cap{color:#69727d;border:3px solid;background-color:transparent}.elementor-widget-text-editor:not(.elementor-drop-cap-view-default) .elementor-drop-cap{margin-top:8px}.elementor-widget-text-editor:not(.elementor-drop-cap-view-default) .elementor-drop-cap-letter{width:1em;height:1em}.elementor-widget-text-editor .elementor-drop-cap{float:left;text-align:center;line-height:1;font-size:50px}.elementor-widget-text-editor .elementor-drop-cap-letter{display:inline-block}<\/style>\t\t\t\t<p>O <strong>17\u00ba Congresso Brasileiro de Hansenologia<\/strong> \u00e9 uma edi\u00e7\u00e3o especial dos congressos da Sociedade Brasileira de Hansenologia e este ano discutiremos os avan\u00e7os e desafios ap\u00f3s 150 anos da descoberta do agente infeccioso, o <em>Mycobacterium leprae<\/em>, causador da hansen\u00edase. Passados um s\u00e9culo e meio desta descoberta que mudou o entendimento sobre as doen\u00e7as e como intervir nos casos, como tratar e as ferramentas diagn\u00f3sticas evolu\u00edram, mas a doen\u00e7a permanece como um problema de sa\u00fade p\u00fablica em alguns pa\u00edses, incluindo o Brasil, onde alguns estados destacam-se seja pelo poss\u00edvel sil\u00eancio epidemiol\u00f3gico ou pela hiperendemicidade que ainda atingem diferentes regi\u00f5es do Brasil.<\/p><p>Um dos objetivos da SBH \u00e9 elevar o n\u00edvel t\u00e9cnico, cient\u00edfico e profissional de seus associados, a assist\u00eancia, o ensino e a pesquisa em Hansenologia. Para isso, desde 2022 a SBH promove curso de especializa\u00e7\u00e3o com apoio da ESP-MT e durante o 17\u00b0 Congresso Brasileiro de Hansenologia a primeira turma de especialistas apresentar\u00e1 seus trabalhos de conclus\u00e3o e a segunda turma ser\u00e1 apresentada aos desafios que enfrentar\u00e3o no combate \u00e0 hansen\u00edase.<\/p><p>Os maiores especialistas brasileiros e convidados estrangeiros renomados se reuni\u00e3o em Cuiab\u00e1 para o maior evento brasileiro que trata da hansen\u00edase, oportunidade para rever amigos, trocar ideias, atualizar cientificamente, conhecer experi\u00eancias, iniciativas de valor, conhecer as estrat\u00e9gias inovadoras e criar novos la\u00e7os de amizade em uma atmosfera cient\u00edfica, que marca todos os congressos de Hansenologia.<\/p><p>Vamos juntos fazer um congresso memor\u00e1vel!<\/p>\t\t\t\t\t\t<\/div>\n\t\t\t\t<\/div>\n\t\t\t\t\t<\/div>\n\t\t<\/div>\n\t\t\t\t\t<\/div>\n\t\t<\/section>\n\t\t\t\t<\/div>\n\t\t","protected":false},"excerpt":{"rendered":"<p>O 17\u00ba Congresso Brasileiro de Hansenologia \u00e9 uma edi\u00e7\u00e3o especial dos congressos da Sociedade Brasileira de Hansenologia e este ano discutiremos os avan\u00e7os e desafios ap\u00f3s 150 anos da descoberta do agente infeccioso, o Mycobacterium leprae, causador da hansen\u00edase. Passados um s\u00e9culo e meio desta descoberta que mudou o entendimento sobre as doen\u00e7as e como [&hellip;]<\/p>\n","protected":false},"author":1,"featured_media":0,"parent":0,"menu_order":0,"comment_status":"closed","ping_status":"closed","template":"elementor_header_footer","meta":{"footnotes":""},"aioseo_notices":[],"_links":{"self":[{"href":"https:\/\/sbhansenologia.com.br\/2023\/wp-json\/wp\/v2\/pages\/18"}],"collection":[{"href":"https:\/\/sbhansenologia.com.br\/2023\/wp-json\/wp\/v2\/pages"}],"about":[{"href":"https:\/\/sbhansenologia.com.br\/2023\/wp-json\/wp\/v2\/types\/page"}],"author":[{"embeddable":true,"href":"https:\/\/sbhansenologia.com.br\/2023\/wp-json\/wp\/v2\/users\/1"}],"replies":[{"embeddable":true,"href":"https:\/\/sbhansenologia.com.br\/2023\/wp-json\/wp\/v2\/comments?post=18"}],"version-history":[{"count":29,"href":"https:\/\/sbhansenologia.com.br\/2023\/wp-json\/wp\/v2\/pages\/18\/revisions"}],"predecessor-version":[{"id":1247,"href":"https:\/\/sbhansenologia.com.br\/2023\/wp-json\/wp\/v2\/pages\/18\/revisions\/1247"}],"wp:attachment":[{"href":"https:\/\/sbhansenologia.com.br\/2023\/wp-json\/wp\/v2\/media?parent=18"}],"curies":[{"name":"wp","href":"https:\/\/api.w.org\/{rel}","templated":true}]}}