{"id":22,"date":"2022-09-23T20:38:10","date_gmt":"2022-09-23T20:38:10","guid":{"rendered":"https:\/\/sbhansenologia.com.br\/?page_id=22"},"modified":"2023-06-15T22:56:03","modified_gmt":"2023-06-15T22:56:03","slug":"publico-alvo","status":"publish","type":"page","link":"https:\/\/sbhansenologia.com.br\/2023\/publico-alvo\/","title":{"rendered":"P\u00fablico Alvo"},"content":{"rendered":"\t\t<div data-elementor-type=\"wp-page\" data-elementor-id=\"22\" class=\"elementor elementor-22\">\n\t\t\t\t\t\t<section class=\"elementor-section elementor-top-section elementor-element elementor-element-35a98e07 elementor-section-height-min-height elementor-section-boxed elementor-section-height-default elementor-section-items-middle\" data-id=\"35a98e07\" data-element_type=\"section\" data-settings=\"{&quot;background_background&quot;:&quot;classic&quot;}\">\n\t\t\t\t\t\t\t<div class=\"elementor-background-overlay\"><\/div>\n\t\t\t\t\t\t\t<div class=\"elementor-container elementor-column-gap-default\">\n\t\t\t\t\t<div class=\"elementor-column elementor-col-100 elementor-top-column elementor-element elementor-element-4a03417f\" data-id=\"4a03417f\" data-element_type=\"column\">\n\t\t\t<div class=\"elementor-widget-wrap elementor-element-populated\">\n\t\t\t\t\t\t\t<\/div>\n\t\t<\/div>\n\t\t\t\t\t<\/div>\n\t\t<\/section>\n\t\t\t\t<section class=\"elementor-section elementor-top-section elementor-element elementor-element-6887b0d elementor-section-boxed elementor-section-height-default elementor-section-height-default\" data-id=\"6887b0d\" data-element_type=\"section\">\n\t\t\t\t\t\t<div class=\"elementor-container elementor-column-gap-default\">\n\t\t\t\t\t<div class=\"elementor-column elementor-col-100 elementor-top-column elementor-element elementor-element-1747ca3\" data-id=\"1747ca3\" data-element_type=\"column\">\n\t\t\t<div class=\"elementor-widget-wrap elementor-element-populated\">\n\t\t\t\t\t\t<div class=\"elementor-element elementor-element-a321c96 elementor-widget elementor-widget-text-editor\" data-id=\"a321c96\" data-element_type=\"widget\" data-widget_type=\"text-editor.default\">\n\t\t\t\t<div class=\"elementor-widget-container\">\n\t\t\t<style>\/*! elementor - v3.21.0 - 08-05-2024 *\/\n.elementor-widget-text-editor.elementor-drop-cap-view-stacked .elementor-drop-cap{background-color:#69727d;color:#fff}.elementor-widget-text-editor.elementor-drop-cap-view-framed .elementor-drop-cap{color:#69727d;border:3px solid;background-color:transparent}.elementor-widget-text-editor:not(.elementor-drop-cap-view-default) .elementor-drop-cap{margin-top:8px}.elementor-widget-text-editor:not(.elementor-drop-cap-view-default) .elementor-drop-cap-letter{width:1em;height:1em}.elementor-widget-text-editor .elementor-drop-cap{float:left;text-align:center;line-height:1;font-size:50px}.elementor-widget-text-editor .elementor-drop-cap-letter{display:inline-block}<\/style>\t\t\t\t<p>M\u00e9dicos da fam\u00edlia e comunidade, cl\u00ednica m\u00e9dica, infectologistas, neurologistas, dermatologistas, especialistas em medicina preventiva social, oftalmologistas, reumatologistas, m\u00e9dicos peritos, enfermeiros, bi\u00f3logos, biom\u00e9dicos, assistentes sociais, terapeutas ocupacionais, fisioterapeutas, agentes comunit\u00e1rios de sa\u00fade, pesquisadores das mais diversas \u00e1reas, psic\u00f3logos, historiadores, soci\u00f3logos, gestores com atua\u00e7\u00e3o em administra\u00e7\u00e3o p\u00fablica ou privada em sa\u00fade, dirigentes e militantes em organiza\u00e7\u00f5es (associa\u00e7\u00f5es, ongs etc.) defensoras de direitos humanos ou voltadas \u00e0 causa da hansen\u00edase, m\u00e9dicos em geral, estudantes e pesquisadores interessados nas \u00e1reas de sa\u00fade, comportamento e legisla\u00e7\u00e3o ligados ao tema hansen\u00edase.<\/p>\t\t\t\t\t\t<\/div>\n\t\t\t\t<\/div>\n\t\t\t\t\t<\/div>\n\t\t<\/div>\n\t\t\t\t\t<\/div>\n\t\t<\/section>\n\t\t\t\t<\/div>\n\t\t","protected":false},"excerpt":{"rendered":"<p>M\u00e9dicos da fam\u00edlia e comunidade, cl\u00ednica m\u00e9dica, infectologistas, neurologistas, dermatologistas, especialistas em medicina preventiva social, oftalmologistas, reumatologistas, m\u00e9dicos peritos, enfermeiros, bi\u00f3logos, biom\u00e9dicos, assistentes sociais, terapeutas ocupacionais, fisioterapeutas, agentes comunit\u00e1rios de sa\u00fade, pesquisadores das mais diversas \u00e1reas, psic\u00f3logos, historiadores, soci\u00f3logos, gestores com atua\u00e7\u00e3o em administra\u00e7\u00e3o p\u00fablica ou privada em sa\u00fade, dirigentes e militantes em organiza\u00e7\u00f5es (associa\u00e7\u00f5es, [&hellip;]<\/p>\n","protected":false},"author":1,"featured_media":0,"parent":0,"menu_order":0,"comment_status":"closed","ping_status":"closed","template":"elementor_header_footer","meta":{"footnotes":""},"aioseo_notices":[],"_links":{"self":[{"href":"https:\/\/sbhansenologia.com.br\/2023\/wp-json\/wp\/v2\/pages\/22"}],"collection":[{"href":"https:\/\/sbhansenologia.com.br\/2023\/wp-json\/wp\/v2\/pages"}],"about":[{"href":"https:\/\/sbhansenologia.com.br\/2023\/wp-json\/wp\/v2\/types\/page"}],"author":[{"embeddable":true,"href":"https:\/\/sbhansenologia.com.br\/2023\/wp-json\/wp\/v2\/users\/1"}],"replies":[{"embeddable":true,"href":"https:\/\/sbhansenologia.com.br\/2023\/wp-json\/wp\/v2\/comments?post=22"}],"version-history":[{"count":7,"href":"https:\/\/sbhansenologia.com.br\/2023\/wp-json\/wp\/v2\/pages\/22\/revisions"}],"predecessor-version":[{"id":1267,"href":"https:\/\/sbhansenologia.com.br\/2023\/wp-json\/wp\/v2\/pages\/22\/revisions\/1267"}],"wp:attachment":[{"href":"https:\/\/sbhansenologia.com.br\/2023\/wp-json\/wp\/v2\/media?parent=22"}],"curies":[{"name":"wp","href":"https:\/\/api.w.org\/{rel}","templated":true}]}}