{"id":24,"date":"2022-09-23T20:38:29","date_gmt":"2022-09-23T20:38:29","guid":{"rendered":"https:\/\/sbhansenologia.com.br\/?page_id=24"},"modified":"2023-06-15T22:57:39","modified_gmt":"2023-06-15T22:57:39","slug":"objetivo","status":"publish","type":"page","link":"https:\/\/sbhansenologia.com.br\/2023\/objetivo\/","title":{"rendered":"Objetivo do Evento"},"content":{"rendered":"\t\t<div data-elementor-type=\"wp-page\" data-elementor-id=\"24\" class=\"elementor elementor-24\">\n\t\t\t\t\t\t<section class=\"elementor-section elementor-top-section elementor-element elementor-element-742d3eda elementor-section-height-min-height elementor-section-boxed elementor-section-height-default elementor-section-items-middle\" data-id=\"742d3eda\" data-element_type=\"section\" data-settings=\"{&quot;background_background&quot;:&quot;classic&quot;}\">\n\t\t\t\t\t\t\t<div class=\"elementor-background-overlay\"><\/div>\n\t\t\t\t\t\t\t<div class=\"elementor-container elementor-column-gap-default\">\n\t\t\t\t\t<div class=\"elementor-column elementor-col-100 elementor-top-column elementor-element elementor-element-1946eb86\" data-id=\"1946eb86\" data-element_type=\"column\">\n\t\t\t<div class=\"elementor-widget-wrap elementor-element-populated\">\n\t\t\t\t\t\t\t<\/div>\n\t\t<\/div>\n\t\t\t\t\t<\/div>\n\t\t<\/section>\n\t\t\t\t<section class=\"elementor-section elementor-top-section elementor-element elementor-element-7ebf012 elementor-section-boxed elementor-section-height-default elementor-section-height-default\" data-id=\"7ebf012\" data-element_type=\"section\">\n\t\t\t\t\t\t<div class=\"elementor-container elementor-column-gap-default\">\n\t\t\t\t\t<div class=\"elementor-column elementor-col-100 elementor-top-column elementor-element elementor-element-4ed5c6d\" data-id=\"4ed5c6d\" data-element_type=\"column\">\n\t\t\t<div class=\"elementor-widget-wrap elementor-element-populated\">\n\t\t\t\t\t\t<div class=\"elementor-element elementor-element-13bd4c3 elementor-widget elementor-widget-text-editor\" data-id=\"13bd4c3\" data-element_type=\"widget\" data-widget_type=\"text-editor.default\">\n\t\t\t\t<div class=\"elementor-widget-container\">\n\t\t\t<style>\/*! elementor - v3.21.0 - 08-05-2024 *\/\n.elementor-widget-text-editor.elementor-drop-cap-view-stacked .elementor-drop-cap{background-color:#69727d;color:#fff}.elementor-widget-text-editor.elementor-drop-cap-view-framed .elementor-drop-cap{color:#69727d;border:3px solid;background-color:transparent}.elementor-widget-text-editor:not(.elementor-drop-cap-view-default) .elementor-drop-cap{margin-top:8px}.elementor-widget-text-editor:not(.elementor-drop-cap-view-default) .elementor-drop-cap-letter{width:1em;height:1em}.elementor-widget-text-editor .elementor-drop-cap{float:left;text-align:center;line-height:1;font-size:50px}.elementor-widget-text-editor .elementor-drop-cap-letter{display:inline-block}<\/style>\t\t\t\t<p>O 17\u00ba Congresso Brasileiro de Hansenologia ir\u00e1 aprimorar, capacitar e atualizar os recursos humanos envolvidos com a hansen\u00edase, al\u00e9m de divulgar a\u00e7\u00f5es e experiencias exitosas que visam ao diagn\u00f3stico precoce, tratamento, reabilita\u00e7\u00e3o f\u00edsica e a prote\u00e7\u00e3o social das pessoas atingidas pela hansen\u00edase. \u00c9 um momento importante para discuss\u00f5es sobre a dificuldade no diagn\u00f3stico e acompanhamento de casos de hansen\u00edase, a falta de estrutura e capacita\u00e7\u00e3o para identificar, classificar e definir aqueles que podem usar o tratamento padr\u00e3o e os que devem fazer uso de outros medicamentos e mesmo pacientes que precisam de tratamento estendido ou outras drogas dispon\u00edveis para uso em hansen\u00edase, abordagem dos contatos de pacientes de hansen\u00edase, dentre outros desafios enfrentados tanto pelos pacientes quanto pelos respons\u00e1veis pelo diagn\u00f3stico, tratamento e reabilita\u00e7\u00e3o das pessoas atingidas pela hansen\u00edase.<\/p><p>\u00a0<\/p><p>O congresso \u00e9 o principal palco para divulga\u00e7\u00e3o e compartilhamento de informa\u00e7\u00f5es sobre a doen\u00e7a tanto para a popula\u00e7\u00e3o, quanto para os diferentes profissionais envolvidos em todo o processo de enfrentamento &#8211; do diagn\u00f3stico ao tratamento, reabilita\u00e7\u00e3o e inclus\u00e3o. Este \u00e9 um congresso multidisciplinar, com grande abrang\u00eancia para a \u00e1rea social.<\/p><p>\u00a0<\/p><p>Ap\u00f3s cerca de 40 anos sem a forma\u00e7\u00e3o de novos especialistas, os futuros hansen\u00f3logos do Mato Grosso compartilhar\u00e3o suas experi\u00eancias durante o congresso, quando as novas gera\u00e7\u00f5es de profissionais s\u00e3o reconhecidas pelo oferecimento de premia\u00e7\u00f5es dos melhores trabalhos cient\u00edficos desenvolvidos por alunos de gradua\u00e7\u00e3o e p\u00f3s-gradua\u00e7\u00e3o (mestrado e doutorado), al\u00e9m dos trabalhos de campo com aplica\u00e7\u00e3o direta junto ao Sistema \u00danico de Sa\u00fade (SUS), com relev\u00e2ncia para o controle da endemia no pa\u00eds, valorizando aqueles programas reconhecidos por ag\u00eancias de fomento oficiais, como a CAPES e o CNPQ, bem com as diferentes ag\u00eancias estaduais, que apresentam a hansen\u00edase como tem\u00e1tica em suas pesquisas.<\/p><p>\u00a0<\/p><p>A comunidade acad\u00eamica ter\u00e1 a oportunidade de mostrar ao p\u00fablico o que foi produzido dentro das suas linhas de pesquisa com a hansen\u00edase neste per\u00edodo, cen\u00e1rio que sempre se apresenta de modo bastante especial nesta \u00e1rea negligenciada da sa\u00fade p\u00fablica. Al\u00e9m disso, participar\u00e3o em a\u00e7\u00f5es voltadas para a comunidade durante o per\u00edodo do evento, em uma aproxima\u00e7\u00e3o importante da academia com a comunidade.<\/p>\t\t\t\t\t\t<\/div>\n\t\t\t\t<\/div>\n\t\t\t\t\t<\/div>\n\t\t<\/div>\n\t\t\t\t\t<\/div>\n\t\t<\/section>\n\t\t\t\t<\/div>\n\t\t","protected":false},"excerpt":{"rendered":"<p>O 17\u00ba Congresso Brasileiro de Hansenologia ir\u00e1 aprimorar, capacitar e atualizar os recursos humanos envolvidos com a hansen\u00edase, al\u00e9m de divulgar a\u00e7\u00f5es e experiencias exitosas que visam ao diagn\u00f3stico precoce, tratamento, reabilita\u00e7\u00e3o f\u00edsica e a prote\u00e7\u00e3o social das pessoas atingidas pela hansen\u00edase. \u00c9 um momento importante para discuss\u00f5es sobre a dificuldade no diagn\u00f3stico e acompanhamento [&hellip;]<\/p>\n","protected":false},"author":1,"featured_media":0,"parent":0,"menu_order":0,"comment_status":"closed","ping_status":"closed","template":"elementor_header_footer","meta":{"footnotes":""},"aioseo_notices":[],"_links":{"self":[{"href":"https:\/\/sbhansenologia.com.br\/2023\/wp-json\/wp\/v2\/pages\/24"}],"collection":[{"href":"https:\/\/sbhansenologia.com.br\/2023\/wp-json\/wp\/v2\/pages"}],"about":[{"href":"https:\/\/sbhansenologia.com.br\/2023\/wp-json\/wp\/v2\/types\/page"}],"author":[{"embeddable":true,"href":"https:\/\/sbhansenologia.com.br\/2023\/wp-json\/wp\/v2\/users\/1"}],"replies":[{"embeddable":true,"href":"https:\/\/sbhansenologia.com.br\/2023\/wp-json\/wp\/v2\/comments?post=24"}],"version-history":[{"count":7,"href":"https:\/\/sbhansenologia.com.br\/2023\/wp-json\/wp\/v2\/pages\/24\/revisions"}],"predecessor-version":[{"id":1270,"href":"https:\/\/sbhansenologia.com.br\/2023\/wp-json\/wp\/v2\/pages\/24\/revisions\/1270"}],"wp:attachment":[{"href":"https:\/\/sbhansenologia.com.br\/2023\/wp-json\/wp\/v2\/media?parent=24"}],"curies":[{"name":"wp","href":"https:\/\/api.w.org\/{rel}","templated":true}]}}