{"id":28,"date":"2022-09-23T20:39:11","date_gmt":"2022-09-23T20:39:11","guid":{"rendered":"https:\/\/sbhansenologia.com.br\/?page_id=28"},"modified":"2023-06-15T23:15:09","modified_gmt":"2023-06-15T23:15:09","slug":"comissao-cientifica","status":"publish","type":"page","link":"https:\/\/sbhansenologia.com.br\/2023\/comissao-cientifica\/","title":{"rendered":"Comiss\u00e3o cient\u00edfica"},"content":{"rendered":"\t\t<div data-elementor-type=\"wp-page\" data-elementor-id=\"28\" class=\"elementor elementor-28\">\n\t\t\t\t\t\t<section class=\"elementor-section elementor-top-section elementor-element elementor-element-376fef5e elementor-section-height-min-height elementor-section-boxed elementor-section-height-default elementor-section-items-middle\" data-id=\"376fef5e\" data-element_type=\"section\" data-settings=\"{&quot;background_background&quot;:&quot;classic&quot;}\">\n\t\t\t\t\t\t\t<div class=\"elementor-background-overlay\"><\/div>\n\t\t\t\t\t\t\t<div class=\"elementor-container elementor-column-gap-default\">\n\t\t\t\t\t<div class=\"elementor-column elementor-col-100 elementor-top-column elementor-element elementor-element-69d28b30\" data-id=\"69d28b30\" data-element_type=\"column\">\n\t\t\t<div class=\"elementor-widget-wrap elementor-element-populated\">\n\t\t\t\t\t\t\t<\/div>\n\t\t<\/div>\n\t\t\t\t\t<\/div>\n\t\t<\/section>\n\t\t\t\t<section class=\"elementor-section elementor-top-section elementor-element elementor-element-7ba6c2d elementor-section-boxed elementor-section-height-default elementor-section-height-default\" data-id=\"7ba6c2d\" data-element_type=\"section\">\n\t\t\t\t\t\t<div class=\"elementor-container elementor-column-gap-default\">\n\t\t\t\t\t<div class=\"elementor-column elementor-col-50 elementor-top-column elementor-element elementor-element-4085fd2\" data-id=\"4085fd2\" data-element_type=\"column\">\n\t\t\t<div class=\"elementor-widget-wrap elementor-element-populated\">\n\t\t\t\t\t\t<div class=\"elementor-element elementor-element-beec5fc elementor-widget elementor-widget-text-editor\" data-id=\"beec5fc\" data-element_type=\"widget\" data-widget_type=\"text-editor.default\">\n\t\t\t\t<div class=\"elementor-widget-container\">\n\t\t\t<style>\/*! elementor - v3.21.0 - 08-05-2024 *\/\n.elementor-widget-text-editor.elementor-drop-cap-view-stacked .elementor-drop-cap{background-color:#69727d;color:#fff}.elementor-widget-text-editor.elementor-drop-cap-view-framed .elementor-drop-cap{color:#69727d;border:3px solid;background-color:transparent}.elementor-widget-text-editor:not(.elementor-drop-cap-view-default) .elementor-drop-cap{margin-top:8px}.elementor-widget-text-editor:not(.elementor-drop-cap-view-default) .elementor-drop-cap-letter{width:1em;height:1em}.elementor-widget-text-editor .elementor-drop-cap{float:left;text-align:center;line-height:1;font-size:50px}.elementor-widget-text-editor .elementor-drop-cap-letter{display:inline-block}<\/style>\t\t\t\t<p>Aguinaldo Gon\u00e7alves\u00a0 &#8211; PUC<\/p><p>Apol\u00f4nio de Carvalho Neto Nascimento &#8211; SESAU<\/p><p>Artur Custodio Moreira &#8211; MORHAN<\/p><p>Claudio Guedes Salgado &#8211; UFPA<\/p><p>Diogo Fernandes dos Santos &#8211; UFU<\/p><p>Francisco Bezerra de Almeida Neto &#8211;\u00a0\u00a0\u00a0\u00a0\u00a0\u00a0\u00a0\u00a0\u00a0\u00a0 UNINASSAU<\/p><p>Glauber Voltan &#8211; FMRP-USP<\/p><p>Helena Barbosa Lug\u00e3o &#8211; FMRP-USP<\/p><p>Isabela Maria Bernardes Goulart &#8211; UFU<\/p><p>Jaci Maria Santana &#8211; SBH<\/p><p>Jorge Ant\u00f4nio de Almeida &#8211; ILSL<\/p><p>Marcio Cesar Reino Gaggini &#8211;\u00a0\u00a0\u00a0\u00a0\u00a0\u00a0\u00a0\u00a0\u00a0\u00a0 SBH<\/p><p>Marco Andrey Cipriani Frade\u00a0\u00a0\u00a0\u00a0\u00a0\u00a0\u00a0\u00a0\u00a0\u00a0\u00a0 &#8211; FMRP<\/p><p>Marcos C\u00e9sar Florian &#8211; UNIFESP<\/p><p>Maria \u00c2ngela Bianconcini Trindade &#8211;\u00a0\u00a0\u00a0\u00a0\u00a0\u00a0\u00a0\u00a0\u00a0\u00a0 HC-USP<\/p><p>Marilda Aparecida Milanez M. de Abreu &#8211; UNOESTE<\/p><p>Moises Batista da Silva &#8211; UFPA<\/p><p>Patr\u00edcia Fagundes da Costa &#8211; UFPA<\/p><p>Patricia Sammarco Rosa &#8211; ISLS<\/p><p>Vera L\u00facia Gomes de Andrade &#8211; SBH<\/p>\t\t\t\t\t\t<\/div>\n\t\t\t\t<\/div>\n\t\t\t\t\t<\/div>\n\t\t<\/div>\n\t\t\t\t<div class=\"elementor-column elementor-col-50 elementor-top-column elementor-element elementor-element-fa3b944\" data-id=\"fa3b944\" data-element_type=\"column\">\n\t\t\t<div class=\"elementor-widget-wrap elementor-element-populated\">\n\t\t\t\t\t\t<div class=\"elementor-element elementor-element-7239a92 elementor-widget elementor-widget-text-editor\" data-id=\"7239a92\" data-element_type=\"widget\" data-widget_type=\"text-editor.default\">\n\t\t\t\t<div class=\"elementor-widget-container\">\n\t\t\t\t\t\t\t<p><strong>Comiss\u00e3o Organizadora do Exame de Sufici\u00eancia para a obten\u00e7\u00e3o do Certificado de \u00c1rea de Atua\u00e7\u00e3o em Hansenologia<\/strong><\/p><p>Jos\u00e9 Antonio Garbino &#8211; SBH<\/p><p>Marcio Cesar Reino Gaggini &#8211;\u00a0\u00a0\u00a0\u00a0\u00a0\u00a0\u00a0\u00a0\u00a0\u00a0 SBH<\/p><p>Marco Andrey Cipriani Frade\u00a0\u00a0\u00a0\u00a0\u00a0\u00a0\u00a0\u00a0\u00a0\u00a0\u00a0 &#8211; FMRP-USP<\/p><p>Marcos C\u00e9sar Florian &#8211; UNIFESP<\/p><p>Marcos da Cunha Lopes Virmond &#8211; ILSL<\/p><p>Maria \u00c2ngela Bianconcini Trindade &#8211; HCFM-USP<\/p><p>Marilda Aparecida Milanez M. de Abreu &#8211; UNOESTE<\/p><p>Patricia Duarte Deps &#8211; UFES<\/p><p>Helena Barbosa Lug\u00e3o &#8211; FMRP-USP<\/p><p>Isabela Maria Bernardes Goulart &#8211; UFU<\/p>\t\t\t\t\t\t<\/div>\n\t\t\t\t<\/div>\n\t\t\t\t\t<\/div>\n\t\t<\/div>\n\t\t\t\t\t<\/div>\n\t\t<\/section>\n\t\t\t\t<\/div>\n\t\t","protected":false},"excerpt":{"rendered":"<p>Aguinaldo Gon\u00e7alves\u00a0 &#8211; PUC Apol\u00f4nio de Carvalho Neto Nascimento &#8211; SESAU Artur Custodio Moreira &#8211; MORHAN Claudio Guedes Salgado &#8211; UFPA Diogo Fernandes dos Santos &#8211; UFU Francisco Bezerra de Almeida Neto &#8211;\u00a0\u00a0\u00a0\u00a0\u00a0\u00a0\u00a0\u00a0\u00a0\u00a0 UNINASSAU Glauber Voltan &#8211; FMRP-USP Helena Barbosa Lug\u00e3o &#8211; FMRP-USP Isabela Maria Bernardes Goulart &#8211; UFU Jaci Maria Santana &#8211; SBH Jorge [&hellip;]<\/p>\n","protected":false},"author":1,"featured_media":0,"parent":0,"menu_order":0,"comment_status":"closed","ping_status":"closed","template":"elementor_header_footer","meta":{"footnotes":""},"aioseo_notices":[],"_links":{"self":[{"href":"https:\/\/sbhansenologia.com.br\/2023\/wp-json\/wp\/v2\/pages\/28"}],"collection":[{"href":"https:\/\/sbhansenologia.com.br\/2023\/wp-json\/wp\/v2\/pages"}],"about":[{"href":"https:\/\/sbhansenologia.com.br\/2023\/wp-json\/wp\/v2\/types\/page"}],"author":[{"embeddable":true,"href":"https:\/\/sbhansenologia.com.br\/2023\/wp-json\/wp\/v2\/users\/1"}],"replies":[{"embeddable":true,"href":"https:\/\/sbhansenologia.com.br\/2023\/wp-json\/wp\/v2\/comments?post=28"}],"version-history":[{"count":7,"href":"https:\/\/sbhansenologia.com.br\/2023\/wp-json\/wp\/v2\/pages\/28\/revisions"}],"predecessor-version":[{"id":1279,"href":"https:\/\/sbhansenologia.com.br\/2023\/wp-json\/wp\/v2\/pages\/28\/revisions\/1279"}],"wp:attachment":[{"href":"https:\/\/sbhansenologia.com.br\/2023\/wp-json\/wp\/v2\/media?parent=28"}],"curies":[{"name":"wp","href":"https:\/\/api.w.org\/{rel}","templated":true}]}}