{"id":31,"date":"2022-09-23T20:40:48","date_gmt":"2022-09-23T20:40:48","guid":{"rendered":"https:\/\/sbhansenologia.com.br\/?page_id=31"},"modified":"2023-06-15T23:21:02","modified_gmt":"2023-06-15T23:21:02","slug":"temas","status":"publish","type":"page","link":"https:\/\/sbhansenologia.com.br\/2023\/temas\/","title":{"rendered":"Tema"},"content":{"rendered":"\t\t<div data-elementor-type=\"wp-page\" data-elementor-id=\"31\" class=\"elementor elementor-31\">\n\t\t\t\t\t\t<section class=\"elementor-section elementor-top-section elementor-element elementor-element-34200ac3 elementor-section-height-min-height elementor-section-boxed elementor-section-height-default elementor-section-items-middle\" data-id=\"34200ac3\" data-element_type=\"section\" data-settings=\"{&quot;background_background&quot;:&quot;classic&quot;}\">\n\t\t\t\t\t\t\t<div class=\"elementor-background-overlay\"><\/div>\n\t\t\t\t\t\t\t<div class=\"elementor-container elementor-column-gap-default\">\n\t\t\t\t\t<div class=\"elementor-column elementor-col-100 elementor-top-column elementor-element elementor-element-5257b0b8\" data-id=\"5257b0b8\" data-element_type=\"column\">\n\t\t\t<div class=\"elementor-widget-wrap elementor-element-populated\">\n\t\t\t\t\t\t\t<\/div>\n\t\t<\/div>\n\t\t\t\t\t<\/div>\n\t\t<\/section>\n\t\t\t\t<section class=\"elementor-section elementor-top-section elementor-element elementor-element-52218a3 elementor-section-boxed elementor-section-height-default elementor-section-height-default\" data-id=\"52218a3\" data-element_type=\"section\">\n\t\t\t\t\t\t<div class=\"elementor-container elementor-column-gap-default\">\n\t\t\t\t\t<div class=\"elementor-column elementor-col-100 elementor-top-column elementor-element elementor-element-37046f8\" data-id=\"37046f8\" data-element_type=\"column\">\n\t\t\t<div class=\"elementor-widget-wrap elementor-element-populated\">\n\t\t\t\t\t\t<div class=\"elementor-element elementor-element-c0b27bd elementor-widget elementor-widget-text-editor\" data-id=\"c0b27bd\" data-element_type=\"widget\" data-widget_type=\"text-editor.default\">\n\t\t\t\t<div class=\"elementor-widget-container\">\n\t\t\t<style>\/*! elementor - v3.21.0 - 08-05-2024 *\/\n.elementor-widget-text-editor.elementor-drop-cap-view-stacked .elementor-drop-cap{background-color:#69727d;color:#fff}.elementor-widget-text-editor.elementor-drop-cap-view-framed .elementor-drop-cap{color:#69727d;border:3px solid;background-color:transparent}.elementor-widget-text-editor:not(.elementor-drop-cap-view-default) .elementor-drop-cap{margin-top:8px}.elementor-widget-text-editor:not(.elementor-drop-cap-view-default) .elementor-drop-cap-letter{width:1em;height:1em}.elementor-widget-text-editor .elementor-drop-cap{float:left;text-align:center;line-height:1;font-size:50px}.elementor-widget-text-editor .elementor-drop-cap-letter{display:inline-block}<\/style>\t\t\t\t<p>O 17\u00ba Congresso Brasileiro de Hansenologia, com o tema \u201cAvan\u00e7os e desafios ap\u00f3s 150 ano da descoberta do <em>Mycobacterium leprae<\/em>\u201d, abordar\u00e1 aspectos contempor\u00e2neos relacionados \u00e0 hansen\u00edase do s\u00e9culo XXI, trar\u00e1 importantes contribui\u00e7\u00f5es em ci\u00eancia, tecnologia e inova\u00e7\u00e3o, tanto do ponto de vista cl\u00ednico, quanto dos exames complementares, visando ao melhor manejo dos casos de hansen\u00edase e a consequente melhora da qualidade de vida das pessoas atingidas pela hansen\u00edase.<\/p>\t\t\t\t\t\t<\/div>\n\t\t\t\t<\/div>\n\t\t\t\t\t<\/div>\n\t\t<\/div>\n\t\t\t\t\t<\/div>\n\t\t<\/section>\n\t\t\t\t<\/div>\n\t\t","protected":false},"excerpt":{"rendered":"<p>O 17\u00ba Congresso Brasileiro de Hansenologia, com o tema \u201cAvan\u00e7os e desafios ap\u00f3s 150 ano da descoberta do Mycobacterium leprae\u201d, abordar\u00e1 aspectos contempor\u00e2neos relacionados \u00e0 hansen\u00edase do s\u00e9culo XXI, trar\u00e1 importantes contribui\u00e7\u00f5es em ci\u00eancia, tecnologia e inova\u00e7\u00e3o, tanto do ponto de vista cl\u00ednico, quanto dos exames complementares, visando ao melhor manejo dos casos de hansen\u00edase [&hellip;]<\/p>\n","protected":false},"author":1,"featured_media":0,"parent":0,"menu_order":0,"comment_status":"closed","ping_status":"closed","template":"elementor_header_footer","meta":{"footnotes":""},"aioseo_notices":[],"_links":{"self":[{"href":"https:\/\/sbhansenologia.com.br\/2023\/wp-json\/wp\/v2\/pages\/31"}],"collection":[{"href":"https:\/\/sbhansenologia.com.br\/2023\/wp-json\/wp\/v2\/pages"}],"about":[{"href":"https:\/\/sbhansenologia.com.br\/2023\/wp-json\/wp\/v2\/types\/page"}],"author":[{"embeddable":true,"href":"https:\/\/sbhansenologia.com.br\/2023\/wp-json\/wp\/v2\/users\/1"}],"replies":[{"embeddable":true,"href":"https:\/\/sbhansenologia.com.br\/2023\/wp-json\/wp\/v2\/comments?post=31"}],"version-history":[{"count":19,"href":"https:\/\/sbhansenologia.com.br\/2023\/wp-json\/wp\/v2\/pages\/31\/revisions"}],"predecessor-version":[{"id":1282,"href":"https:\/\/sbhansenologia.com.br\/2023\/wp-json\/wp\/v2\/pages\/31\/revisions\/1282"}],"wp:attachment":[{"href":"https:\/\/sbhansenologia.com.br\/2023\/wp-json\/wp\/v2\/media?parent=31"}],"curies":[{"name":"wp","href":"https:\/\/api.w.org\/{rel}","templated":true}]}}