{"id":362,"date":"2022-09-26T21:24:00","date_gmt":"2022-09-26T21:24:00","guid":{"rendered":"https:\/\/sbhansenologia.com.br\/?page_id=362"},"modified":"2022-09-26T21:40:46","modified_gmt":"2022-09-26T21:40:46","slug":"privacidade","status":"publish","type":"page","link":"https:\/\/sbhansenologia.com.br\/2023\/privacidade\/","title":{"rendered":"Pol\u00edtica de Privacidade"},"content":{"rendered":"\t\t<div data-elementor-type=\"wp-page\" data-elementor-id=\"362\" class=\"elementor elementor-362\">\n\t\t\t\t\t\t<section class=\"elementor-section elementor-top-section elementor-element elementor-element-4344cd63 elementor-section-height-min-height elementor-section-boxed elementor-section-height-default elementor-section-items-middle\" data-id=\"4344cd63\" data-element_type=\"section\">\n\t\t\t\t\t\t\t<div class=\"elementor-background-overlay\"><\/div>\n\t\t\t\t\t\t\t<div class=\"elementor-container elementor-column-gap-default\">\n\t\t\t\t\t<div class=\"elementor-column elementor-col-100 elementor-top-column elementor-element elementor-element-6f73e2ab\" data-id=\"6f73e2ab\" data-element_type=\"column\">\n\t\t\t<div class=\"elementor-widget-wrap elementor-element-populated\">\n\t\t\t\t\t\t\t<\/div>\n\t\t<\/div>\n\t\t\t\t\t<\/div>\n\t\t<\/section>\n\t\t\t\t<section class=\"elementor-section elementor-top-section elementor-element elementor-element-d66d82e elementor-section-boxed elementor-section-height-default elementor-section-height-default\" data-id=\"d66d82e\" data-element_type=\"section\">\n\t\t\t\t\t\t<div class=\"elementor-container elementor-column-gap-default\">\n\t\t\t\t\t<div class=\"elementor-column elementor-col-100 elementor-top-column elementor-element elementor-element-b229b78\" data-id=\"b229b78\" data-element_type=\"column\">\n\t\t\t<div class=\"elementor-widget-wrap elementor-element-populated\">\n\t\t\t\t\t\t<div class=\"elementor-element elementor-element-ced09b5 elementor-widget elementor-widget-text-editor\" data-id=\"ced09b5\" data-element_type=\"widget\" data-widget_type=\"text-editor.default\">\n\t\t\t\t<div class=\"elementor-widget-container\">\n\t\t\t<style>\/*! elementor - v3.21.0 - 08-05-2024 *\/\n.elementor-widget-text-editor.elementor-drop-cap-view-stacked .elementor-drop-cap{background-color:#69727d;color:#fff}.elementor-widget-text-editor.elementor-drop-cap-view-framed .elementor-drop-cap{color:#69727d;border:3px solid;background-color:transparent}.elementor-widget-text-editor:not(.elementor-drop-cap-view-default) .elementor-drop-cap{margin-top:8px}.elementor-widget-text-editor:not(.elementor-drop-cap-view-default) .elementor-drop-cap-letter{width:1em;height:1em}.elementor-widget-text-editor .elementor-drop-cap{float:left;text-align:center;line-height:1;font-size:50px}.elementor-widget-text-editor .elementor-drop-cap-letter{display:inline-block}<\/style>\t\t\t\t<h4>Defini\u00e7\u00f5es Gerais<\/h4><p>A\u00a0<strong>SBH\u00a0<\/strong>e a Organizadora<strong>\u00a0Win Eventos LTDA<\/strong>\u00a0desejam manter uma rela\u00e7\u00e3o de confian\u00e7a e transpar\u00eancia junto a todos os estudantes e participantes e de Eventos com quem se relaciona.<\/p><p>Por isso, elaboramos esta Pol\u00edtica de Privacidade e Tratamento de Dados para lhe auxiliar a entender quais informa\u00e7\u00f5es suas n\u00f3s coletamos, por qual(is) motivo(s) as coletamos e como as compartilhamos. Al\u00e9m disso, tamb\u00e9m informamos sobre os seus direitos relativos a essas informa\u00e7\u00f5es e como exerc\u00ea-los junto \u00e0 <strong>SBH<\/strong>.<\/p><p>A fim de proporcionar maior clareza para voc\u00ea quanto ao conte\u00fado deste aviso, as seguintes palavras e express\u00f5es, no singular ou no plural, foram utilizadas com os seguintes significados:<\/p><table width=\"728\"><thead><tr><td width=\"227\"><strong>Defini\u00e7\u00e3o<\/strong><\/td><td width=\"500\"><strong>Significado<\/strong><\/td><\/tr><\/thead><tbody><tr><td width=\"227\"><strong>Dados Pessoais Sens\u00edveis<\/strong><\/td><td width=\"500\">dado pessoal sobre origem racial ou \u00e9tnica, convic\u00e7\u00e3o religiosa, opini\u00e3o pol\u00edtica, filia\u00e7\u00e3o a sindicato ou a organiza\u00e7\u00e3o de car\u00e1ter religioso, filos\u00f3fico ou pol\u00edtico, dado referente \u00e0 sa\u00fade ou \u00e0 vida sexual, dado gen\u00e9tico ou biom\u00e9trico, quando vinculado a uma pessoa natural;<\/td><\/tr><tr><td width=\"227\"><strong>Dados Pessoais<\/strong><\/td><td width=\"500\">informa\u00e7\u00e3o relacionada a pessoa natural identificada ou identific\u00e1vel;<\/td><\/tr><tr><td width=\"227\"><strong>Controlador de Dados<\/strong><\/td><td width=\"500\">pessoa natural ou jur\u00eddica, de direito p\u00fablico ou privado, a quem competem as decis\u00f5es referentes ao tratamento de dados pessoais; Neste caso, a <strong>SBH<\/strong>.<\/td><\/tr><tr><td width=\"227\"><strong>Operador de Dados<\/strong><\/td><td width=\"500\">pessoa natural ou jur\u00eddica, de direito p\u00fablico ou privado, que realiza o tratamento de dados pessoais em nome do controlador; A EVENTOGYN.<\/td><\/tr><tr><td width=\"227\"><strong>Titular<\/strong><\/td><td width=\"500\">pessoa natural a quem se referem os dados pessoais que s\u00e3o objeto de tratamento, no caso, os participantes de Eventos.<\/td><\/tr><tr><td width=\"227\"><strong>Tratamento<\/strong><\/td><td width=\"500\">Coleta, recep\u00e7\u00e3o, classifica\u00e7\u00e3o, utiliza\u00e7\u00e3o, acesso, reprodu\u00e7\u00e3o, transmiss\u00e3o, distribui\u00e7\u00e3o, processamento, arquivamento, armazenamento, elimina\u00e7\u00e3o, avalia\u00e7\u00e3o ou controle da informa\u00e7\u00e3o, modifica\u00e7\u00e3o, atualiza\u00e7\u00e3o, comunica\u00e7\u00e3o, transfer\u00eancia, compartilhamento e extra\u00e7\u00e3o de dados pessoais.<\/td><\/tr><\/tbody><\/table><p>Havendo qualquer d\u00favida relacionada \u00e0 prote\u00e7\u00e3o de seus Dados Pessoais, voc\u00ea poder\u00e1 nos contatar por meio do canal exclusivo dispon\u00edvel no final desta pol\u00edtica de privacidade.<\/p><h4>O que s\u00e3o cookies e como os utilizamos?<\/h4><p>Utilizamos cookies\u00a0para melhorar a performance do site e a sua experi\u00eancia na navega\u00e7\u00e3o. Voc\u00ea pode ajustar suas configura\u00e7\u00f5es de navegador para desabilitar os cookies ou delet\u00e1-los. Se voc\u00ea desabilitar os cookies, esteja ciente de que alguns dos recursos do nosso servi\u00e7o podem n\u00e3o funcionar corretamente.<\/p><p>Agregados em grupos, abaixo listamos todas estas finalidades:<\/p><table width=\"728\"><tbody><tr><td width=\"227\"><strong>Cookie<\/strong><\/td><td width=\"501\"><strong>Significado<\/strong><\/td><\/tr><tr><td width=\"227\"><strong>Necess\u00e1rios<\/strong><\/td><td width=\"501\">S\u00e3o cookies essenciais para viabilizar o adequado funcionamento do nosso site e sistema, bem como permitir que voc\u00ea fa\u00e7a uso de todas as funcionalidades dispon\u00edveis.<\/td><\/tr><tr><td width=\"227\"><strong>Desempenho<\/strong><\/td><td width=\"501\">Estes nos ajudam a entender sua intera\u00e7\u00e3o com nosso site \/ sistema. Tamb\u00e9m nos fornecem informa\u00e7\u00f5es como locais visitados e poss\u00edveis problemas encontrados, nos permitindo corrigi-los com agilidade.<\/td><\/tr><tr><td width=\"227\"><strong>Funcionais<\/strong><\/td><td width=\"501\">Permite o sistema lembrar escolhas realizadas, proporcionando uma experi\u00eancia de navega\u00e7\u00e3o personalizada.<\/td><\/tr><\/tbody><\/table><p>Destacamos que os cookies necess\u00e1rios s\u00e3o essenciais para o normal funcionamento do nosso website, sendo que a oposi\u00e7\u00e3o \u00e0 utiliza\u00e7\u00e3o desta ferramenta poder\u00e1 implicar na inutiliza\u00e7\u00e3o de sua experi\u00eancia ou no funcionamento inadequado de alguns servi\u00e7os.<\/p><p>Voc\u00ea pode ler mais sobre os Cookies em nossa\u00a0<a href=\"https:\/\/sbhansenologia.com.br\/2023\/cookies\/\"><strong><em>Pol\u00edtica de Cookies<\/em><\/strong><\/a>.<\/p><h4>Quais dados pessoais coletamos<\/h4><p>Com o prop\u00f3sito de zelar pela sua privacidade, entendemos que todo e qualquer Tratamento de Dados Pessoais deve ser limitado ao m\u00ednimo necess\u00e1rio, pertinente, e proporcional para viabilizar a finalidade pretendida. Por isso, os Dados Pessoais que coletaremos a seu respeito ser\u00e3o apenas aqueles compat\u00edveis com a sua rela\u00e7\u00e3o conosco, isto \u00e9, o exclusivamente necess\u00e1rio para sua inscri\u00e7\u00e3o no evento e pagamento online do produto\/servi\u00e7o adquirido.<\/p><p>No ato do cadastro, voc\u00ea precisar\u00e1 criar uma senha que juntamente com seu CPF ou e-mail ser\u00e3o as credenciais para acessar sua \u00e1rea de participante posteriormente e ter acesso a todos os servi\u00e7os oferecidos no evento.<\/p><p>O\u00a0<em>login<\/em>\u00a0e a senha criados s\u00e3o pessoais, intransfer\u00edveis e para seu conhecimento e uso exclusivo.\u00a0<strong>VOC\u00ca<\/strong>\u00a0dever\u00e1 assegurar e proteger em quaisquer circunst\u00e2ncias a confidencialidade e a seguran\u00e7a de seu\u00a0<em>login<\/em>\u00a0e senha. Assim,\u00a0<strong>VOC\u00ca<\/strong>\u00a0n\u00e3o dever\u00e1 revelar suas credenciais de acesso a terceiros, nem as inserir em sistemas inform\u00e1ticos que permitam a sua descodifica\u00e7\u00e3o e c\u00f3pia, assegurando-se de que o equipamento utilizado para acesso ao nosso site se encontra devidamente protegido contra softwares maliciosos e do acesso indevido por terceiros. Se voc\u00ea descumprir as obriga\u00e7\u00f5es aqui apresentadas, voc\u00ea estar\u00e1 praticando ato de exclusiva responsabilidade, sendo que eventuais preju\u00edzos decorrentes de tal ato ser\u00e3o suportados por\u00a0<strong>VOC\u00ca<\/strong>\u00a0exclusivamente.<\/p><p>Assim, s\u00e3o os seguintes dados pessoais fornecidos por\u00a0<strong>VOC\u00ca<\/strong>:<\/p><ul><li><strong>Informa\u00e7\u00f5es de identifica\u00e7\u00e3o,<\/strong>\u00a0como o seu nome, RG, CPF, nacionalidade, data de nascimento, dentre outros, se comprovadamente necess\u00e1rio por eventos espec\u00edficos e sempre considerando o m\u00ednimo necess\u00e1rio para viabilizar a finalidade pretendida;<\/li><li><strong>Informa\u00e7\u00f5es que nos auxiliem a contat\u00e1-lo<\/strong>, como endere\u00e7o residencial, CEP, telefone fixo ou celular, e e-mail;<\/li><li><strong>Informa\u00e7\u00f5es financeiras:<\/strong>\u00a0Os pagamentos realizados em nossa plataforma, se aplic\u00e1vel, s\u00e3o realizados exclusivamente via boleto banc\u00e1rio, Cart\u00e3o de cr\u00e9dito ou PIX, por nosso parceiro pagar.me.<\/li><\/ul><p>\u00c9 muito importante voc\u00ea saber que todas as opera\u00e7\u00f5es de Tratamento de Dados da Pagar.me respeitam padr\u00f5es de seguran\u00e7a internacionais aplic\u00e1veis ao setor, como, por exemplo, as diretrizes\u00a0<strong>PCI-DSS (Payment Card Industry \u2013 Data Security Standard)<\/strong>, que inclui, entre diversos requisitos de seguran\u00e7a, a\u00a0<strong>criptografia dos Dados de cart\u00f5es<\/strong>.<\/p><p>Para ver a pol\u00edtica de privacidade da Pagar.me visite:\u00a0<a href=\"https:\/\/pagar.me\/aviso-de-privacidade\">https:\/\/pagar.me\/aviso-de-privacidade<\/a><\/p><h4>Quais s\u00e3o os seus direitos enquanto titular dos dados?<\/h4><p><strong>VOC\u00ca<\/strong>, como titular de seus dados, possui os seguintes direitos de acordo com a Lei 13.709\/18 (LGPD):<\/p><table width=\"727\"><tbody><tr><td width=\"160\"><strong>Direito de Acesso<\/strong><\/td><td width=\"567\"><strong>VOC\u00ca<\/strong> poder\u00e1 solicitar informa\u00e7\u00f5es sobre os dados pessoais tratados pela <strong>SBH<\/strong>. Mas para isso,\u00a0<strong>VOC\u00ca<\/strong>\u00a0dever\u00e1 confirmar alguns dados pessoais no ato da solicita\u00e7\u00e3o.<\/td><\/tr><tr><td width=\"160\"><strong>Direito de Oposi\u00e7\u00e3o<\/strong><\/td><td width=\"567\"><strong>VOC\u00ca<\/strong> poder\u00e1 solicitar a interrup\u00e7\u00e3o do tratamento de seus dados pessoais a qualquer tempo. A <strong>SBH<\/strong> ir\u00e1 atender a sua solicita\u00e7\u00e3o desde que n\u00e3o exista qualquer obriga\u00e7\u00e3o legal ou regulat\u00f3ria que imponha a conserva\u00e7\u00e3o de seus dados. Durante a rela\u00e7\u00e3o entre a <strong>SBH<\/strong>\u00a0e\u00a0<strong>VOC\u00ca<\/strong> em decorr\u00eancia da participa\u00e7\u00e3o no evento, a <strong>SBH<\/strong>\u00a0conservar\u00e1 o tratamento de dados, n\u00e3o havendo possibilidade de oposi\u00e7\u00e3o<\/td><\/tr><tr><td width=\"160\"><p><strong>Direito de Corre\u00e7\u00e3o ou Atualiza\u00e7\u00e3o de Dados<\/strong><\/p><p><strong>\u00a0<\/strong><\/p><\/td><td width=\"567\"><strong>VOC\u00ca\u00a0<\/strong>poder\u00e1 solicitar a corre\u00e7\u00e3o de seus dados pessoais que estiverem incompletos, inexatos ou desatualizados, bastando que envie uma solicita\u00e7\u00e3o \u00e0 <strong>SBH<\/strong>\u00a0indicando os dados corretos. Voc\u00ea pode ainda enviar uma mensagem diretamente ao organizador do seu evento solicitando a corre\u00e7\u00e3o.<\/td><\/tr><tr><td width=\"160\"><strong>Direito de Anonimiza\u00e7\u00e3o ou elimina\u00e7\u00e3o dos dados pessoais<\/strong><\/td><td width=\"567\"><strong>VOC\u00ca<\/strong> poder\u00e1 solicitar a anonimiza\u00e7\u00e3o ou elimina\u00e7\u00e3o de seus dados pessoais. A <strong>SBH<\/strong>\u00a0atender\u00e1 a sua solicita\u00e7\u00e3o\u00a0<strong><u>desde que<\/u><\/strong>\u00a0n\u00e3o exista obriga\u00e7\u00e3o legal de manter integralmente os seus dados pessoais; e, \u00a0todas as finalidades para os quais os mesmos foram tratados, assim como o prazo de tratamento, tenham sido integralmente observados.<\/td><\/tr><tr><td width=\"160\"><strong>Compartilhamento dos Dados Pessoais<\/strong><\/td><td width=\"567\"><strong>VOC\u00ca\u00a0<\/strong>pode solicitar informa\u00e7\u00f5es sobre terceiros com quem a <strong>SBH<\/strong> compartilha os seus dados pessoais, destacando que a presente Pol\u00edtica apresenta os limites de compartilhamento de dados que a <strong>SBH<\/strong>\u00a0conduz em rela\u00e7\u00e3o aos seus dados pessoais.<\/td><\/tr><tr><td width=\"160\"><strong>Direito de Informa\u00e7\u00e3o<\/strong><\/td><td width=\"567\"><strong>VOC\u00ca<\/strong>\u00a0pode solicitar informa\u00e7\u00f5es, sempre que quiser, sobre as possibilidades de elimina\u00e7\u00e3o dos dados, bem como sobre quando e em quais hip\u00f3teses seus dados s\u00e3o tratados com base em seu consentimento e como neg\u00e1-lo<\/td><\/tr><tr><td width=\"160\"><strong>Direito de Revoga\u00e7\u00e3o do consentimento<\/strong><\/td><td width=\"567\">Quando os seus dados pessoais forem tratados pela <strong>SBH<\/strong>\u00a0\u00fanica e exclusivamente com base em seu consentimento expresso,\u00a0<strong>VOC\u00ca<\/strong> tem o direito de revog\u00e1-lo a qualquer tempo. Entretanto, tratamento de dados em raz\u00e3o de cumprimento de obriga\u00e7\u00f5es legais e compromissos contratuais existente entre a <strong>SBH<\/strong>\u00a0e\u00a0<strong>VOC\u00ca<\/strong>\u00a0n\u00e3o devem ser confundidos com o consentimento expresso, n\u00e3o podendo, portanto, ser revogados.<\/td><\/tr><tr><td width=\"160\"><strong>Direito de reclama\u00e7\u00e3o \u00e0 Autoridade Nacional de Prote\u00e7\u00e3o de Dados<\/strong><\/td><td width=\"567\"><strong>VOC\u00ca<\/strong>\u00a0tem o direito de se manifestar, a qualquer tempo, perante a Autoridade Nacional de Prote\u00e7\u00e3o de Dados (ANPD), solicitando informa\u00e7\u00f5es e apresentando reclama\u00e7\u00f5es a referida autoridade.\u00a0 Nesse caso,\u00a0<strong>VOC\u00ca<\/strong>\u00a0dever\u00e1 entrar em contato com a Autoridade atrav\u00e9s dos meios de contato disponibilizados pela mesma.<\/td><\/tr><\/tbody><\/table><h4>Dados pessoais sens\u00edveis s\u00e3o tratados pela <strong>SBH<\/strong>?<\/h4><p>A Lei Geral de Prote\u00e7\u00e3o de Dados (13.709\/18) considera dados pessoais sens\u00edveis os dados sobre origem racial ou \u00e9tnica, convic\u00e7\u00e3o religiosa, opini\u00e3o pol\u00edtica, filia\u00e7\u00e3o a sindicato ou a organiza\u00e7\u00e3o de car\u00e1ter religioso, filos\u00f3fico ou pol\u00edtico, dado referente a sa\u00fade e \u00e0 vida sexual, dado gen\u00e9tico ou biom\u00e9trico, quando vinculado \u00e0 uma pessoa natural.<\/p><p>Para participa\u00e7\u00e3o nos Eventos, a <strong>SBH<\/strong><u>\u00a0n\u00e3o solicita ou trata quaisquer dados pessoais sens\u00edveis, assim considerados pela\u00a0<strong>LGPD<\/strong>.<\/u><\/p><h4>A <strong>SBH<\/strong>\u00a0compartilha seus dados com terceiros?<\/h4><p>Os dados que\u00a0<strong>VOC\u00ca<\/strong>\u00a0fornece s\u00e3o tratados por terceiros Organizadores do Evento\u00a0para dar cumprimento ao mesmo.<\/p><p>Todas as empresas envolvidas no processo de realiza\u00e7\u00e3o dos nossos eventos, inclusive a EVENTOGYN, empresa de sorftware respons\u00e1vel pelas sites e software de inscri\u00e7\u00f5es,<strong>\u00a0<u>n\u00e3o possuem permiss\u00e3o<\/u><\/strong>\u00a0para tratar os seus dados para fim diverso do que aqui previsto, ou seja, para o regular desempenho das obriga\u00e7\u00f5es contratadas e vinculadas \u00e0 realiza\u00e7\u00e3o do congresso.<\/p><p>A <strong>SBH<\/strong>\u00a0n\u00e3o compartilha, comercializa ou transfere seus dados pessoais para outras pessoas, n\u00e3o envolvidas na execu\u00e7\u00e3o e realiza\u00e7\u00e3o do congresso, sejam elas pessoas f\u00edsicas ou jur\u00eddicas, de direito p\u00fablico ou privado, bem como\u00a0<strong><u>N\u00c3O AUTORIZA\u00a0<\/u><\/strong>as empresas por ela contratadas a agir dessa forma.<\/p><h4>E em rela\u00e7\u00e3o ao envio de conte\u00fados, a <strong>SBH<\/strong>\u00a0encaminha e-mails promocionais?<\/h4><p>N\u00e3o. A <strong>SBH<\/strong>\u00a0poder\u00e1 utilizar de ferramenta para envio de e-mails em massa para os participantes dos Eventos para as\u00a0<strong><u>comunica\u00e7\u00f5es que forem necess\u00e1rias<\/u><\/strong>\u00a0sobre o evento para o qual\u00a0<strong>VOC\u00ca<\/strong>\u00a0estiver inscrito a participar, porquanto essa \u00e9 a forma de comunica\u00e7\u00e3o da organiza\u00e7\u00e3o com\u00a0<strong>VOC\u00ca<\/strong>\u00a0para prestar-lhe informa\u00e7\u00f5es de seu interesse, como qualquer atualiza\u00e7\u00e3o, cancelamento, altera\u00e7\u00e3o de programa\u00e7\u00e3o, palestrantes, hor\u00e1rios, entre outros.<\/p><h4>Por quanto tempo seus dados pessoais ficam com a <strong>SBH<\/strong>?<\/h4><p>Os seus dados pessoais s\u00e3o armazenados pela <strong>SBH<\/strong>\u00a0na plataforma\u00a0<strong>EventoGYN<\/strong>\u00a0durante o per\u00edodo necess\u00e1rio para a realiza\u00e7\u00e3o do congresso do qual\u00a0<strong>VOC\u00ca<\/strong>\u00a0participar\u00e1, e ap\u00f3s o congresso, para que voc\u00ea possa emitir os certificados digitais de participa\u00e7\u00e3o no evento, e ainda autentica\u00e7\u00e3o do certificado. O apagamento dos dados tornaria todos os certificados do evento inv\u00e1lidos, se consultados em um cart\u00f3rio ou institui\u00e7\u00e3o que VOC\u00ca apresentar para fins de autentica\u00e7\u00e3o por exemplo.<\/p><p>Dessa forma, a <strong>SBH<\/strong>\u00a0a\u00a0<strong>Win Eventos<\/strong>\u00a0e a\u00a0<strong>EventoGYN<\/strong>\u00a0mant\u00e9m seus dados em seguran\u00e7a por tempo indeterminado, salvo para eventos com tempo de emiss\u00e3o e autentica\u00e7\u00e3o de certificados definidos sem que haja preju\u00edzo para os participantes.<\/p><h4>Como a <strong>SBH<\/strong>\u00a0protege os seus dados pessoais?<\/h4><p>A <strong>SBH<\/strong>\u00a0e sua contratada\u00a0<strong>Win Eventos LTDA<\/strong>\u00a0utiliza a plataforma EventoGYN para o recebimento de inscri\u00e7\u00f5es no Congresso. N\u00f3s levamos a s\u00e9rio a seguran\u00e7a dos seus dados pessoais. Por isso, possu\u00edmos diretrizes e controles internos para garantir que seus dados n\u00e3o sejam perdidos, acidentalmente destru\u00eddos, mal utilizados ou divulgados e n\u00e3o sejam acessados indevidamente, exceto por funcion\u00e1rios e\/ou contratados respons\u00e1veis pelo desempenho das atividades vinculadas a realiza\u00e7\u00e3o dos eventos. Voc\u00ea pode conhecer a pol\u00edtica de privacidade da EventoGYN em:\u00a0<a href=\"https:\/\/eventogyn.com.br\/privacidade\/\">https:\/\/eventogyn.com.br\/privacidade\/<\/a>.<\/p><h4>Como exercer os seus direitos?<\/h4><p>Para exercer os direitos descritos acima, bem como para ter informa\u00e7\u00f5es sobre o tratamento de dados pessoais realizados pela <strong>SBH<\/strong>,\u00a0<strong>VOC\u00ca<\/strong>\u00a0poder entrar em contato com: \u00a0ou diretamente com a empresa de software em\u00a0<a href=\"mailto:privacidade@eventogyn.com.br\">privacidade@eventogyn.com.br<\/a>.<\/p><h4>Disposi\u00e7\u00f5es finais<\/h4><p>Ao navegar e utilizar nosso site, voc\u00ea aceita todo o disposto nesta Pol\u00edtica e demais pol\u00edticas legais que se encontram vigentes na data de acesso.<\/p><p>Esta Pol\u00edtica de Privacidade e Tratamento de Dados est\u00e1 sujeita a constante melhorias e aprimoramentos. Dessa forma, a <strong>SBH<\/strong>\u00a0se reserva o direito de modific\u00e1-la a qualquer momento, bem como para adequa\u00e7\u00e3o e conformidade legal de disposi\u00e7\u00e3o de lei ou norma que tenha for\u00e7a jur\u00eddica equivalente, cabendo aos usu\u00e1rios verific\u00e1-la sempre que efetuar o acesso ao site do evento. Por isso, recomenda-se que\u00a0<strong>VOC\u00ca<\/strong>\u00a0leia e revise essa Pol\u00edtica sempre que for utilizar nossos servi\u00e7os. Todas as altera\u00e7\u00f5es e\/ou atualiza\u00e7\u00f5es surtir\u00e3o efeitos a partir da publica\u00e7\u00e3o. Se\u00a0<strong>VOC\u00ca<\/strong>\u00a0fornecer dados pessoais ap\u00f3s as altera\u00e7\u00f5es e\/ou atualiza\u00e7\u00f5es,\u00a0<strong>VOC\u00ca<\/strong>\u00a0estar\u00e1 manifestando a sua concord\u00e2ncia com as novas regras.<\/p><p>Sempre que poss\u00edvel, potenciais diverg\u00eancias entre o usu\u00e1rio participante e a <strong>SBH<\/strong>\u00a0ser\u00e3o resolvidas de forma amig\u00e1vel. Quando todos os esfor\u00e7os neste sentido forem esgotados, voc\u00ea concorda, desde j\u00e1, que fica eleito o foro da comarca de Goi\u00e2nia, no Estado de Goi\u00e1s, para resolver controv\u00e9rsias ou queixas oriundas da utiliza\u00e7\u00e3o de nossa plataforma ou relacionadas a esta Pol\u00edtica de Privacidade e Tratamento de Dados.<\/p><h4>Como entrar em contato com a <strong>SBH<\/strong>?<\/h4><p>Se ap\u00f3s a leitura da presente Pol\u00edtica\u00a0<strong>VOC\u00ca<\/strong> tiver alguma d\u00favida, coment\u00e1rio ou solicita\u00e7\u00e3o, entre em contato com a <strong>SBH<\/strong>\u00a0por e-mail, para o seguinte endere\u00e7o:\u00a0<a href=\"mailto:eventos.vix5@wineventos.com.br\">eventos.vix5@wineventos.com.br<\/a>\u00a0ou\u00a0<a href=\"mailto:privacidade@eventogyn.com.br\">privacidade@eventogyn.com.br<\/a>.<\/p><p><strong>A SBH\/Win Eventos LTDA<\/strong>\u00a0enviar\u00e1 uma resposta em at\u00e9 05 (cinco) dias a partir do recebimento do seu contato.<\/p>\t\t\t\t\t\t<\/div>\n\t\t\t\t<\/div>\n\t\t\t\t\t<\/div>\n\t\t<\/div>\n\t\t\t\t\t<\/div>\n\t\t<\/section>\n\t\t\t\t<\/div>\n\t\t","protected":false},"excerpt":{"rendered":"<p>Defini\u00e7\u00f5es Gerais A\u00a0SBH\u00a0e a Organizadora\u00a0Win Eventos LTDA\u00a0desejam manter uma rela\u00e7\u00e3o de confian\u00e7a e transpar\u00eancia junto a todos os estudantes e participantes e de Eventos com quem se relaciona. Por isso, elaboramos esta Pol\u00edtica de Privacidade e Tratamento de Dados para lhe auxiliar a entender quais informa\u00e7\u00f5es suas n\u00f3s coletamos, por qual(is) motivo(s) as coletamos e [&hellip;]<\/p>\n","protected":false},"author":1,"featured_media":0,"parent":0,"menu_order":0,"comment_status":"closed","ping_status":"closed","template":"elementor_header_footer","meta":{"footnotes":""},"aioseo_notices":[],"_links":{"self":[{"href":"https:\/\/sbhansenologia.com.br\/2023\/wp-json\/wp\/v2\/pages\/362"}],"collection":[{"href":"https:\/\/sbhansenologia.com.br\/2023\/wp-json\/wp\/v2\/pages"}],"about":[{"href":"https:\/\/sbhansenologia.com.br\/2023\/wp-json\/wp\/v2\/types\/page"}],"author":[{"embeddable":true,"href":"https:\/\/sbhansenologia.com.br\/2023\/wp-json\/wp\/v2\/users\/1"}],"replies":[{"embeddable":true,"href":"https:\/\/sbhansenologia.com.br\/2023\/wp-json\/wp\/v2\/comments?post=362"}],"version-history":[{"count":10,"href":"https:\/\/sbhansenologia.com.br\/2023\/wp-json\/wp\/v2\/pages\/362\/revisions"}],"predecessor-version":[{"id":385,"href":"https:\/\/sbhansenologia.com.br\/2023\/wp-json\/wp\/v2\/pages\/362\/revisions\/385"}],"wp:attachment":[{"href":"https:\/\/sbhansenologia.com.br\/2023\/wp-json\/wp\/v2\/media?parent=362"}],"curies":[{"name":"wp","href":"https:\/\/api.w.org\/{rel}","templated":true}]}}