{"id":368,"date":"2022-09-26T21:25:45","date_gmt":"2022-09-26T21:25:45","guid":{"rendered":"https:\/\/sbhansenologia.com.br\/?page_id=368"},"modified":"2022-09-26T21:42:26","modified_gmt":"2022-09-26T21:42:26","slug":"cookies","status":"publish","type":"page","link":"https:\/\/sbhansenologia.com.br\/2023\/cookies\/","title":{"rendered":"Pol\u00edtica de Cookies"},"content":{"rendered":"\t\t<div data-elementor-type=\"wp-page\" data-elementor-id=\"368\" class=\"elementor elementor-368\">\n\t\t\t\t\t\t<section class=\"elementor-section elementor-top-section elementor-element elementor-element-458d2de3 elementor-section-height-min-height elementor-section-boxed elementor-section-height-default elementor-section-items-middle\" data-id=\"458d2de3\" data-element_type=\"section\">\n\t\t\t\t\t\t\t<div class=\"elementor-background-overlay\"><\/div>\n\t\t\t\t\t\t\t<div class=\"elementor-container elementor-column-gap-default\">\n\t\t\t\t\t<div class=\"elementor-column elementor-col-100 elementor-top-column elementor-element elementor-element-556d326\" data-id=\"556d326\" data-element_type=\"column\">\n\t\t\t<div class=\"elementor-widget-wrap elementor-element-populated\">\n\t\t\t\t\t\t\t<\/div>\n\t\t<\/div>\n\t\t\t\t\t<\/div>\n\t\t<\/section>\n\t\t\t\t<section class=\"elementor-section elementor-top-section elementor-element elementor-element-c886631 elementor-section-boxed elementor-section-height-default elementor-section-height-default\" data-id=\"c886631\" data-element_type=\"section\">\n\t\t\t\t\t\t<div class=\"elementor-container elementor-column-gap-default\">\n\t\t\t\t\t<div class=\"elementor-column elementor-col-100 elementor-top-column elementor-element elementor-element-aee9e3b\" data-id=\"aee9e3b\" data-element_type=\"column\">\n\t\t\t<div class=\"elementor-widget-wrap elementor-element-populated\">\n\t\t\t\t\t\t<div class=\"elementor-element elementor-element-e636c2e elementor-widget elementor-widget-text-editor\" data-id=\"e636c2e\" data-element_type=\"widget\" data-widget_type=\"text-editor.default\">\n\t\t\t\t<div class=\"elementor-widget-container\">\n\t\t\t<style>\/*! elementor - v3.21.0 - 08-05-2024 *\/\n.elementor-widget-text-editor.elementor-drop-cap-view-stacked .elementor-drop-cap{background-color:#69727d;color:#fff}.elementor-widget-text-editor.elementor-drop-cap-view-framed .elementor-drop-cap{color:#69727d;border:3px solid;background-color:transparent}.elementor-widget-text-editor:not(.elementor-drop-cap-view-default) .elementor-drop-cap{margin-top:8px}.elementor-widget-text-editor:not(.elementor-drop-cap-view-default) .elementor-drop-cap-letter{width:1em;height:1em}.elementor-widget-text-editor .elementor-drop-cap{float:left;text-align:center;line-height:1;font-size:50px}.elementor-widget-text-editor .elementor-drop-cap-letter{display:inline-block}<\/style>\t\t\t\t<h4>Pol\u00edtica de Cookies<\/h4><p>Esta pol\u00edtica explica especificamente como n\u00f3s, nossos parceiros e usu\u00e1rios de nossos servi\u00e7os implementamos cookies, bem como as op\u00e7\u00f5es que voc\u00ea tem para control\u00e1-los.<\/p><h4>O que s\u00e3o\u00a0<em>cookies<\/em>?<\/h4><p>Cookies s\u00e3o pequenos peda\u00e7os de dados, armazenados em arquivos de texto, que s\u00e3o armazenados em seu computador ou outro dispositivo quando os sites s\u00e3o carregados em um navegador.\u00a0Eles s\u00e3o amplamente usados \u200b\u200bpara \u201clembrar\u201d voc\u00ea e suas prefer\u00eancias, seja para uma \u00fanica visita (por meio de um \u201c<strong>cookie de sess\u00e3o<\/strong>\u201d) ou para v\u00e1rias visitas repetidas (usando um \u201c<strong>cookie persistente<\/strong>\u201d).<\/p><p>Um\u00a0<em>cookie\u00a0<\/em>persistente ser\u00e1 armazenado por um navegador e permanecer\u00e1 v\u00e1lido at\u00e9 sua data de validade, salvo se deletado pelo usu\u00e1rio antes desta data. Um\u00a0<em>cookie\u00a0<\/em>de sess\u00e3o, por outro lado, ir\u00e1 expirar ao final de uma sess\u00e3o de navega\u00e7\u00e3o do usu\u00e1rio, quando o navegador \u00e9 encerrado.<\/p><p>Eles garantem uma experi\u00eancia consistente e eficiente para os visitantes e desempenham fun\u00e7\u00f5es essenciais, como permitir que os usu\u00e1rios se registrem e permane\u00e7am conectados. Os cookies podem ser definidos pelo site que voc\u00ea est\u00e1 visitando (conhecidos como \u201ccookies prim\u00e1rios\u201d) ou por terceiros , como aqueles que veiculam conte\u00fado ou fornecem servi\u00e7os de publicidade ou anal\u00edtica no site (\u201ccookies de terceiros\u201d).<\/p><h4>Como usamos\u00a0<em>cookies<\/em>?<\/h4><p>Usamos\u00a0<em>cookies<\/em>\u00a0para v\u00e1rios fins diferentes.\u00a0Alguns\u00a0<em>cookies<\/em>\u00a0s\u00e3o necess\u00e1rios por motivos t\u00e9cnicos;\u00a0alguns permitem uma experi\u00eancia personalizada para visitantes e usu\u00e1rios registrados.<\/p><p>N\u00e3o utilizamos\u00a0<em>cookies<\/em>\u00a0para exibi\u00e7\u00e3o de publicidade.<\/p><p>Usamos\u00a0<em>Cookies<\/em>\u00a0e outras tecnologias com as seguintes finalidades:<\/p><ul><li><strong>Autentica\u00e7\u00e3o:\u00a0<\/strong>indica que o usu\u00e1rio est\u00e1 conectado, para que possamos oferecer os recursos apropriados, bem como entender como este utiliza e acessa a plataforma EventoGYN;<\/li><li><strong>Seguran\u00e7a e integridade:<\/strong>\u00a0ajuda a manter a seguran\u00e7a dos servi\u00e7os, oferecendo suporte ou ativando recursos de seguran\u00e7a e ajudando a detectar atividades que violam nossas pol\u00edticas legais;<\/li><li><strong>Recursos e servi\u00e7os:<\/strong>\u00a0ajuda a fornecer produtos e servi\u00e7os e conte\u00fado personalizado;<\/li><li><strong>Desempenho:<\/strong>\u00a0ajuda a proporcionar a melhor experi\u00eancia poss\u00edvel, por exemplo, ajudando a rotear o tr\u00e1fego entre servidores e perceber com que velocidade o servi\u00e7o \u00e9 carregado para diferentes pessoas. Ocasionalmente, poder\u00e3o ser armazenadas informa\u00e7\u00f5es no navegador ou dispositivo para que os recursos em uso carreguem e respondam rapidamente.<\/li><\/ul><p><em>Para obter mais informa\u00e7\u00f5es sobre as op\u00e7\u00f5es que voc\u00ea tem sobre os cookies que usamos, veja a se\u00e7\u00e3o\u00a0<strong>Cookies de controle<\/strong>\u00a0abaixo<\/em>.<\/p><h4><em>Cookies<\/em>\u00a0de controle<\/h4><p>Os visitantes podem querer restringir o uso de cookies ou impedir completamente que sejam configurados.\u00a0A maioria dos navegadores fornece maneiras de controlar o comportamento dos cookies, como o per\u00edodo em que s\u00e3o armazenados \u2013 por meio de funcionalidade integrada ou utilizando plug-ins de terceiros.\u00a0Se voc\u00ea desabilitar os cookies,\u00a0<strong><em>esteja ciente de que alguns dos recursos do nosso servi\u00e7o podem n\u00e3o funcionar corretamente<\/em><\/strong>.<\/p><p>Para saber mais sobre como gerenciar e excluir cookies, veja a se\u00e7\u00e3o\u00a0<strong><em>Como controlar cookies<\/em><\/strong>\u00a0abaixo.<\/p><h4>Tecnologias de rastreamento<\/h4><p>A EventoGYN poder\u00e1 utilizar outras tecnologias de rastreamento, como\u00a0<em>web beacons<\/em>\u00a0(\u00e0s vezes chamados de \u201cpixels de rastreamento\u201d, \u201cpixel tags\u201d ou \u201cgifs n\u00edtidos\u201d).\u00a0<\/p><p>Em muitos casos, essas tecnologias dependem dos\u00a0<em>cookies<\/em>\u00a0para funcionar corretamente.<\/p><h4>Disposi\u00e7\u00f5es finais<\/h4><p>Ao navegar no site do Congresso e na plataforma EventoGYN contratada pela\u00a0<strong>SBH<\/strong>\u00a0para realiza\u00e7\u00e3o dos servi\u00e7os de tecnologia para eventos, voc\u00ea aceita todo o disposto nesta Pol\u00edtica e demais pol\u00edticas legais que se encontram vigentes na data de acesso.<\/p><p>Esta Pol\u00edtica de Cookies est\u00e1 sujeita a constante melhorias e aprimoramentos. Dessa forma, a <strong>SBH<\/strong>\u00a0se reserva o direito de modific\u00e1-la a qualquer momento, bem como para adequa\u00e7\u00e3o e conformidade legal de disposi\u00e7\u00e3o de lei ou norma que tenha for\u00e7a jur\u00eddica equivalente, cabendo aos usu\u00e1rios verific\u00e1-la sempre que efetuar o acesso ao nosso site.<\/p><p>Sempre que poss\u00edvel, potenciais diverg\u00eancias entre o usu\u00e1rio (Participante) e a <strong>SBH <\/strong>ser\u00e3o resolvidas de forma amig\u00e1vel. Quando todos os esfor\u00e7os neste sentido forem esgotados, voc\u00ea concorda, desde j\u00e1, que fica eleito o foro da comarca de Goi\u00e2nia, no Estado de Goi\u00e1s, para resolver controv\u00e9rsias ou queixas oriundas da utiliza\u00e7\u00e3o de nossa plataforma ou relacionadas a esta Pol\u00edtica de Cookies.<\/p><h4>Entre em contato conosco<\/h4><p>Se voc\u00ea tiver alguma d\u00favida sobre nosso uso de cookies, pode entrar em contato conosco em\u00a0<a href=\"mailto:eventos.vix5@wineventos.com.br\">eventos.vix5@wineventos.com.br<\/a>\u00a0ou privacidade@eventogyn.com.br.\u00a0<\/p>\t\t\t\t\t\t<\/div>\n\t\t\t\t<\/div>\n\t\t\t\t\t<\/div>\n\t\t<\/div>\n\t\t\t\t\t<\/div>\n\t\t<\/section>\n\t\t\t\t<\/div>\n\t\t","protected":false},"excerpt":{"rendered":"<p>Pol\u00edtica de Cookies Esta pol\u00edtica explica especificamente como n\u00f3s, nossos parceiros e usu\u00e1rios de nossos servi\u00e7os implementamos cookies, bem como as op\u00e7\u00f5es que voc\u00ea tem para control\u00e1-los. O que s\u00e3o\u00a0cookies? Cookies s\u00e3o pequenos peda\u00e7os de dados, armazenados em arquivos de texto, que s\u00e3o armazenados em seu computador ou outro dispositivo quando os sites s\u00e3o carregados [&hellip;]<\/p>\n","protected":false},"author":1,"featured_media":0,"parent":0,"menu_order":0,"comment_status":"closed","ping_status":"closed","template":"elementor_header_footer","meta":{"footnotes":""},"aioseo_notices":[],"_links":{"self":[{"href":"https:\/\/sbhansenologia.com.br\/2023\/wp-json\/wp\/v2\/pages\/368"}],"collection":[{"href":"https:\/\/sbhansenologia.com.br\/2023\/wp-json\/wp\/v2\/pages"}],"about":[{"href":"https:\/\/sbhansenologia.com.br\/2023\/wp-json\/wp\/v2\/types\/page"}],"author":[{"embeddable":true,"href":"https:\/\/sbhansenologia.com.br\/2023\/wp-json\/wp\/v2\/users\/1"}],"replies":[{"embeddable":true,"href":"https:\/\/sbhansenologia.com.br\/2023\/wp-json\/wp\/v2\/comments?post=368"}],"version-history":[{"count":16,"href":"https:\/\/sbhansenologia.com.br\/2023\/wp-json\/wp\/v2\/pages\/368\/revisions"}],"predecessor-version":[{"id":391,"href":"https:\/\/sbhansenologia.com.br\/2023\/wp-json\/wp\/v2\/pages\/368\/revisions\/391"}],"wp:attachment":[{"href":"https:\/\/sbhansenologia.com.br\/2023\/wp-json\/wp\/v2\/media?parent=368"}],"curies":[{"name":"wp","href":"https:\/\/api.w.org\/{rel}","templated":true}]}}