{"id":37,"date":"2022-09-23T20:42:04","date_gmt":"2022-09-23T20:42:04","guid":{"rendered":"https:\/\/sbhansenologia.com.br\/?page_id=37"},"modified":"2023-09-27T13:09:43","modified_gmt":"2023-09-27T13:09:43","slug":"trabalhos","status":"publish","type":"page","link":"https:\/\/sbhansenologia.com.br\/2023\/trabalhos\/","title":{"rendered":"Trabalhos Cient\u00edficos"},"content":{"rendered":"\t\t<div data-elementor-type=\"wp-page\" data-elementor-id=\"37\" class=\"elementor elementor-37\">\n\t\t\t\t\t\t<section class=\"elementor-section elementor-top-section elementor-element elementor-element-53ea167c elementor-section-height-min-height elementor-section-boxed elementor-section-height-default elementor-section-items-middle\" data-id=\"53ea167c\" data-element_type=\"section\" data-settings=\"{&quot;background_background&quot;:&quot;classic&quot;}\">\n\t\t\t\t\t\t\t<div class=\"elementor-background-overlay\"><\/div>\n\t\t\t\t\t\t\t<div class=\"elementor-container elementor-column-gap-default\">\n\t\t\t\t\t<div class=\"elementor-column elementor-col-100 elementor-top-column elementor-element elementor-element-6ec39873\" data-id=\"6ec39873\" data-element_type=\"column\">\n\t\t\t<div class=\"elementor-widget-wrap elementor-element-populated\">\n\t\t\t\t\t\t\t<\/div>\n\t\t<\/div>\n\t\t\t\t\t<\/div>\n\t\t<\/section>\n\t\t\t\t<section class=\"elementor-section elementor-top-section elementor-element elementor-element-2ba72e97 elementor-hidden-desktop elementor-hidden-tablet elementor-hidden-mobile elementor-section-boxed elementor-section-height-default elementor-section-height-default\" data-id=\"2ba72e97\" data-element_type=\"section\">\n\t\t\t\t\t\t<div class=\"elementor-container elementor-column-gap-default\">\n\t\t\t\t\t<div class=\"elementor-column elementor-col-33 elementor-top-column elementor-element elementor-element-4d3496c2\" data-id=\"4d3496c2\" data-element_type=\"column\">\n\t\t\t<div class=\"elementor-widget-wrap elementor-element-populated\">\n\t\t\t\t\t\t<div class=\"elementor-element elementor-element-454b43cd elementor-widget elementor-widget-heading\" data-id=\"454b43cd\" data-element_type=\"widget\" data-widget_type=\"heading.default\">\n\t\t\t\t<div class=\"elementor-widget-container\">\n\t\t\t<style>\/*! elementor - v3.21.0 - 08-05-2024 *\/\n.elementor-heading-title{padding:0;margin:0;line-height:1}.elementor-widget-heading .elementor-heading-title[class*=elementor-size-]>a{color:inherit;font-size:inherit;line-height:inherit}.elementor-widget-heading .elementor-heading-title.elementor-size-small{font-size:15px}.elementor-widget-heading .elementor-heading-title.elementor-size-medium{font-size:19px}.elementor-widget-heading .elementor-heading-title.elementor-size-large{font-size:29px}.elementor-widget-heading .elementor-heading-title.elementor-size-xl{font-size:39px}.elementor-widget-heading .elementor-heading-title.elementor-size-xxl{font-size:59px}<\/style><h2 class=\"elementor-heading-title elementor-size-default\">17\/08<\/h2>\t\t<\/div>\n\t\t\t\t<\/div>\n\t\t\t\t<div class=\"elementor-element elementor-element-1bb0db9d elementor-widget elementor-widget-heading\" data-id=\"1bb0db9d\" data-element_type=\"widget\" data-widget_type=\"heading.default\">\n\t\t\t\t<div class=\"elementor-widget-container\">\n\t\t\t<h2 class=\"elementor-heading-title elementor-size-default\">Limite submiss\u00e3o<\/h2>\t\t<\/div>\n\t\t\t\t<\/div>\n\t\t\t\t\t<\/div>\n\t\t<\/div>\n\t\t\t\t<div class=\"elementor-column elementor-col-33 elementor-top-column elementor-element elementor-element-3c8dfc88\" data-id=\"3c8dfc88\" data-element_type=\"column\">\n\t\t\t<div class=\"elementor-widget-wrap elementor-element-populated\">\n\t\t\t\t\t\t<div class=\"elementor-element elementor-element-223be23e elementor-widget elementor-widget-heading\" data-id=\"223be23e\" data-element_type=\"widget\" data-widget_type=\"heading.default\">\n\t\t\t\t<div class=\"elementor-widget-container\">\n\t\t\t<h2 class=\"elementor-heading-title elementor-size-default\">10<\/h2>\t\t<\/div>\n\t\t\t\t<\/div>\n\t\t\t\t<div class=\"elementor-element elementor-element-1cafe573 elementor-widget elementor-widget-heading\" data-id=\"1cafe573\" data-element_type=\"widget\" data-widget_type=\"heading.default\">\n\t\t\t\t<div class=\"elementor-widget-container\">\n\t\t\t<h2 class=\"elementor-heading-title elementor-size-default\">M\u00e1ximo de autores por resumo <\/h2>\t\t<\/div>\n\t\t\t\t<\/div>\n\t\t\t\t\t<\/div>\n\t\t<\/div>\n\t\t\t\t<div class=\"elementor-column elementor-col-33 elementor-top-column elementor-element elementor-element-5d349dc3\" data-id=\"5d349dc3\" data-element_type=\"column\">\n\t\t\t<div class=\"elementor-widget-wrap elementor-element-populated\">\n\t\t\t\t\t\t<div class=\"elementor-element elementor-element-6d0f7b68 elementor-widget elementor-widget-heading\" data-id=\"6d0f7b68\" data-element_type=\"widget\" data-widget_type=\"heading.default\">\n\t\t\t\t<div class=\"elementor-widget-container\">\n\t\t\t<h2 class=\"elementor-heading-title elementor-size-default\">03\/11<\/h2>\t\t<\/div>\n\t\t\t\t<\/div>\n\t\t\t\t<div class=\"elementor-element elementor-element-5ea632d0 elementor-widget elementor-widget-heading\" data-id=\"5ea632d0\" data-element_type=\"widget\" data-widget_type=\"heading.default\">\n\t\t\t\t<div class=\"elementor-widget-container\">\n\t\t\t<h2 class=\"elementor-heading-title elementor-size-default\">Limite pagto. inscri\u00e7\u00e3o<\/h2>\t\t<\/div>\n\t\t\t\t<\/div>\n\t\t\t\t\t<\/div>\n\t\t<\/div>\n\t\t\t\t\t<\/div>\n\t\t<\/section>\n\t\t\t\t<section class=\"elementor-section elementor-top-section elementor-element elementor-element-5c83f8ce elementor-section-boxed elementor-section-height-default elementor-section-height-default\" data-id=\"5c83f8ce\" data-element_type=\"section\">\n\t\t\t\t\t\t<div class=\"elementor-container elementor-column-gap-default\">\n\t\t\t\t\t<div class=\"elementor-column elementor-col-100 elementor-top-column elementor-element elementor-element-de227c6\" data-id=\"de227c6\" data-element_type=\"column\">\n\t\t\t<div class=\"elementor-widget-wrap elementor-element-populated\">\n\t\t\t\t\t\t<div class=\"elementor-element elementor-element-78ee7bb6 elementor-widget elementor-widget-accordion\" data-id=\"78ee7bb6\" data-element_type=\"widget\" data-widget_type=\"accordion.default\">\n\t\t\t\t<div class=\"elementor-widget-container\">\n\t\t\t<style>\/*! elementor - v3.21.0 - 08-05-2024 *\/\n.elementor-accordion{text-align:start}.elementor-accordion .elementor-accordion-item{border:1px solid #d5d8dc}.elementor-accordion .elementor-accordion-item+.elementor-accordion-item{border-top:none}.elementor-accordion .elementor-tab-title{margin:0;padding:15px 20px;font-weight:700;line-height:1;cursor:pointer;outline:none}.elementor-accordion .elementor-tab-title .elementor-accordion-icon{display:inline-block;width:1.5em}.elementor-accordion .elementor-tab-title .elementor-accordion-icon svg{width:1em;height:1em}.elementor-accordion .elementor-tab-title .elementor-accordion-icon.elementor-accordion-icon-right{float:right;text-align:right}.elementor-accordion .elementor-tab-title .elementor-accordion-icon.elementor-accordion-icon-left{float:left;text-align:left}.elementor-accordion .elementor-tab-title .elementor-accordion-icon .elementor-accordion-icon-closed{display:block}.elementor-accordion .elementor-tab-title .elementor-accordion-icon .elementor-accordion-icon-opened,.elementor-accordion .elementor-tab-title.elementor-active .elementor-accordion-icon-closed{display:none}.elementor-accordion .elementor-tab-title.elementor-active .elementor-accordion-icon-opened{display:block}.elementor-accordion .elementor-tab-content{display:none;padding:15px 20px;border-top:1px solid #d5d8dc}@media (max-width:767px){.elementor-accordion .elementor-tab-title{padding:12px 15px}.elementor-accordion .elementor-tab-title .elementor-accordion-icon{width:1.2em}.elementor-accordion .elementor-tab-content{padding:7px 15px}}.e-con-inner>.elementor-widget-accordion,.e-con>.elementor-widget-accordion{width:var(--container-widget-width);--flex-grow:var(--container-widget-flex-grow)}<\/style>\t\t<div class=\"elementor-accordion\">\n\t\t\t\t\t\t\t<div class=\"elementor-accordion-item\">\n\t\t\t\t\t<div id=\"elementor-tab-title-2021\" class=\"elementor-tab-title\" data-tab=\"1\" role=\"button\" aria-controls=\"elementor-tab-content-2021\" aria-expanded=\"false\">\n\t\t\t\t\t\t\t\t\t\t\t\t\t<span class=\"elementor-accordion-icon elementor-accordion-icon-left\" aria-hidden=\"true\">\n\t\t\t\t\t\t\t\t\t\t\t\t\t\t\t<span class=\"elementor-accordion-icon-closed\"><i class=\"fas fa-plus\"><\/i><\/span>\n\t\t\t\t\t\t\t\t<span class=\"elementor-accordion-icon-opened\"><i class=\"fas fa-minus\"><\/i><\/span>\n\t\t\t\t\t\t\t\t\t\t\t\t\t\t<\/span>\n\t\t\t\t\t\t\t\t\t\t\t\t<a class=\"elementor-accordion-title\" tabindex=\"0\">Modelos<\/a>\n\t\t\t\t\t<\/div>\n\t\t\t\t\t<div id=\"elementor-tab-content-2021\" class=\"elementor-tab-content elementor-clearfix\" data-tab=\"1\" role=\"region\" aria-labelledby=\"elementor-tab-title-2021\"><p><span style=\"color: #0000ff;\"><a style=\"color: #0000ff;\" href=\"https:\/\/sbhansenologia.com.br\/2023\/wp-content\/uploads\/2023\/06\/Modelo-resumos-TRABALHO-DE-INVESTIGACAO-SBH-2023.docx\">Modelo resumos TRABALHO DE INVESTIGA\u00c7\u00c3O SBH 2023<\/a><\/span><\/p><p><span style=\"color: #0000ff;\"><a style=\"color: #0000ff;\" href=\"https:\/\/sbhansenologia.com.br\/2023\/wp-content\/uploads\/2023\/06\/Modelo-resumos-CASO-CLINICO-RELATO-DE-EXPERIENCIA-SBH-2023.docx\">Modelo resumos CASO CL\u00cdNICO &#8211; RELATO DE EXPERI\u00caNCIA SBH 2023<\/a><\/span><\/p><hr \/><p><a href=\"https:\/\/sbhansenologia.com.br\/2023\/wp-content\/uploads\/2023\/09\/Modelo_slides_trabalhos_de_relato_de_caso_17CBH.pptx\">Modelo slides trabalhos de relato de caso<\/a><\/p><p><a href=\"https:\/\/sbhansenologia.com.br\/2023\/wp-content\/uploads\/2023\/09\/Modelo_slides_trabalhos_de_investigacao_17CBH.pptx\">Modelo slides trabalhos de investiga\u00e7\u00e3o<\/a><\/p><p><a href=\"https:\/\/sbhansenologia.com.br\/2023\/wp-content\/uploads\/2023\/09\/Resultado-de-Trabalhos-Premiados.pdf\">Resultado de Trabalhos Premiados<\/a><\/p><\/div>\n\t\t\t\t<\/div>\n\t\t\t\t\t\t\t\t<\/div>\n\t\t\t\t<\/div>\n\t\t\t\t<\/div>\n\t\t\t\t\t<\/div>\n\t\t<\/div>\n\t\t\t\t\t<\/div>\n\t\t<\/section>\n\t\t\t\t<section class=\"elementor-section elementor-top-section elementor-element elementor-element-255f7561 elementor-section-boxed elementor-section-height-default elementor-section-height-default\" data-id=\"255f7561\" data-element_type=\"section\">\n\t\t\t\t\t\t<div class=\"elementor-container elementor-column-gap-default\">\n\t\t\t\t\t<div class=\"elementor-column elementor-col-100 elementor-top-column elementor-element elementor-element-17c006c5\" data-id=\"17c006c5\" data-element_type=\"column\">\n\t\t\t<div class=\"elementor-widget-wrap elementor-element-populated\">\n\t\t\t\t\t\t<div class=\"elementor-element elementor-element-1d913469 elementor-align-left elementor-widget elementor-widget-button\" data-id=\"1d913469\" data-element_type=\"widget\" data-widget_type=\"button.default\">\n\t\t\t\t<div class=\"elementor-widget-container\">\n\t\t\t\t\t<div class=\"elementor-button-wrapper\">\n\t\t\t<a class=\"elementor-button elementor-button-link elementor-size-md\" href=\"https:\/\/sbhansenologia.com.br\/2023\/wp-content\/uploads\/2023\/09\/GRADE-APRESENTACAO-TRABALHOS-SBH2.pdf\" target=\"_blank\">\n\t\t\t\t\t\t<span class=\"elementor-button-content-wrapper\">\n\t\t\t\t\t\t<span class=\"elementor-button-icon elementor-align-icon-left\">\n\t\t\t\t<i aria-hidden=\"true\" class=\"far fa-file-alt\"><\/i>\t\t\t<\/span>\n\t\t\t\t\t\t\t\t\t<span class=\"elementor-button-text\">Grade de Apresenta\u00e7\u00e3o de Trabalhos<\/span>\n\t\t\t\t\t<\/span>\n\t\t\t\t\t<\/a>\n\t\t<\/div>\n\t\t\t\t<\/div>\n\t\t\t\t<\/div>\n\t\t\t\t<div class=\"elementor-element elementor-element-0fe891f elementor-widget elementor-widget-heading\" data-id=\"0fe891f\" data-element_type=\"widget\" data-widget_type=\"heading.default\">\n\t\t\t\t<div class=\"elementor-widget-container\">\n\t\t\t<h2 class=\"elementor-heading-title elementor-size-default\">Devido ao grande numero de trabalhos submetidos, e a excelente qualidade dos 162 trabalhos aprovados, houve um crit\u00e9rio de sele\u00e7\u00e3o para os que foram aprovados para a apresenta\u00e7\u00e3o e ser\u00e3o apresentados 148 trabalhos pelo espa\u00e7o e tempo que o congresso disp\u00f5e<\/h2>\t\t<\/div>\n\t\t\t\t<\/div>\n\t\t\t\t\t<\/div>\n\t\t<\/div>\n\t\t\t\t\t<\/div>\n\t\t<\/section>\n\t\t\t\t<section class=\"elementor-section elementor-top-section elementor-element elementor-element-1651f902 elementor-section-content-middle elementor-section-boxed elementor-section-height-default elementor-section-height-default\" data-id=\"1651f902\" data-element_type=\"section\">\n\t\t\t\t\t\t<div class=\"elementor-container elementor-column-gap-no\">\n\t\t\t\t\t<div class=\"elementor-column elementor-col-100 elementor-top-column elementor-element elementor-element-5199e640\" data-id=\"5199e640\" data-element_type=\"column\">\n\t\t\t<div class=\"elementor-widget-wrap elementor-element-populated\">\n\t\t\t\t\t\t<div class=\"elementor-element elementor-element-43bc9490 elementor-widget elementor-widget-text-editor\" data-id=\"43bc9490\" data-element_type=\"widget\" data-widget_type=\"text-editor.default\">\n\t\t\t\t<div class=\"elementor-widget-container\">\n\t\t\t<style>\/*! elementor - v3.21.0 - 08-05-2024 *\/\n.elementor-widget-text-editor.elementor-drop-cap-view-stacked .elementor-drop-cap{background-color:#69727d;color:#fff}.elementor-widget-text-editor.elementor-drop-cap-view-framed .elementor-drop-cap{color:#69727d;border:3px solid;background-color:transparent}.elementor-widget-text-editor:not(.elementor-drop-cap-view-default) .elementor-drop-cap{margin-top:8px}.elementor-widget-text-editor:not(.elementor-drop-cap-view-default) .elementor-drop-cap-letter{width:1em;height:1em}.elementor-widget-text-editor .elementor-drop-cap{float:left;text-align:center;line-height:1;font-size:50px}.elementor-widget-text-editor .elementor-drop-cap-letter{display:inline-block}<\/style>\t\t\t\t<p>Data limite de envio do trabalho: At\u00e9 <strong>17 de agosto de 2023<\/strong>.<\/p><p>A Comiss\u00e3o Cient\u00edfica determinar\u00e1 o dia e hor\u00e1rio para as apresenta\u00e7\u00f5es orais dos trabalhos aprovados.<\/p><p>Os trabalhos dever\u00e3o ser enviados de acordo com as categorias: TRABALHO DE INVESTIGA\u00c7\u00c3O ou CASO CL\u00cdNICO\/RELATO DE EXPERI\u00caNCIA, distribu\u00eddos para uma das \u00e1reas abaixo:<\/p><ol><li>Biologia Molecular e Gen\u00e9tica<\/li><li>Imunologia<\/li><li>Cl\u00ednica e Terap\u00eautica<\/li><li>Epidemiologia e Controle<\/li><li>Hist\u00f3ria, Direitos Humanos e Ci\u00eancias Sociais<\/li><li>Preven\u00e7\u00e3o de Incapacidades e Reabilita\u00e7\u00e3o<\/li><\/ol><p>ATEN\u00c7\u00c3O: \u00c9 imprescind\u00edvel a digita\u00e7\u00e3o correta e completa das informa\u00e7\u00f5es do resumo no ato da inscri\u00e7\u00e3o para emiss\u00e3o do certificado e publica\u00e7\u00e3o do resumo nos Anais do Congresso.\u00a0 Institui\u00e7\u00f5es e nomes dos autores n\u00e3o devem ser abreviados. AP\u00d3S A SUBMISS\u00c3O DO RESUMO N\u00c3O SER\u00c3O AUTORIZADAS CORRE\u00c7\u00d5ES OU ALTERA\u00c7\u00c3O DE DADOS NO TRABALHO SUBMETIDO.<\/p><p>Cabe ao(s) autor(es) selecionar(em) a \u00e1rea de conhecimento do trabalho. Entretanto, a Comiss\u00e3o Cient\u00edfica poder\u00e1 remanejar o trabalho para outra \u00e1rea, caso julgue mais adequado.<\/p><p>O apresentador do trabalho n\u00e3o necessariamente ser\u00e1 o autor principal (primeiro autor) e dever\u00e1 estar inscrito no Congresso at\u00e9 a data limite de envio do trabalho dia <strong>17 de agosto de 2023<\/strong>. A inscri\u00e7\u00e3o dever\u00e1 estar quitada at\u00e9 o dia <strong>22 setembro de 2023<\/strong> para que o trabalho seja apresentado e publicado nos Anais do Congresso que ser\u00e1 posteriormente publicado na <em>Hansenologia Internationalis<\/em>. Os demais autores que quiserem participar do evento dever\u00e3o estar inscritos e pagar a taxa de inscri\u00e7\u00e3o conforme a sua categoria, sendo que n\u00e3o dever\u00e3o reenviar o trabalho.<\/p><p>A rela\u00e7\u00e3o dos trabalhos aprovados estar\u00e1 dispon\u00edvel no site a partir da data de in\u00edcio da submiss\u00e3o. Ser\u00e1 enviado um e-mail para o autor que submeteu o resumo no sistema com a carta de aceite informando as regras de apresenta\u00e7\u00e3o oral do trabalho.<\/p><p>Todas as notifica\u00e7\u00f5es ser\u00e3o enviadas por e-mail. Fique atento em sua conta web, se ela estiver cadastrada atrav\u00e9s de contas como Hotmail, Gmail, Yahoo, entre outras, as mensagens podem ser consideradas SPAM. Solicitamos que os autores fiquem atentos a essas informa\u00e7\u00f5es.<\/p><p>A organiza\u00e7\u00e3o do evento reserva-se o direito de publicar o resumo do trabalho de forma impressa ou eletr\u00f4nica. Todos os trabalhos aceitos ser\u00e3o selecionados para publica\u00e7\u00e3o na revista <em>Hansenologia Internationalis<\/em>, seja apresenta\u00e7\u00e3o oral ou p\u00f4ster, em sess\u00f5es espec\u00edficas durante o Congresso.<\/p><p>REGRAS PARA ELABORA\u00c7\u00c3O DO RESUMO<\/p><p>Idioma: portugu\u00eas<\/p><p>Tamanho m\u00e1ximo: 2000 caracteres com espa\u00e7os, exclu\u00eddos o t\u00edtulo, autores, institui\u00e7\u00e3o e palavras-chave.<\/p><p>APRESENTA\u00c7\u00c3O DO RESUMO: A submiss\u00e3o do resumo ser\u00e1 realizada online, ap\u00f3s a conclus\u00e3o da inscri\u00e7\u00e3o. O preenchimento do resumo \u00e9 dividido em etapas: T\u00edtulo e \u00c1rea, Institui\u00e7\u00e3o e Autores. Na etapa final, o autor dever\u00e1 digitar o conte\u00fado do resumo divido em blocos, de acordo com a CATEGORIA DO RESUMO: Trabalho de Investiga\u00e7\u00e3o OU Caso Cl\u00ednico\/Relato de Experi\u00eancia.<\/p><p>O resumo do <strong>TRABALHO DE INVESTIGA\u00c7\u00c3O<\/strong> dever\u00e1 conter:<\/p><p>Introdu\u00e7\u00e3o: breve descri\u00e7\u00e3o do problema a ser estudado.<\/p><p>Objetivos: o que os autores desejam obter com o trabalho.<\/p><p>Metodologia: descrever casu\u00edstica e m\u00e9todos utilizados para coleta e an\u00e1lise dos dados.<\/p><p>Resultados: apresentar os resultados relevantes.<\/p><p>Conclus\u00f5es: devem estar relacionadas aos objetivos e resultados.<\/p><p>O resumo de <strong>CASO CL\u00cdNICO\/RELATO DE EXPERI\u00caNCIA<\/strong> dever\u00e1 conter:<\/p><p>Introdu\u00e7\u00e3o: breve descri\u00e7\u00e3o do problema a ser estudado.<\/p><p>Apresenta\u00e7\u00e3o do Caso\/Relato de Experi\u00eancia: descrever resumidamente os dados mais relevantes do caso\/relato de experi\u00eancia.<\/p><p>Discuss\u00e3o e Conclus\u00e3o: descrever a relev\u00e2ncia do caso\/relato, discutindo os pontos mais importantes.<\/p><p>Coment\u00e1rios Finais: justificativa para apresenta\u00e7\u00e3o.<\/p><p>Palavras-Chave: informar at\u00e9 cinco palavras-chave ap\u00f3s consulta no DECS &#8211; http:\/\/decs.bvs.br\/<\/p><p>Agradecimentos e apoio financeiro n\u00e3o s\u00e3o obrigat\u00f3rios e, se inclusos, devem ser descritos ao final do resumo, ap\u00f3s as palavras-chave.<\/p><p>ATEN\u00c7\u00c3O: O Resumo N\u00c3O dever\u00e1 conter cita\u00e7\u00f5es bibliogr\u00e1ficas, pensamentos, figuras, tabelas, nem refer\u00eancias bibliogr\u00e1ficas.<\/p><p>Abaixo algumas regras IMPORTANTES que dever\u00e3o ser consideradas durante a submiss\u00e3o do resumo:<\/p><p><strong>CRIT\u00c9RIOS DE SELE\u00c7\u00c3O DOS TRABALHOS<\/strong><\/p><p>Os avaliadores receber\u00e3o os resumos inscritos, sem qualquer identifica\u00e7\u00e3o dos seus autores nem da institui\u00e7\u00e3o onde foi realizado, para que sejam avaliados de forma imparcial.<\/p><p>Os trabalhos ser\u00e3o analisados pela Comiss\u00e3o Cient\u00edfica, com base nos crit\u00e9rios estabelecidos a seguir, conforme um protocolo de avalia\u00e7\u00e3o disponibilizado por meio eletr\u00f4nico para cada avaliador.<\/p><p>A decis\u00e3o sobre o trabalho &#8211; ACEITO e N\u00c3O ACEITO &#8211; ser\u00e1 emitida ao trabalho de acordo com a avalia\u00e7\u00e3o dos itens abaixo:<\/p><p>TRABALHO DE INVESTIGA\u00c7\u00c3O<\/p><p>T\u00edtulo: Reflete o objetivo e conte\u00fado do trabalho?<\/p><p>Introdu\u00e7\u00e3o: Reda\u00e7\u00e3o clara, terminologia adequada, justificando o trabalho?<\/p><p>Objetivos: Definidos de forma clara?<\/p><p>Metodologia: Espec\u00edfica para o alcance dos objetivos estabelecidos?<\/p><p>Resultados: Descrevem os dados mais relevantes da pesquisa?<\/p><p>Conclus\u00f5es: Respondem aos objetivos da pesquisa?<\/p><p>Originalidade e aplicabilidade?<\/p><p>CASO CL\u00cdNICO\/RELATO DE EXPERI\u00caNCIA<\/p><p>T\u00edtulo: Reflete o objetivo e conte\u00fado do caso\/relato?<\/p><p>Introdu\u00e7\u00e3o: Reda\u00e7\u00e3o clara, terminologia adequada, justificando a descri\u00e7\u00e3o do caso\/relato?<\/p><p>Apresenta\u00e7\u00e3o do Caso\/Relato de Experi\u00eancia: Descreve resumidamente os dados mais relevantes do caso\/relato de experi\u00eancia?<\/p><p>Discuss\u00e3o e Conclus\u00e3o: Originalidade do caso\/relato, descri\u00e7\u00e3o de diagn\u00f3sticos diferenciais, compara\u00e7\u00e3o com dados da literatura?<\/p><p>Coment\u00e1rios Finais: Justificativa sobre a relev\u00e2ncia para apresenta\u00e7\u00e3o do caso\/relato de experi\u00eancia?<\/p><p><strong>ATEN\u00c7\u00c3O: N\u00e3o ser\u00e3o aceitos resumos que mencionem apenas que os &#8220;resultados ser\u00e3o apresentados&#8221; ou &#8220;os dados ser\u00e3o discutidos&#8221;, bem como resumos que estiverem em desacordo com as orienta\u00e7\u00f5es de formata\u00e7\u00e3o do regulamento.<\/strong><\/p><p>PREMIA\u00c7\u00c3O: Os tr\u00eas melhores trabalhos, de cada \u00e1rea, receber\u00e3o certificado de primeiro, segundo e terceiro lugar e um voucher para inscri\u00e7\u00e3o no pr\u00f3ximo congresso da SBH.<\/p>\t\t\t\t\t\t<\/div>\n\t\t\t\t<\/div>\n\t\t\t\t\t<\/div>\n\t\t<\/div>\n\t\t\t\t\t<\/div>\n\t\t<\/section>\n\t\t\t\t<section class=\"elementor-section elementor-top-section elementor-element elementor-element-137a95c8 elementor-section-boxed elementor-section-height-default elementor-section-height-default\" data-id=\"137a95c8\" data-element_type=\"section\">\n\t\t\t\t\t\t<div class=\"elementor-container elementor-column-gap-default\">\n\t\t\t\t\t<div class=\"elementor-column elementor-col-33 elementor-top-column elementor-element elementor-element-542be9f1\" data-id=\"542be9f1\" data-element_type=\"column\">\n\t\t\t<div class=\"elementor-widget-wrap\">\n\t\t\t\t\t\t\t<\/div>\n\t\t<\/div>\n\t\t\t\t<div class=\"elementor-column elementor-col-33 elementor-top-column elementor-element elementor-element-5891d742\" data-id=\"5891d742\" data-element_type=\"column\">\n\t\t\t<div class=\"elementor-widget-wrap\">\n\t\t\t\t\t\t\t<\/div>\n\t\t<\/div>\n\t\t\t\t<div class=\"elementor-column elementor-col-33 elementor-top-column elementor-element elementor-element-7a72088c\" data-id=\"7a72088c\" data-element_type=\"column\">\n\t\t\t<div class=\"elementor-widget-wrap elementor-element-populated\">\n\t\t\t\t\t\t<div class=\"elementor-element elementor-element-6e81bcd7 elementor-align-justify elementor-widget elementor-widget-button\" data-id=\"6e81bcd7\" data-element_type=\"widget\" data-widget_type=\"button.default\">\n\t\t\t\t<div class=\"elementor-widget-container\">\n\t\t\t\t\t<div class=\"elementor-button-wrapper\">\n\t\t\t<a class=\"elementor-button elementor-button-link elementor-size-md\" href=\"https:\/\/sbhansenologia.com.br\/2023\/login\/\">\n\t\t\t\t\t\t<span class=\"elementor-button-content-wrapper\">\n\t\t\t\t\t\t<span class=\"elementor-button-icon elementor-align-icon-left\">\n\t\t\t\t<i aria-hidden=\"true\" class=\"far fa-clipboard\"><\/i>\t\t\t<\/span>\n\t\t\t\t\t\t\t\t\t<span class=\"elementor-button-text\">Enviar Trabalho<\/span>\n\t\t\t\t\t<\/span>\n\t\t\t\t\t<\/a>\n\t\t<\/div>\n\t\t\t\t<\/div>\n\t\t\t\t<\/div>\n\t\t\t\t\t<\/div>\n\t\t<\/div>\n\t\t\t\t\t<\/div>\n\t\t<\/section>\n\t\t\t\t<\/div>\n\t\t","protected":false},"excerpt":{"rendered":"<p>17\/08 Limite submiss\u00e3o 10 M\u00e1ximo de autores por resumo 03\/11 Limite pagto. inscri\u00e7\u00e3o Modelos Modelo resumos TRABALHO DE INVESTIGA\u00c7\u00c3O SBH 2023 Modelo resumos CASO CL\u00cdNICO &#8211; RELATO DE EXPERI\u00caNCIA SBH 2023 Modelo slides trabalhos de relato de caso Modelo slides trabalhos de investiga\u00e7\u00e3o Resultado de Trabalhos Premiados Grade de Apresenta\u00e7\u00e3o de Trabalhos Devido ao grande [&hellip;]<\/p>\n","protected":false},"author":1,"featured_media":0,"parent":0,"menu_order":0,"comment_status":"closed","ping_status":"closed","template":"elementor_header_footer","meta":{"footnotes":""},"aioseo_notices":[],"_links":{"self":[{"href":"https:\/\/sbhansenologia.com.br\/2023\/wp-json\/wp\/v2\/pages\/37"}],"collection":[{"href":"https:\/\/sbhansenologia.com.br\/2023\/wp-json\/wp\/v2\/pages"}],"about":[{"href":"https:\/\/sbhansenologia.com.br\/2023\/wp-json\/wp\/v2\/types\/page"}],"author":[{"embeddable":true,"href":"https:\/\/sbhansenologia.com.br\/2023\/wp-json\/wp\/v2\/users\/1"}],"replies":[{"embeddable":true,"href":"https:\/\/sbhansenologia.com.br\/2023\/wp-json\/wp\/v2\/comments?post=37"}],"version-history":[{"count":98,"href":"https:\/\/sbhansenologia.com.br\/2023\/wp-json\/wp\/v2\/pages\/37\/revisions"}],"predecessor-version":[{"id":1860,"href":"https:\/\/sbhansenologia.com.br\/2023\/wp-json\/wp\/v2\/pages\/37\/revisions\/1860"}],"wp:attachment":[{"href":"https:\/\/sbhansenologia.com.br\/2023\/wp-json\/wp\/v2\/media?parent=37"}],"curies":[{"name":"wp","href":"https:\/\/api.w.org\/{rel}","templated":true}]}}