{"id":40,"date":"2022-09-23T20:42:52","date_gmt":"2022-09-23T20:42:52","guid":{"rendered":"https:\/\/sbhansenologia.com.br\/?page_id=40"},"modified":"2022-09-24T01:32:58","modified_gmt":"2022-09-24T01:32:58","slug":"criterios-de-selecao-de-trabalhos","status":"publish","type":"page","link":"https:\/\/sbhansenologia.com.br\/2023\/criterios-de-selecao-de-trabalhos\/","title":{"rendered":"Crit\u00e9rios de Sele\u00e7\u00e3o de Trabalhos"},"content":{"rendered":"\t\t<div data-elementor-type=\"wp-page\" data-elementor-id=\"40\" class=\"elementor elementor-40\">\n\t\t\t\t\t\t<section class=\"elementor-section elementor-top-section elementor-element elementor-element-98ca7d elementor-section-height-min-height elementor-section-boxed elementor-section-height-default elementor-section-items-middle\" data-id=\"98ca7d\" data-element_type=\"section\">\n\t\t\t\t\t\t\t<div class=\"elementor-background-overlay\"><\/div>\n\t\t\t\t\t\t\t<div class=\"elementor-container elementor-column-gap-default\">\n\t\t\t\t\t<div class=\"elementor-column elementor-col-100 elementor-top-column elementor-element elementor-element-11803219\" data-id=\"11803219\" data-element_type=\"column\">\n\t\t\t<div class=\"elementor-widget-wrap elementor-element-populated\">\n\t\t\t\t\t\t\t<\/div>\n\t\t<\/div>\n\t\t\t\t\t<\/div>\n\t\t<\/section>\n\t\t\t\t<section class=\"elementor-section elementor-top-section elementor-element elementor-element-7b12eb2 elementor-section-boxed elementor-section-height-default elementor-section-height-default\" data-id=\"7b12eb2\" data-element_type=\"section\">\n\t\t\t\t\t\t<div class=\"elementor-container elementor-column-gap-default\">\n\t\t\t\t\t<div class=\"elementor-column elementor-col-100 elementor-top-column elementor-element elementor-element-83870c8\" data-id=\"83870c8\" data-element_type=\"column\">\n\t\t\t<div class=\"elementor-widget-wrap elementor-element-populated\">\n\t\t\t\t\t\t<div class=\"elementor-element elementor-element-fc362a2 elementor-widget elementor-widget-text-editor\" data-id=\"fc362a2\" data-element_type=\"widget\" data-widget_type=\"text-editor.default\">\n\t\t\t\t<div class=\"elementor-widget-container\">\n\t\t\t<style>\/*! elementor - v3.21.0 - 08-05-2024 *\/\n.elementor-widget-text-editor.elementor-drop-cap-view-stacked .elementor-drop-cap{background-color:#69727d;color:#fff}.elementor-widget-text-editor.elementor-drop-cap-view-framed .elementor-drop-cap{color:#69727d;border:3px solid;background-color:transparent}.elementor-widget-text-editor:not(.elementor-drop-cap-view-default) .elementor-drop-cap{margin-top:8px}.elementor-widget-text-editor:not(.elementor-drop-cap-view-default) .elementor-drop-cap-letter{width:1em;height:1em}.elementor-widget-text-editor .elementor-drop-cap{float:left;text-align:center;line-height:1;font-size:50px}.elementor-widget-text-editor .elementor-drop-cap-letter{display:inline-block}<\/style>\t\t\t\t<p>Os avaliadores receber\u00e3o os resumos inscritos, sem qualquer identifica\u00e7\u00e3o dos seus autores nem da institui\u00e7\u00e3o onde foi realizado, para que seja avaliado de forma imparcial.<\/p><p>Os trabalhos ser\u00e3o analisados pela Comiss\u00e3o Cient\u00edfica, com base nos crit\u00e9rios estabelecidos a seguir, conforme um protocolo de avalia\u00e7\u00e3o disponibilizado por meio eletr\u00f4nico para cada avaliador.<\/p><p>A decis\u00e3o sobre o trabalho &#8211; ACEITO e N\u00c3O ACEITO &#8211; ser\u00e1 emitida ao trabalho de acordo com a avalia\u00e7\u00e3o dos itens abaixo:<\/p><p>TRABALHO DE INVESTIGA\u00c7\u00c3O<\/p><p>T\u00edtulo: Reflete o objetivo e conte\u00fado do trabalho?<\/p><p>Introdu\u00e7\u00e3o: Reda\u00e7\u00e3o clara, terminologia adequada, justificando o trabalho?<\/p><p>Objetivos: Definidos de forma clara?<\/p><p>Metodologia: Espec\u00edfica para o alcance dos objetivos estabelecidos?<\/p><p>Resultados: Descrevem os dados mais relevantes da pesquisa?<\/p><p>Conclus\u00f5es: Respondem aos objetivos da pesquisa?<\/p><p>Originalidade e aplicabilidade?<\/p><p>CASO CL\u00cdNICO\/RELATO DE EXPERI\u00caNCIA<\/p><p>T\u00edtulo: Reflete o objetivo e conte\u00fado do caso\/relato?<\/p><p>Introdu\u00e7\u00e3o: Reda\u00e7\u00e3o clara, terminologia adequada, justificando a descri\u00e7\u00e3o do caso\/relato?<\/p><p>Apresenta\u00e7\u00e3o do Caso\/Relato de Experi\u00eancia: Descreve resumidamente os dados mais relevantes do caso\/relato de experi\u00eancia?<\/p><p>Discuss\u00e3o e Conclus\u00e3o: Originalidade do caso\/relato, descri\u00e7\u00e3o de diagn\u00f3sticos diferenciais, compara\u00e7\u00e3o com dados da literatura?<\/p><p>Coment\u00e1rios Finais: Justificativa sobre a relev\u00e2ncia para apresenta\u00e7\u00e3o do caso\/relato de experi\u00eancia?<\/p><p><strong>ATEN\u00c7\u00c3O: N\u00e3o ser\u00e3o aceitos resumos que mencionem apenas que os &#8220;resultados ser\u00e3o apresentados&#8221; ou &#8220;os dados ser\u00e3o discutidos&#8221;, bem como resumos que estiverem em desacordo com as orienta\u00e7\u00f5es de formata\u00e7\u00e3o do regulamento.<\/strong><\/p><p>PREMIA\u00c7\u00c3O: Os tr\u00eas melhores trabalhos, de cada \u00e1rea, receber\u00e3o um certificado de primeiro, segundo e terceiro lugar e um voucher para inscri\u00e7\u00e3o no pr\u00f3ximo Simp\u00f3sio da SBH.<\/p>\t\t\t\t\t\t<\/div>\n\t\t\t\t<\/div>\n\t\t\t\t\t<\/div>\n\t\t<\/div>\n\t\t\t\t\t<\/div>\n\t\t<\/section>\n\t\t\t\t<\/div>\n\t\t","protected":false},"excerpt":{"rendered":"<p>Os avaliadores receber\u00e3o os resumos inscritos, sem qualquer identifica\u00e7\u00e3o dos seus autores nem da institui\u00e7\u00e3o onde foi realizado, para que seja avaliado de forma imparcial. Os trabalhos ser\u00e3o analisados pela Comiss\u00e3o Cient\u00edfica, com base nos crit\u00e9rios estabelecidos a seguir, conforme um protocolo de avalia\u00e7\u00e3o disponibilizado por meio eletr\u00f4nico para cada avaliador. A decis\u00e3o sobre o [&hellip;]<\/p>\n","protected":false},"author":1,"featured_media":0,"parent":0,"menu_order":0,"comment_status":"closed","ping_status":"closed","template":"elementor_header_footer","meta":{"footnotes":""},"aioseo_notices":[],"_links":{"self":[{"href":"https:\/\/sbhansenologia.com.br\/2023\/wp-json\/wp\/v2\/pages\/40"}],"collection":[{"href":"https:\/\/sbhansenologia.com.br\/2023\/wp-json\/wp\/v2\/pages"}],"about":[{"href":"https:\/\/sbhansenologia.com.br\/2023\/wp-json\/wp\/v2\/types\/page"}],"author":[{"embeddable":true,"href":"https:\/\/sbhansenologia.com.br\/2023\/wp-json\/wp\/v2\/users\/1"}],"replies":[{"embeddable":true,"href":"https:\/\/sbhansenologia.com.br\/2023\/wp-json\/wp\/v2\/comments?post=40"}],"version-history":[{"count":4,"href":"https:\/\/sbhansenologia.com.br\/2023\/wp-json\/wp\/v2\/pages\/40\/revisions"}],"predecessor-version":[{"id":198,"href":"https:\/\/sbhansenologia.com.br\/2023\/wp-json\/wp\/v2\/pages\/40\/revisions\/198"}],"wp:attachment":[{"href":"https:\/\/sbhansenologia.com.br\/2023\/wp-json\/wp\/v2\/media?parent=40"}],"curies":[{"name":"wp","href":"https:\/\/api.w.org\/{rel}","templated":true}]}}