{"id":18,"date":"2022-09-23T20:37:31","date_gmt":"2022-09-23T20:37:31","guid":{"rendered":"https:\/\/sbhansenologia.com.br\/?page_id=18"},"modified":"2024-06-14T01:46:58","modified_gmt":"2024-06-14T01:46:58","slug":"carta","status":"publish","type":"page","link":"https:\/\/sbhansenologia.com.br\/2024\/carta\/","title":{"rendered":"Carta do Presidente"},"content":{"rendered":"\t\t<div data-elementor-type=\"wp-page\" data-elementor-id=\"18\" class=\"elementor elementor-18\" data-elementor-post-type=\"page\">\n\t\t\t\t\t\t<section class=\"elementor-section elementor-top-section elementor-element elementor-element-0b792dc elementor-section-height-min-height elementor-section-boxed elementor-section-height-default elementor-section-items-middle\" data-id=\"0b792dc\" data-element_type=\"section\" data-e-type=\"section\" data-settings=\"{&quot;background_background&quot;:&quot;classic&quot;}\">\n\t\t\t\t\t\t\t<div class=\"elementor-background-overlay\"><\/div>\n\t\t\t\t\t\t\t<div class=\"elementor-container elementor-column-gap-default\">\n\t\t\t\t\t<div class=\"elementor-column elementor-col-100 elementor-top-column elementor-element elementor-element-2257acd\" data-id=\"2257acd\" data-element_type=\"column\" data-e-type=\"column\">\n\t\t\t<div class=\"elementor-widget-wrap elementor-element-populated\">\n\t\t\t\t\t\t\t<\/div>\n\t\t<\/div>\n\t\t\t\t\t<\/div>\n\t\t<\/section>\n\t\t\t\t<section class=\"elementor-section elementor-top-section elementor-element elementor-element-3d4803e elementor-section-boxed elementor-section-height-default elementor-section-height-default\" data-id=\"3d4803e\" data-element_type=\"section\" data-e-type=\"section\">\n\t\t\t\t\t\t<div class=\"elementor-container elementor-column-gap-default\">\n\t\t\t\t\t<div class=\"elementor-column elementor-col-100 elementor-top-column elementor-element elementor-element-79291e2\" data-id=\"79291e2\" data-element_type=\"column\" data-e-type=\"column\">\n\t\t\t<div class=\"elementor-widget-wrap elementor-element-populated\">\n\t\t\t\t\t\t<div class=\"elementor-element elementor-element-233622b elementor-widget elementor-widget-text-editor\" data-id=\"233622b\" data-element_type=\"widget\" data-e-type=\"widget\" data-widget_type=\"text-editor.default\">\n\t\t\t\t<div class=\"elementor-widget-container\">\n\t\t\t\t\t\t\t\t\t<p>O Brasil lidera os casos de hansen\u00edase nas Am\u00e9ricas e representa uma parcela significativa dos casos globais. Embora haja avan\u00e7os, a doen\u00e7a persiste como um problema de sa\u00fade p\u00fablica. Outros pa\u00edses como R\u00fassia, \u00c1frica do Sul, \u00cdndia e China enfrentam desafios similares, como falta de notifica\u00e7\u00e3o obrigat\u00f3ria, e falta de diagn\u00f3stico precoce e informa\u00e7\u00e3o limitada sobre a doen\u00e7a. O <strong>18\u00b0 Congresso Brasileiro de Hansenologia (CBH)<\/strong> buscar\u00e1 compartilhar experi\u00eancias bem-sucedidas entre os pa\u00edses do BRICS+. O evento abordar\u00e1 desde a conscientiza\u00e7\u00e3o p\u00fablica, mudan\u00e7as nas formas cl\u00ednicas atuais, estrat\u00e9gias de busca ativa principalmente para o diagn\u00f3stico precoce, al\u00e9m de novos tratamentos dos pacientes e a realidade atual de recidivas e fal\u00eancia terap\u00eautica, al\u00e9m da apresenta\u00e7\u00e3o de seus consensos em terap\u00eautica, em ultrassom de nervos perif\u00e9ricos e em biologia molecular, oferecendo um f\u00f3rum para profissionais de sa\u00fade, pesquisadores e representantes governamentais trocarem melhores pr\u00e1ticas. O <strong>18\u00b0 CBH<\/strong> tem potencial para se tornar um exemplo de coopera\u00e7\u00e3o internacional em inova\u00e7\u00e3o para o enfrentamento aos in\u00fameros desafios que a hansen\u00edase ainda oferece \u00e0 sa\u00fade p\u00fablica quanto \u00e0 aten\u00e7\u00e3o integral aos pacientes e suas fam\u00edlias.<\/p><p>Os maiores especialistas brasileiros e convidados estrangeiros renomados estar\u00e3o em Salvador BA para o maior evento brasileiro que trata da hansen\u00edase, oportunidade para rever amigos, trocar ideias, atualizar cientificamente, conhecer experi\u00eancias, iniciativas de valor, conhecer as estrat\u00e9gias inovadoras e criar la\u00e7os de amizade em uma atmosfera cient\u00edfica, que marca todos os congressos de Hansenologia.<\/p><p>Vamos juntos fazer um congresso inesquec\u00edvel!<\/p>\t\t\t\t\t\t\t\t<\/div>\n\t\t\t\t<\/div>\n\t\t\t\t\t<\/div>\n\t\t<\/div>\n\t\t\t\t\t<\/div>\n\t\t<\/section>\n\t\t\t\t<section class=\"elementor-section elementor-top-section elementor-element elementor-element-b1f5e70 elementor-section-boxed elementor-section-height-default elementor-section-height-default\" data-id=\"b1f5e70\" data-element_type=\"section\" data-e-type=\"section\">\n\t\t\t\t\t\t<div class=\"elementor-container elementor-column-gap-default\">\n\t\t\t\t\t<div class=\"elementor-column elementor-col-100 elementor-top-column elementor-element elementor-element-caf0a63\" data-id=\"caf0a63\" data-element_type=\"column\" data-e-type=\"column\">\n\t\t\t<div class=\"elementor-widget-wrap elementor-element-populated\">\n\t\t\t\t\t\t<div class=\"elementor-element elementor-element-8eea7bb elementor-position-left elementor-vertical-align-top elementor-widget elementor-widget-image-box\" data-id=\"8eea7bb\" data-element_type=\"widget\" data-e-type=\"widget\" data-widget_type=\"image-box.default\">\n\t\t\t\t<div class=\"elementor-widget-container\">\n\t\t\t\t\t<div class=\"elementor-image-box-wrapper\"><figure class=\"elementor-image-box-img\"><img decoding=\"async\" src=\"https:\/\/sbhansenologia.com.br\/2024\/wp-content\/uploads\/2023\/07\/Marco-Andrey-Cipriani-Frade.jpg\" title=\"\" alt=\"\" loading=\"lazy\" \/><\/figure><div class=\"elementor-image-box-content\"><h3 class=\"elementor-image-box-title\">Marco Andrey C. Frade <\/h3><p class=\"elementor-image-box-description\">Presidente da SBH e do Congresso <\/p><\/div><\/div>\t\t\t\t<\/div>\n\t\t\t\t<\/div>\n\t\t\t\t\t<\/div>\n\t\t<\/div>\n\t\t\t\t\t<\/div>\n\t\t<\/section>\n\t\t\t\t<\/div>\n\t\t","protected":false},"excerpt":{"rendered":"<p>O Brasil lidera os casos de hansen\u00edase nas Am\u00e9ricas e representa uma parcela significativa dos casos globais. Embora haja avan\u00e7os, a doen\u00e7a persiste como um problema de sa\u00fade p\u00fablica. Outros pa\u00edses como R\u00fassia, \u00c1frica do Sul, \u00cdndia e China enfrentam desafios similares, como falta de notifica\u00e7\u00e3o obrigat\u00f3ria, e falta de diagn\u00f3stico precoce e informa\u00e7\u00e3o limitada [&hellip;]<\/p>\n","protected":false},"author":1,"featured_media":0,"parent":0,"menu_order":0,"comment_status":"closed","ping_status":"closed","template":"elementor_header_footer","meta":{"footnotes":""},"class_list":["post-18","page","type-page","status-publish","hentry"],"aioseo_notices":[],"_links":{"self":[{"href":"https:\/\/sbhansenologia.com.br\/2024\/wp-json\/wp\/v2\/pages\/18","targetHints":{"allow":["GET"]}}],"collection":[{"href":"https:\/\/sbhansenologia.com.br\/2024\/wp-json\/wp\/v2\/pages"}],"about":[{"href":"https:\/\/sbhansenologia.com.br\/2024\/wp-json\/wp\/v2\/types\/page"}],"author":[{"embeddable":true,"href":"https:\/\/sbhansenologia.com.br\/2024\/wp-json\/wp\/v2\/users\/1"}],"replies":[{"embeddable":true,"href":"https:\/\/sbhansenologia.com.br\/2024\/wp-json\/wp\/v2\/comments?post=18"}],"version-history":[{"count":38,"href":"https:\/\/sbhansenologia.com.br\/2024\/wp-json\/wp\/v2\/pages\/18\/revisions"}],"predecessor-version":[{"id":2103,"href":"https:\/\/sbhansenologia.com.br\/2024\/wp-json\/wp\/v2\/pages\/18\/revisions\/2103"}],"wp:attachment":[{"href":"https:\/\/sbhansenologia.com.br\/2024\/wp-json\/wp\/v2\/media?parent=18"}],"curies":[{"name":"wp","href":"https:\/\/api.w.org\/{rel}","templated":true}]}}