{"id":26,"date":"2022-09-23T20:38:54","date_gmt":"2022-09-23T20:38:54","guid":{"rendered":"https:\/\/sbhansenologia.com.br\/?page_id=26"},"modified":"2025-03-04T17:08:05","modified_gmt":"2025-03-04T17:08:05","slug":"comissao-organizadora","status":"publish","type":"page","link":"https:\/\/sbhansenologia.com.br\/2024\/comissao-organizadora\/","title":{"rendered":"Comiss\u00e3o Organizadora"},"content":{"rendered":"\t\t<div data-elementor-type=\"wp-page\" data-elementor-id=\"26\" class=\"elementor elementor-26\" data-elementor-post-type=\"page\">\n\t\t\t\t\t\t<section class=\"elementor-section elementor-top-section elementor-element elementor-element-266d6ab8 elementor-section-height-min-height elementor-section-boxed elementor-section-height-default elementor-section-items-middle\" data-id=\"266d6ab8\" data-element_type=\"section\" data-e-type=\"section\" data-settings=\"{&quot;background_background&quot;:&quot;classic&quot;}\">\n\t\t\t\t\t\t\t<div class=\"elementor-background-overlay\"><\/div>\n\t\t\t\t\t\t\t<div class=\"elementor-container elementor-column-gap-default\">\n\t\t\t\t\t<div class=\"elementor-column elementor-col-100 elementor-top-column elementor-element elementor-element-7f659b6c\" data-id=\"7f659b6c\" data-element_type=\"column\" data-e-type=\"column\">\n\t\t\t<div class=\"elementor-widget-wrap elementor-element-populated\">\n\t\t\t\t\t\t\t<\/div>\n\t\t<\/div>\n\t\t\t\t\t<\/div>\n\t\t<\/section>\n\t\t\t\t<section class=\"elementor-section elementor-top-section elementor-element elementor-element-f6a5363 elementor-section-boxed elementor-section-height-default elementor-section-height-default\" data-id=\"f6a5363\" data-element_type=\"section\" data-e-type=\"section\">\n\t\t\t\t\t\t<div class=\"elementor-container elementor-column-gap-default\">\n\t\t\t\t\t<div class=\"elementor-column elementor-col-50 elementor-top-column elementor-element elementor-element-f2092a3\" data-id=\"f2092a3\" data-element_type=\"column\" data-e-type=\"column\">\n\t\t\t<div class=\"elementor-widget-wrap elementor-element-populated\">\n\t\t\t\t\t\t<div class=\"elementor-element elementor-element-ff725a5 elementor-widget elementor-widget-text-editor\" data-id=\"ff725a5\" data-element_type=\"widget\" data-e-type=\"widget\" data-widget_type=\"text-editor.default\">\n\t\t\t\t<div class=\"elementor-widget-container\">\n\t\t\t\t\t\t\t\t\t<p><strong>Comiss\u00e3o organizadora <\/strong><\/p><p>Aguinaldo Gon\u00e7alves<\/p><p>Apol\u00f4nio de Carvalho Neto Nascimento<\/p><p>Artur Custodio Moreira<\/p><p>Cl\u00e1udio Salgado<\/p><p>Francisco Bezerra de Almeida Neto<\/p><p>Glauber Voltan<\/p><p>Helena Barbosa Lug\u00e3o<\/p><p>Jaci Maria Santana<\/p><p>Jorge Ant\u00f4nio de Almeida<\/p><p>Marco Andrey Cipriani Frade<\/p><p>Maria \u00c2ngela Bianconcini Trindade<\/p><p>Marilda Aparecida Milanez M. de Abreu<\/p><p>Moises Batista da Silva<\/p><p>Patr\u00edcia Fagundes da Costa<\/p><p>Patricia Sammarco Rosa<\/p><p>Vera L\u00facia Gomes de Andrade<\/p><p>Lu\u00edsiane de \u00c1vila Santana<\/p>\t\t\t\t\t\t\t\t<\/div>\n\t\t\t\t<\/div>\n\t\t\t\t\t<\/div>\n\t\t<\/div>\n\t\t\t\t<div class=\"elementor-column elementor-col-50 elementor-top-column elementor-element elementor-element-d247674\" data-id=\"d247674\" data-element_type=\"column\" data-e-type=\"column\">\n\t\t\t<div class=\"elementor-widget-wrap elementor-element-populated\">\n\t\t\t\t\t\t<div class=\"elementor-element elementor-element-aa75f7f elementor-widget elementor-widget-text-editor\" data-id=\"aa75f7f\" data-element_type=\"widget\" data-e-type=\"widget\" data-widget_type=\"text-editor.default\">\n\t\t\t\t<div class=\"elementor-widget-container\">\n\t\t\t\t\t\t\t\t\t<p><strong>Comiss\u00e3o Organizadora do Exame de Sufici\u00eancia para a obten\u00e7\u00e3o do Certificado de \u00c1rea de Atua\u00e7\u00e3o em Hansenologia<\/strong><\/p><p>Claudio Guedes Salgado &#8211; UFPA<\/p><p>Francisco Bezerra de Almeida Neto &#8211; Presidente<\/p><p>Glauber Voltan &#8211; SBH<\/p><p>Helena Barbosa Lug\u00e3o &#8211; FMRP-USP<\/p><p>Marcio Cesar Reino Gaggini &#8211; SBH<\/p><p>Marco Andrey Cipriani Frade &#8211; FMRP-USP<\/p><p>Sergio Machado &#8211; SBH<\/p><p>\u00a0<\/p><p><strong>Comiss\u00e3o Organizadora local<\/strong><\/p><p>Em breve!<\/p>\t\t\t\t\t\t\t\t<\/div>\n\t\t\t\t<\/div>\n\t\t\t\t\t<\/div>\n\t\t<\/div>\n\t\t\t\t\t<\/div>\n\t\t<\/section>\n\t\t\t\t<\/div>\n\t\t","protected":false},"excerpt":{"rendered":"<p>Comiss\u00e3o organizadora Aguinaldo Gon\u00e7alves Apol\u00f4nio de Carvalho Neto Nascimento Artur Custodio Moreira Cl\u00e1udio Salgado Francisco Bezerra de Almeida Neto Glauber Voltan Helena Barbosa Lug\u00e3o Jaci Maria Santana Jorge Ant\u00f4nio de Almeida Marco Andrey Cipriani Frade Maria \u00c2ngela Bianconcini Trindade Marilda Aparecida Milanez M. de Abreu Moises Batista da Silva Patr\u00edcia Fagundes da Costa Patricia Sammarco [&hellip;]<\/p>\n","protected":false},"author":1,"featured_media":0,"parent":0,"menu_order":0,"comment_status":"closed","ping_status":"closed","template":"elementor_header_footer","meta":{"footnotes":""},"class_list":["post-26","page","type-page","status-publish","hentry"],"aioseo_notices":[],"_links":{"self":[{"href":"https:\/\/sbhansenologia.com.br\/2024\/wp-json\/wp\/v2\/pages\/26","targetHints":{"allow":["GET"]}}],"collection":[{"href":"https:\/\/sbhansenologia.com.br\/2024\/wp-json\/wp\/v2\/pages"}],"about":[{"href":"https:\/\/sbhansenologia.com.br\/2024\/wp-json\/wp\/v2\/types\/page"}],"author":[{"embeddable":true,"href":"https:\/\/sbhansenologia.com.br\/2024\/wp-json\/wp\/v2\/users\/1"}],"replies":[{"embeddable":true,"href":"https:\/\/sbhansenologia.com.br\/2024\/wp-json\/wp\/v2\/comments?post=26"}],"version-history":[{"count":34,"href":"https:\/\/sbhansenologia.com.br\/2024\/wp-json\/wp\/v2\/pages\/26\/revisions"}],"predecessor-version":[{"id":2748,"href":"https:\/\/sbhansenologia.com.br\/2024\/wp-json\/wp\/v2\/pages\/26\/revisions\/2748"}],"wp:attachment":[{"href":"https:\/\/sbhansenologia.com.br\/2024\/wp-json\/wp\/v2\/media?parent=26"}],"curies":[{"name":"wp","href":"https:\/\/api.w.org\/{rel}","templated":true}]}}