{"id":28,"date":"2022-09-23T20:39:11","date_gmt":"2022-09-23T20:39:11","guid":{"rendered":"https:\/\/sbhansenologia.com.br\/?page_id=28"},"modified":"2024-05-10T03:18:13","modified_gmt":"2024-05-10T03:18:13","slug":"comissao-cientifica","status":"publish","type":"page","link":"https:\/\/sbhansenologia.com.br\/2024\/comissao-cientifica\/","title":{"rendered":"Comiss\u00e3o cient\u00edfica"},"content":{"rendered":"\t\t<div data-elementor-type=\"wp-page\" data-elementor-id=\"28\" class=\"elementor elementor-28\" data-elementor-post-type=\"page\">\n\t\t\t\t\t\t<section class=\"elementor-section elementor-top-section elementor-element elementor-element-6f813041 elementor-section-height-min-height elementor-section-boxed elementor-section-height-default elementor-section-items-middle\" data-id=\"6f813041\" data-element_type=\"section\" data-e-type=\"section\" data-settings=\"{&quot;background_background&quot;:&quot;classic&quot;}\">\n\t\t\t\t\t\t\t<div class=\"elementor-background-overlay\"><\/div>\n\t\t\t\t\t\t\t<div class=\"elementor-container elementor-column-gap-default\">\n\t\t\t\t\t<div class=\"elementor-column elementor-col-100 elementor-top-column elementor-element elementor-element-50d55ec3\" data-id=\"50d55ec3\" data-element_type=\"column\" data-e-type=\"column\">\n\t\t\t<div class=\"elementor-widget-wrap elementor-element-populated\">\n\t\t\t\t\t\t\t<\/div>\n\t\t<\/div>\n\t\t\t\t\t<\/div>\n\t\t<\/section>\n\t\t\t\t<section class=\"elementor-section elementor-top-section elementor-element elementor-element-7ba6c2d elementor-section-boxed elementor-section-height-default elementor-section-height-default\" data-id=\"7ba6c2d\" data-element_type=\"section\" data-e-type=\"section\">\n\t\t\t\t\t\t<div class=\"elementor-container elementor-column-gap-default\">\n\t\t\t\t\t<div class=\"elementor-column elementor-col-100 elementor-top-column elementor-element elementor-element-4085fd2\" data-id=\"4085fd2\" data-element_type=\"column\" data-e-type=\"column\">\n\t\t\t<div class=\"elementor-widget-wrap elementor-element-populated\">\n\t\t\t\t\t\t<div class=\"elementor-element elementor-element-beec5fc elementor-widget elementor-widget-text-editor\" data-id=\"beec5fc\" data-element_type=\"widget\" data-e-type=\"widget\" data-widget_type=\"text-editor.default\">\n\t\t\t\t<div class=\"elementor-widget-container\">\n\t\t\t\t\t\t\t\t\t<p>Aguinaldo Gon\u00e7alves<\/p><p>Apolonio de Carvalho Neto Nascimento<\/p><p>Claudio Guedes Salgado<\/p><p>Diogo Fernandes dos Santos<\/p><p>Francisco Bezerra de Almeida Neto<\/p><p>Glauber Voltan<\/p><p>Helena Barbosa Lug\u00e3o<\/p><p>Isabela Maria Bernardes Goulart<\/p><p>Jaci Maria Santana<\/p><p>Josaf\u00e1 Gon\u00e7alves Barreto<\/p><p>Marcio Cesar Reino Gaggini<\/p><p>Marco Andrey Cipriani Frade<\/p><p>Marcos Cunha Lopes Virmond<\/p><p>Maria Angela Bianconcini Trindade<\/p><p>Maria Leide Wand Del Rey de Oliveira<\/p><p>Marilda Aparecida Milanez Morgado de Abreu<\/p><p>Moises Batista da Silva<\/p><p>Nat\u00e1lia Aparecida de Paula<\/p><p>Pablo Diego do Carmo Pinto<\/p><p>Patr\u00edcia Fagundes da Costa<\/p><p>Patr\u00edcia Samarco Rosa<\/p><p>Raquel Carvalho Bouth<\/p><p>Seyna Ueno Rabelo Mendes<\/p><p>Terezinha de Jesus Carvalho Ara\u00fajo Filha<\/p><p>Thiago Pereira da Silva Flores<\/p><p>Vera L\u00facia gomes de Andrade<\/p>\t\t\t\t\t\t\t\t<\/div>\n\t\t\t\t<\/div>\n\t\t\t\t\t<\/div>\n\t\t<\/div>\n\t\t\t\t\t<\/div>\n\t\t<\/section>\n\t\t\t\t<\/div>\n\t\t","protected":false},"excerpt":{"rendered":"<p>Aguinaldo Gon\u00e7alves Apolonio de Carvalho Neto Nascimento Claudio Guedes Salgado Diogo Fernandes dos Santos Francisco Bezerra de Almeida Neto Glauber Voltan Helena Barbosa Lug\u00e3o Isabela Maria Bernardes Goulart Jaci Maria Santana Josaf\u00e1 Gon\u00e7alves Barreto Marcio Cesar Reino Gaggini Marco Andrey Cipriani Frade Marcos Cunha Lopes Virmond Maria Angela Bianconcini Trindade Maria Leide Wand Del Rey [&hellip;]<\/p>\n","protected":false},"author":1,"featured_media":0,"parent":0,"menu_order":0,"comment_status":"closed","ping_status":"closed","template":"elementor_header_footer","meta":{"footnotes":""},"class_list":["post-28","page","type-page","status-publish","hentry"],"aioseo_notices":[],"_links":{"self":[{"href":"https:\/\/sbhansenologia.com.br\/2024\/wp-json\/wp\/v2\/pages\/28","targetHints":{"allow":["GET"]}}],"collection":[{"href":"https:\/\/sbhansenologia.com.br\/2024\/wp-json\/wp\/v2\/pages"}],"about":[{"href":"https:\/\/sbhansenologia.com.br\/2024\/wp-json\/wp\/v2\/types\/page"}],"author":[{"embeddable":true,"href":"https:\/\/sbhansenologia.com.br\/2024\/wp-json\/wp\/v2\/users\/1"}],"replies":[{"embeddable":true,"href":"https:\/\/sbhansenologia.com.br\/2024\/wp-json\/wp\/v2\/comments?post=28"}],"version-history":[{"count":10,"href":"https:\/\/sbhansenologia.com.br\/2024\/wp-json\/wp\/v2\/pages\/28\/revisions"}],"predecessor-version":[{"id":1928,"href":"https:\/\/sbhansenologia.com.br\/2024\/wp-json\/wp\/v2\/pages\/28\/revisions\/1928"}],"wp:attachment":[{"href":"https:\/\/sbhansenologia.com.br\/2024\/wp-json\/wp\/v2\/media?parent=28"}],"curies":[{"name":"wp","href":"https:\/\/api.w.org\/{rel}","templated":true}]}}