{"id":46,"date":"2022-09-23T20:46:32","date_gmt":"2022-09-23T20:46:32","guid":{"rendered":"https:\/\/sbhansenologia.com.br\/?page_id=46"},"modified":"2024-10-18T01:14:19","modified_gmt":"2024-10-18T01:14:19","slug":"prova-de-titulo","status":"publish","type":"page","link":"https:\/\/sbhansenologia.com.br\/2024\/prova-de-titulo\/","title":{"rendered":"Prova de T\u00edtulo"},"content":{"rendered":"\t\t<div data-elementor-type=\"wp-page\" data-elementor-id=\"46\" class=\"elementor elementor-46\" data-elementor-post-type=\"page\">\n\t\t\t\t\t\t<section class=\"elementor-section elementor-top-section elementor-element elementor-element-3b86a8a9 elementor-section-height-min-height elementor-section-boxed elementor-section-height-default elementor-section-items-middle\" data-id=\"3b86a8a9\" data-element_type=\"section\" data-e-type=\"section\" data-settings=\"{&quot;background_background&quot;:&quot;classic&quot;}\">\n\t\t\t\t\t\t\t<div class=\"elementor-background-overlay\"><\/div>\n\t\t\t\t\t\t\t<div class=\"elementor-container elementor-column-gap-default\">\n\t\t\t\t\t<div class=\"elementor-column elementor-col-100 elementor-top-column elementor-element elementor-element-4d566644\" data-id=\"4d566644\" data-element_type=\"column\" data-e-type=\"column\">\n\t\t\t<div class=\"elementor-widget-wrap elementor-element-populated\">\n\t\t\t\t\t\t\t<\/div>\n\t\t<\/div>\n\t\t\t\t\t<\/div>\n\t\t<\/section>\n\t\t\t\t<section class=\"elementor-section elementor-top-section elementor-element elementor-element-7ab8e60 elementor-section-height-min-height elementor-section-items-top elementor-section-boxed elementor-section-height-default\" data-id=\"7ab8e60\" data-element_type=\"section\" data-e-type=\"section\">\n\t\t\t\t\t\t<div class=\"elementor-container elementor-column-gap-default\">\n\t\t\t\t\t<div class=\"elementor-column elementor-col-100 elementor-top-column elementor-element elementor-element-1fd70ff\" data-id=\"1fd70ff\" data-element_type=\"column\" data-e-type=\"column\">\n\t\t\t<div class=\"elementor-widget-wrap elementor-element-populated\">\n\t\t\t\t\t\t<div class=\"elementor-element elementor-element-9adecd1 elementor-widget elementor-widget-text-editor\" data-id=\"9adecd1\" data-element_type=\"widget\" data-e-type=\"widget\" data-widget_type=\"text-editor.default\">\n\t\t\t\t<div class=\"elementor-widget-container\">\n\t\t\t\t\t\t\t\t\t<p>A <strong>SBH-Sociedade Brasileira de Hansenologia<\/strong> anuncia para os dias<strong> 6 e 7 de novembro de 2024<\/strong> o <strong>Exame de Sufici\u00eancia para Obten\u00e7\u00e3o de Certificado na \u00c1rea de Atua\u00e7\u00e3o em Hansenologia<\/strong>.<\/p><p>Vimos por meio deste comunicar oficialmente as <a href=\"https:\/\/sbhansenologia.org.br\/edital\/exame-de-sufici-ncia-2024\">inscri\u00e7\u00f5es homologada<\/a>s ap\u00f3s recursos para o Exame de Sufici\u00eancia para Obten\u00e7\u00e3o de Certificado na \u00c1rea de Atua\u00e7\u00e3o em Hansenologia, organizada pela Sociedade Brasileira de Hansenologia, conforme o edital e demais disposi\u00e7\u00f5es regulamentares.<\/p><p><span style=\"color: #4a4a4a; font-family: Roboto;\">Pelo presente\u00a0<\/span><a style=\"margin-bottom: 15px; color: #22737b; font-weight: bold; font-family: Roboto; background-color: #ffffff;\" href=\"https:\/\/drive.google.com\/file\/d\/1xzbOgTg4TvD-cJlc7djqX8XiU3QErFXC\/view?usp=sharing\">edital<\/a><span style=\"color: #4a4a4a; font-family: Roboto;\">, a Associa\u00e7\u00e3o M\u00e9dica Brasileira (AMB), por meio da Sociedade Brasileira de Hansenologia &#8211; faz saber, a todos os m\u00e9dicos interessados, que est\u00e3o abertas, de 05 de julho de 2024 at\u00e9 <b>05 de outubro de 2024,<\/b> as inscri\u00e7\u00f5es para o Exame de sufici\u00eancia para obten\u00e7\u00e3o do certificado de \u00e1rea de atua\u00e7\u00e3o em hansenologia.<\/span><\/p><p>Poder\u00e3o fazer a prova m\u00e9dicos especialistas das \u00e1reas de:<\/p><p><strong>\u00bb<\/strong> Dermatologia;<br \/><strong>\u00bb<\/strong> Cl\u00ednica M\u00e9dica;<br \/><strong>\u00bb<\/strong> Infectologia;<br \/><strong>\u00bb<\/strong> Neurologia;<br \/><strong>\u00bb<\/strong> Medicina de Fam\u00edlia e Comunidade;<br \/><strong>\u00bb<\/strong> Medicina Preventiva e Social<\/p><p>A prova ser\u00e1 realizada em Salvador-BA, onde ocorre o <strong>18\u00ba Congresso Brasileiro de Hansenologia<\/strong>, de 6 a 8 de novembro. Desde 2023, o exame ocorre anualmente. Os aprovados receber\u00e3o certificado emitido pela SBH e AMB (Associa\u00e7\u00e3o M\u00e9dica Brasileira).<\/p><p>Mais informa\u00e7\u00e3o aqui e no site da SBH www.hansenologia.org.br ou contate:<\/p><p>Secretaria SBH<br \/>Fone e whatsApp &#8211; 91 98119-4932<br \/>secretariasbh@gmail.com<\/p><p>Comit\u00ea Executivo do\u00a0Exame de Sufici\u00eancia em Hansenologia &#8211; 2024\u00a0<\/p><p><span style=\"color: var( --e-global-color-text ); font-family: var( --e-global-typography-text-font-family ), Sans-serif; font-weight: var( --e-global-typography-text-font-weight ); font-size: 1rem;\">Dr. Francisco Almeida (presidente do comit\u00ea)<\/span><\/p><p><span style=\"color: var( --e-global-color-text ); font-family: var( --e-global-typography-text-font-family ), Sans-serif; font-weight: var( --e-global-typography-text-font-weight ); font-size: 1rem;\">Dr. Marco Andrey Cipriani Frade<\/span><\/p><p><span style=\"color: var( --e-global-color-text ); font-family: var( --e-global-typography-text-font-family ), Sans-serif; font-weight: var( --e-global-typography-text-font-weight ); font-size: 1rem;\">Dra. Helena Lug\u00e3o<\/span><\/p><p><span style=\"color: var( --e-global-color-text ); font-family: var( --e-global-typography-text-font-family ), Sans-serif; font-weight: var( --e-global-typography-text-font-weight ); font-size: 1rem;\">Dr. Claudio Salgado<\/span><\/p><p><span style=\"color: var( --e-global-color-text ); font-family: var( --e-global-typography-text-font-family ), Sans-serif; font-weight: var( --e-global-typography-text-font-weight ); font-size: 1rem;\">Dr. Marcio Gaggini\u00a0<\/span><\/p><p><span style=\"color: var( --e-global-color-text ); font-family: var( --e-global-typography-text-font-family ), Sans-serif; font-weight: var( --e-global-typography-text-font-weight ); font-size: 1rem;\">Dr. Sergio Machados<\/span><\/p>\t\t\t\t\t\t\t\t<\/div>\n\t\t\t\t<\/div>\n\t\t\t\t\t<\/div>\n\t\t<\/div>\n\t\t\t\t\t<\/div>\n\t\t<\/section>\n\t\t\t\t<section class=\"elementor-section elementor-top-section elementor-element elementor-element-6436d68 elementor-section-boxed elementor-section-height-default elementor-section-height-default\" data-id=\"6436d68\" data-element_type=\"section\" data-e-type=\"section\">\n\t\t\t\t\t\t<div class=\"elementor-container elementor-column-gap-default\">\n\t\t\t\t\t<div class=\"elementor-column elementor-col-100 elementor-top-column elementor-element elementor-element-f5af359\" data-id=\"f5af359\" data-element_type=\"column\" data-e-type=\"column\">\n\t\t\t<div class=\"elementor-widget-wrap elementor-element-populated\">\n\t\t\t\t\t\t<div class=\"elementor-element elementor-element-0ae2e30 elementor-widget elementor-widget-text-editor\" data-id=\"0ae2e30\" data-element_type=\"widget\" data-e-type=\"widget\" data-widget_type=\"text-editor.default\">\n\t\t\t\t<div class=\"elementor-widget-container\">\n\t\t\t\t\t\t\t\t\t<div class=\"texto_dinamico\"><ul><li><a href=\"https:\/\/drive.google.com\/file\/d\/1xzbOgTg4TvD-cJlc7djqX8XiU3QErFXC\/view?usp=sharing\" target=\"_blank\" rel=\"noopener\"><span style=\"color: #0000ff;\">Edital da Prova para obten\u00e7\u00e3o de Certificado na \u00c1rea de Atua\u00e7\u00e3o em Hansenologia 2024<\/span><\/a><\/li><li>LInk de acesso a <a href=\"https:\/\/drive.google.com\/drive\/folders\/1i_ACFJZBJcpgdozEbbZD99WWoKP_2kPf?usp=sharing\" target=\"_blank\" rel=\"noopener\">bibliografia<\/a><\/li><li>As inscri\u00e7\u00f5es<span style=\"font-weight: var( --e-global-typography-text-font-weight ); font-size: 1rem; color: #4a4a4a; font-family: Roboto;\">\u00a0at\u00e9 <b>05 de outubro de 2024.<\/b><\/span><\/li><\/ul><\/div>\t\t\t\t\t\t\t\t<\/div>\n\t\t\t\t<\/div>\n\t\t\t\t<section class=\"elementor-section elementor-inner-section elementor-element elementor-element-b3ad1af elementor-section-boxed elementor-section-height-default elementor-section-height-default\" data-id=\"b3ad1af\" data-element_type=\"section\" data-e-type=\"section\">\n\t\t\t\t\t\t<div class=\"elementor-container elementor-column-gap-default\">\n\t\t\t\t\t<div class=\"elementor-column elementor-col-33 elementor-inner-column elementor-element elementor-element-4f04902\" data-id=\"4f04902\" data-element_type=\"column\" data-e-type=\"column\">\n\t\t\t<div class=\"elementor-widget-wrap elementor-element-populated\">\n\t\t\t\t\t\t<div class=\"elementor-element elementor-element-efb4662 elementor-widget elementor-widget-heading\" data-id=\"efb4662\" data-element_type=\"widget\" data-e-type=\"widget\" data-widget_type=\"heading.default\">\n\t\t\t\t<div class=\"elementor-widget-container\">\n\t\t\t\t\t<h2 class=\"elementor-heading-title elementor-size-default\">Antes de iniciar a inscri\u00e7\u00e3o aqui, realize o pagamento abaixo. Voc\u00ea precisar\u00e1 anexar o comprovante.<\/h2>\t\t\t\t<\/div>\n\t\t\t\t<\/div>\n\t\t\t\t\t<\/div>\n\t\t<\/div>\n\t\t\t\t<div class=\"elementor-column elementor-col-33 elementor-inner-column elementor-element elementor-element-6b27dff\" data-id=\"6b27dff\" data-element_type=\"column\" data-e-type=\"column\">\n\t\t\t<div class=\"elementor-widget-wrap elementor-element-populated\">\n\t\t\t\t\t\t<div class=\"elementor-element elementor-element-ac1864f elementor-align-justify elementor-widget elementor-widget-button\" data-id=\"ac1864f\" data-element_type=\"widget\" data-e-type=\"widget\" data-widget_type=\"button.default\">\n\t\t\t\t<div class=\"elementor-widget-container\">\n\t\t\t\t\t\t\t\t\t<div class=\"elementor-button-wrapper\">\n\t\t\t\t\t<a class=\"elementor-button elementor-button-link elementor-size-sm\" href=\"https:\/\/docs.google.com\/forms\/d\/e\/1FAIpQLSeMyFPP1jev3aZlOPAIR1h4Gj7Flk7FUuVvglf5zdtfKRWV4w\/viewform\" target=\"_blank\">\n\t\t\t\t\t\t<span class=\"elementor-button-content-wrapper\">\n\t\t\t\t\t\t\t\t\t<span class=\"elementor-button-text\">Iniciar Inscri\u00e7\u00e3o<\/span>\n\t\t\t\t\t<\/span>\n\t\t\t\t\t<\/a>\n\t\t\t\t<\/div>\n\t\t\t\t\t\t\t\t<\/div>\n\t\t\t\t<\/div>\n\t\t\t\t\t<\/div>\n\t\t<\/div>\n\t\t\t\t<div class=\"elementor-column elementor-col-33 elementor-inner-column elementor-element elementor-element-92b4e75\" data-id=\"92b4e75\" data-element_type=\"column\" data-e-type=\"column\">\n\t\t\t<div class=\"elementor-widget-wrap elementor-element-populated\">\n\t\t\t\t\t\t<div class=\"elementor-element elementor-element-8f6681e elementor-align-justify elementor-widget elementor-widget-button\" data-id=\"8f6681e\" data-element_type=\"widget\" data-e-type=\"widget\" data-widget_type=\"button.default\">\n\t\t\t\t<div class=\"elementor-widget-container\">\n\t\t\t\t\t\t\t\t\t<div class=\"elementor-button-wrapper\">\n\t\t\t\t\t<a class=\"elementor-button elementor-button-link elementor-size-sm\" href=\"https:\/\/www.sbhansenologia.org.br\/provas\" target=\"_blank\">\n\t\t\t\t\t\t<span class=\"elementor-button-content-wrapper\">\n\t\t\t\t\t\t\t\t\t<span class=\"elementor-button-text\">Acesse as provas anteriores no site da SBH<\/span>\n\t\t\t\t\t<\/span>\n\t\t\t\t\t<\/a>\n\t\t\t\t<\/div>\n\t\t\t\t\t\t\t\t<\/div>\n\t\t\t\t<\/div>\n\t\t\t\t\t<\/div>\n\t\t<\/div>\n\t\t\t\t\t<\/div>\n\t\t<\/section>\n\t\t\t\t<div class=\"elementor-element elementor-element-5c202f3 elementor-widget-divider--view-line elementor-widget elementor-widget-divider\" data-id=\"5c202f3\" data-element_type=\"widget\" data-e-type=\"widget\" data-widget_type=\"divider.default\">\n\t\t\t\t<div class=\"elementor-widget-container\">\n\t\t\t\t\t\t\t<div class=\"elementor-divider\">\n\t\t\t<span class=\"elementor-divider-separator\">\n\t\t\t\t\t\t<\/span>\n\t\t<\/div>\n\t\t\t\t\t\t<\/div>\n\t\t\t\t<\/div>\n\t\t\t\t<div class=\"elementor-element elementor-element-f4473c6 elementor-widget elementor-widget-heading\" data-id=\"f4473c6\" data-element_type=\"widget\" data-e-type=\"widget\" data-widget_type=\"heading.default\">\n\t\t\t\t<div class=\"elementor-widget-container\">\n\t\t\t\t\t<h2 class=\"elementor-heading-title elementor-size-default\">Realizar o pagamento da inscri\u00e7\u00e3o na Prova de T\u00edtulo<\/h2>\t\t\t\t<\/div>\n\t\t\t\t<\/div>\n\t\t\t\t<section class=\"elementor-section elementor-inner-section elementor-element elementor-element-dcb7c45 elementor-section-boxed elementor-section-height-default elementor-section-height-default\" data-id=\"dcb7c45\" data-element_type=\"section\" data-e-type=\"section\">\n\t\t\t\t\t\t<div class=\"elementor-container elementor-column-gap-default\">\n\t\t\t\t\t<div class=\"elementor-column elementor-col-33 elementor-inner-column elementor-element elementor-element-bb7d476\" data-id=\"bb7d476\" data-element_type=\"column\" data-e-type=\"column\">\n\t\t\t<div class=\"elementor-widget-wrap elementor-element-populated\">\n\t\t\t\t\t\t<div class=\"elementor-element elementor-element-3653417 elementor-align-justify elementor-widget elementor-widget-button\" data-id=\"3653417\" data-element_type=\"widget\" data-e-type=\"widget\" data-widget_type=\"button.default\">\n\t\t\t\t<div class=\"elementor-widget-container\">\n\t\t\t\t\t\t\t\t\t<div class=\"elementor-button-wrapper\">\n\t\t\t\t\t<a class=\"elementor-button elementor-button-link elementor-size-sm\" href=\"https:\/\/sbhansenologia.com.br\/2024\/inscricao-prova\/\">\n\t\t\t\t\t\t<span class=\"elementor-button-content-wrapper\">\n\t\t\t\t\t\t\t\t\t<span class=\"elementor-button-text\">Somente Prova de T\u00edtulo<\/span>\n\t\t\t\t\t<\/span>\n\t\t\t\t\t<\/a>\n\t\t\t\t<\/div>\n\t\t\t\t\t\t\t\t<\/div>\n\t\t\t\t<\/div>\n\t\t\t\t\t<\/div>\n\t\t<\/div>\n\t\t\t\t<div class=\"elementor-column elementor-col-33 elementor-inner-column elementor-element elementor-element-2b1ccc7\" data-id=\"2b1ccc7\" data-element_type=\"column\" data-e-type=\"column\">\n\t\t\t<div class=\"elementor-widget-wrap elementor-element-populated\">\n\t\t\t\t\t\t<div class=\"elementor-element elementor-element-5e3f55f elementor-align-justify elementor-widget elementor-widget-button\" data-id=\"5e3f55f\" data-element_type=\"widget\" data-e-type=\"widget\" data-widget_type=\"button.default\">\n\t\t\t\t<div class=\"elementor-widget-container\">\n\t\t\t\t\t\t\t\t\t<div class=\"elementor-button-wrapper\">\n\t\t\t\t\t<a class=\"elementor-button elementor-button-link elementor-size-sm\" href=\"https:\/\/sbhansenologia.com.br\/2024\/inscricoes\/\">\n\t\t\t\t\t\t<span class=\"elementor-button-content-wrapper\">\n\t\t\t\t\t\t\t\t\t<span class=\"elementor-button-text\">Inscrever no Congresso e Prova de T\u00edtulo<\/span>\n\t\t\t\t\t<\/span>\n\t\t\t\t\t<\/a>\n\t\t\t\t<\/div>\n\t\t\t\t\t\t\t\t<\/div>\n\t\t\t\t<\/div>\n\t\t\t\t\t<\/div>\n\t\t<\/div>\n\t\t\t\t<div class=\"elementor-column elementor-col-33 elementor-inner-column elementor-element elementor-element-b7e8713\" data-id=\"b7e8713\" data-element_type=\"column\" data-e-type=\"column\">\n\t\t\t<div class=\"elementor-widget-wrap elementor-element-populated\">\n\t\t\t\t\t\t<div class=\"elementor-element elementor-element-071f2c4 elementor-align-justify elementor-widget elementor-widget-button\" data-id=\"071f2c4\" data-element_type=\"widget\" data-e-type=\"widget\" data-widget_type=\"button.default\">\n\t\t\t\t<div class=\"elementor-widget-container\">\n\t\t\t\t\t\t\t\t\t<div class=\"elementor-button-wrapper\">\n\t\t\t\t\t<a class=\"elementor-button elementor-button-link elementor-size-sm\" href=\"https:\/\/sbhansenologia.com.br\/2024\/login\/\">\n\t\t\t\t\t\t<span class=\"elementor-button-content-wrapper\">\n\t\t\t\t\t\t\t\t\t<span class=\"elementor-button-text\">Estou inscrito(a) no Congresso, adicionar prova<\/span>\n\t\t\t\t\t<\/span>\n\t\t\t\t\t<\/a>\n\t\t\t\t<\/div>\n\t\t\t\t\t\t\t\t<\/div>\n\t\t\t\t<\/div>\n\t\t\t\t\t<\/div>\n\t\t<\/div>\n\t\t\t\t\t<\/div>\n\t\t<\/section>\n\t\t\t\t<div class=\"elementor-element elementor-element-3f2ed58 elementor-hidden-desktop elementor-hidden-tablet elementor-hidden-mobile elementor-widget elementor-widget-text-editor\" data-id=\"3f2ed58\" data-element_type=\"widget\" data-e-type=\"widget\" data-widget_type=\"text-editor.default\">\n\t\t\t\t<div class=\"elementor-widget-container\">\n\t\t\t\t\t\t\t\t\t<div class=\"texto_dinamico\"><p><strong>Comiss\u00e3o Organizadora do Exame de Sufici\u00eancia para a obten\u00e7\u00e3o do Certificado de \u00c1rea de Atua\u00e7\u00e3o em Hansenologia-2023<\/strong><\/p><p>Dra. Helena Lug\u00e3o<br \/>Dra. Isabela Goulart<br \/>Dr. Jos\u00e9 Antonio Garbino<br \/>Dr. M\u00e1rcio Cesar Reino Gaggini<br \/>Dr. Marco Andrey Cipriani Frade<br \/>Dr. Marcos Cesar Florian (presidente)<br \/>Dr. Marcos da Cunha Lopes Virmond<br \/>Dra. Maria \u00c2ngela Bianconcini Trindade<br \/>Dra. Marilda Abreu<br \/>Dra. Patr\u00edcia Duarte Deps\u00a0<\/p><hr \/><p><strong>EDITAIS ANTERIORES<\/strong><\/p><ul><li><span style=\"color: #0000ff;\"><a style=\"color: #0000ff;\" href=\"https:\/\/drive.google.com\/file\/d\/1kpZD6T7pqi8RBxwFFzLQ0yv5V-piVtIJ\/view?usp=sharing\">Edital da Prova para obten\u00e7\u00e3o de Certificado na \u00c1rea de Atua\u00e7\u00e3o em Hansenologia 2022<\/a><\/span><\/li><li><span style=\"color: #0000ff;\"><a style=\"color: #0000ff;\" href=\"http:\/\/www.sbhansenologia.org.br\/upload\/files\/SBH_2018_EDITAL_CERTICADO___REA_ATUA____O.4.9.2018_FINAL.pdf\">Edital da Prova para obten\u00e7\u00e3o de Certificado na \u00c1rea de Atua\u00e7\u00e3o em Hansenologia 2018<\/a><\/span><\/li><li><span style=\"color: #0000ff;\"><a style=\"color: #0000ff;\" href=\"http:\/\/www.sbhansenologia.org.br\/upload\/files\/2017-EDITAL-CERTIFICADO.pdf\" target=\"_blank\" rel=\"noopener\">Edital da Prova para obten\u00e7\u00e3o de Certificado na \u00c1rea de Atua\u00e7\u00e3o em Hansenologia 2017<\/a><\/span><\/li><li><span style=\"color: #0000ff;\"><a style=\"color: #0000ff;\" href=\"http:\/\/www.sbhansenologia.org.br\/upload\/files\/EDITAL-APRESENTA%C3%87%C3%83O-CHAPAS-A-DIRETORIA-2015-2017.pdf\" target=\"_blank\" rel=\"noopener\">Edital de apresenta\u00e7\u00e3o &#8211; Chapas \u00e0 diretoria 2015-2017<\/a><\/span><\/li><li><span style=\"color: #0000ff;\"><a style=\"color: #0000ff;\" href=\"http:\/\/www.sbhansenologia.org.br\/upload\/files\/2014-EDITAL-CERTIFICADO-DE-AREA-DE-ATUACAO-2014.docx\" target=\"_blank\" rel=\"noopener\">Edital de\u00a0convoca\u00e7\u00e3o &#8211; Certificado de \u00e1rea de atua\u00e7\u00e3o ano de 2014<\/a><\/span><\/li><li><span style=\"color: #0000ff;\"><a style=\"color: #0000ff;\" href=\"http:\/\/www.sbhansenologia.org.br\/upload\/files\/EDITAL_DO_CONCURSO_2005.pdf\" target=\"_blank\" rel=\"noopener\">Edital do concurso para obten\u00e7\u00e3o do certificado na \u00e1rea de atua\u00e7\u00e3o em Hansenologia &#8211; 2005<\/a><\/span><\/li><\/ul><p><strong>OUTRAS CONVOCA\u00c7\u00d5ES<\/strong><\/p><ul><li><span style=\"color: #0000ff;\"><a style=\"color: #0000ff;\" href=\"http:\/\/www.sbhansenologia.org.br\/upload\/files\/Assembleia_geral_ordinaria-15.10.pdf\" target=\"_blank\" rel=\"noopener\">Assembleia Geral Ordin\u00e1ria 2018<\/a><\/span><\/li><li><span style=\"color: #0000ff;\">C<a style=\"color: #0000ff;\" href=\"http:\/\/www.sbhansenologia.org.br\/upload\/files\/Reuniao_conselho_deliberativo-15.10.pdf\" target=\"_blank\" rel=\"noopener\">onselho Deliberativo 2018\u00a0<\/a><\/span><\/li><\/ul><\/div><div class=\"share_sociais\">\u00a0<\/div>\t\t\t\t\t\t\t\t<\/div>\n\t\t\t\t<\/div>\n\t\t\t\t\t<\/div>\n\t\t<\/div>\n\t\t\t\t\t<\/div>\n\t\t<\/section>\n\t\t\t\t<\/div>\n\t\t","protected":false},"excerpt":{"rendered":"<p>A SBH-Sociedade Brasileira de Hansenologia anuncia para os dias 6 e 7 de novembro de 2024 o Exame de Sufici\u00eancia para Obten\u00e7\u00e3o de Certificado na \u00c1rea de Atua\u00e7\u00e3o em Hansenologia. Vimos por meio deste comunicar oficialmente as inscri\u00e7\u00f5es homologadas ap\u00f3s recursos para o Exame de Sufici\u00eancia para Obten\u00e7\u00e3o de Certificado na \u00c1rea de Atua\u00e7\u00e3o em [&hellip;]<\/p>\n","protected":false},"author":1,"featured_media":0,"parent":0,"menu_order":0,"comment_status":"closed","ping_status":"closed","template":"elementor_header_footer","meta":{"footnotes":""},"class_list":["post-46","page","type-page","status-publish","hentry"],"aioseo_notices":[],"_links":{"self":[{"href":"https:\/\/sbhansenologia.com.br\/2024\/wp-json\/wp\/v2\/pages\/46","targetHints":{"allow":["GET"]}}],"collection":[{"href":"https:\/\/sbhansenologia.com.br\/2024\/wp-json\/wp\/v2\/pages"}],"about":[{"href":"https:\/\/sbhansenologia.com.br\/2024\/wp-json\/wp\/v2\/types\/page"}],"author":[{"embeddable":true,"href":"https:\/\/sbhansenologia.com.br\/2024\/wp-json\/wp\/v2\/users\/1"}],"replies":[{"embeddable":true,"href":"https:\/\/sbhansenologia.com.br\/2024\/wp-json\/wp\/v2\/comments?post=46"}],"version-history":[{"count":100,"href":"https:\/\/sbhansenologia.com.br\/2024\/wp-json\/wp\/v2\/pages\/46\/revisions"}],"predecessor-version":[{"id":2446,"href":"https:\/\/sbhansenologia.com.br\/2024\/wp-json\/wp\/v2\/pages\/46\/revisions\/2446"}],"wp:attachment":[{"href":"https:\/\/sbhansenologia.com.br\/2024\/wp-json\/wp\/v2\/media?parent=46"}],"curies":[{"name":"wp","href":"https:\/\/api.w.org\/{rel}","templated":true}]}}